{"id":5300,"date":"2025-03-21T03:09:08","date_gmt":"2025-03-21T06:09:08","guid":{"rendered":"https:\/\/laadexpo.com.br\/defence\/?page_id=5300"},"modified":"2025-03-21T03:24:19","modified_gmt":"2025-03-21T06:24:19","slug":"confirmed-delegations","status":"publish","type":"page","link":"https:\/\/laadexpo.com.br\/defence\/en\/confirmed-delegations\/","title":{"rendered":"Confirmed Delegations"},"content":{"rendered":"<div data-elementor-type=\"wp-page\" data-elementor-id=\"5300\" class=\"elementor elementor-5300\" data-elementor-post-type=\"page\">\n\t\t\t\t\t\t\t\t\t<section class=\"elementor-section elementor-top-section elementor-element elementor-element-ace57ae elementor-section-boxed elementor-section-height-default elementor-section-height-default\" data-id=\"ace57ae\" data-element_type=\"section\">\n\t\t\t\t\t\t\t<div class=\"elementor-background-overlay\"><\/div>\n\t\t\t\t\t\t\t<div class=\"elementor-container elementor-column-gap-default\">\n\t\t\t\t\t<div class=\"elementor-column elementor-col-100 elementor-top-column elementor-element elementor-element-6d3f146\" data-id=\"6d3f146\" data-element_type=\"column\">\n\t\t\t<div class=\"elementor-widget-wrap elementor-element-populated\">\n\t\t\t\t\t\t\t\t<div class=\"elementor-element elementor-element-253b85c elementor-invisible elementor-widget elementor-widget-heading\" data-id=\"253b85c\" data-element_type=\"widget\" data-settings=\"{&quot;_animation&quot;:&quot;fadeInUp&quot;}\" data-widget_type=\"heading.default\">\n\t\t\t\t<div class=\"elementor-widget-container\">\n\t\t\t<style>\/*! elementor - v3.15.0 - 02-08-2023 *\/\n.elementor-heading-title{padding:0;margin:0;line-height:1}.elementor-widget-heading .elementor-heading-title[class*=elementor-size-]>a{color:inherit;font-size:inherit;line-height:inherit}.elementor-widget-heading .elementor-heading-title.elementor-size-small{font-size:15px}.elementor-widget-heading .elementor-heading-title.elementor-size-medium{font-size:19px}.elementor-widget-heading .elementor-heading-title.elementor-size-large{font-size:29px}.elementor-widget-heading .elementor-heading-title.elementor-size-xl{font-size:39px}.elementor-widget-heading .elementor-heading-title.elementor-size-xxl{font-size:59px}<\/style><h1 class=\"elementor-heading-title elementor-size-default\">Confirmed Delegations<\/h1>\t\t<\/div>\n\t\t\t\t<\/div>\n\t\t\t\t<div class=\"elementor-element elementor-element-e9b1d38 elementor-widget elementor-widget-eael-advanced-data-table\" data-id=\"e9b1d38\" data-element_type=\"widget\" data-widget_type=\"eael-advanced-data-table.default\">\n\t\t\t\t<div class=\"elementor-widget-container\">\n\t\t\t<div class=\"ea-advanced-data-table-wrap\" data-id=\"e9b1d38\"><div class=\"ea-advanced-data-table-search-wrap ea-advanced-data-table-search-left\"><input type=\"search\" placeholder=\"Procurar\" class=\"ea-advanced-data-table-search\"><\/div><div class=\"ea-advanced-data-table-wrap-inner\">\n                <table class=\"ea-advanced-data-table ea-advanced-data-table-ninja ea-advanced-data-table-e9b1d38 ea-advanced-data-table-sortable ea-advanced-data-table-paginated ea-advanced-data-table-searchable\" data-id=\"e9b1d38\" data-items-per-page=\"30\"><thead><tr><th>COUNTRY<\/th><th>POSITION<\/th><\/tr><\/thead><tbody><tr><td>\u00c1FRICA DO SUL<\/td><td>ACTING CHIEF DEFENCE MATERIEL<\/td><\/tr><tr><td>\u00c1FRICA DO SUL<\/td><td>CHIEF OF LOGISTICS SANDF<\/td><\/tr><tr><td>\u00c1FRICA DO SUL<\/td><td>SO1  DEFENCE INDUSTRY GORVERN<\/td><\/tr><tr><td>\u00c1FRICA DO SUL<\/td><td>DIVISIONAL COMMISSIONER: TMS<\/td><\/tr><tr><td>\u00c1FRICA DO SUL<\/td><td>NATIONAL COMMISSIONER<\/td><\/tr><tr><td>ALEMANHA<\/td><td>DEPARTMENT HEAD LOGSYSBW<\/td><\/tr><tr><td>ALEMANHA<\/td><td>DCOM<\/td><\/tr><tr><td>ANGOLA<\/td><td>MINISTRO DA DEFESA<\/td><\/tr><tr><td>ANGOLA<\/td><td>DIR. NACIONAL DE POLIT. DEFES<\/td><\/tr><tr><td>ANGOLA<\/td><td>SECRET. ESTADO IND\u00daST.MILITAR<\/td><\/tr><tr><td>ANGOLA<\/td><td>ESCOLTA DO MINISTRO DA DEFESA<\/td><\/tr><tr><td>ANGOLA<\/td><td>CHEFE DA DPAT\/EMG<\/td><\/tr><tr><td>ANGOLA<\/td><td>CH. ESTADO-MAIOR DA MARINHA<\/td><\/tr><tr><td>ANGOLA<\/td><td>CHEFE ADJUNTO DO SISM<\/td><\/tr><tr><td>ANGOLA<\/td><td>CH. DIR.TROPAS E ENSINO<\/td><\/tr><tr><td>ANGOLA<\/td><td>CH. ESTADO-MAIOR FOR\u00c7A A\u00c9REA<\/td><\/tr><tr><td>ANGOLA<\/td><td>CH.DIR.PLANEAMENTO E ORG.<\/td><\/tr><tr><td>ANGOLA<\/td><td>DIRECTOR DO GAB. DO MINISTRO<\/td><\/tr><tr><td>ANGOLA<\/td><td>ASSESSOR DIPLOM\u00c1TICO MIN.DEF<\/td><\/tr><tr><td>ANT\u00cdGUA E BARBUDA<\/td><td>CHIEF OF DEFENCE STAFF<\/td><\/tr><tr><td>ARGENTINA<\/td><td>DIRECTOR GENERAL DE LOG\u00cdSTICA<\/td><\/tr><tr><td>ARGENTINA<\/td><td>DIRECTOR GENERAL DE MATERIAL<\/td><\/tr><tr><td>ARGENTINA<\/td><td>DIR COORDINACION LOGISTICA<\/td><\/tr><tr><td>ARGENTINA<\/td><td>DIR GRL INVEST DES<\/td><\/tr><tr><td>ARGENTINA<\/td><td>JEFE DPTO PLANEAMIENTO DGM<\/td><\/tr><tr><td>ARGENTINA<\/td><td>DIRECTOR GENERAL DE MATERIAL<\/td><\/tr><tr><td>ARGENTINA<\/td><td>COMANDANTE DE MATERIAL FAA<\/td><\/tr><tr><td>ARGENTINA<\/td><td>SEC. DE COORD. ADMINISTRATIVA<\/td><\/tr><tr><td><\/td><td><\/td><\/tr><tr><td>\u00c1USTRIA<\/td><td>LIEUTENANT COLONEL<\/td><\/tr><tr><td>\u00c1USTRIA<\/td><td>DIRECTORATE 5\/DIRECTOR AIR MA<\/td><\/tr><tr><td>\u00c1USTRIA<\/td><td>DIR. AVIATION &amp; DEFENSE COOP.<\/td><\/tr><tr><td>AZERBAIJ\u00c3O<\/td><td>HEAD OF DEPARTMENT<\/td><\/tr><tr><td>AZERBAIJ\u00c3O<\/td><td>CHIEF OF STAFF<\/td><\/tr><tr><td>AZERBAIJ\u00c3O<\/td><td>DEPUTY MINISTER<\/td><\/tr><tr><td>BAHAMAS<\/td><td>COMTE FOR\u00c7AS DE DEFESA<\/td><\/tr><tr><td>BAHAMAS<\/td><td>COMMISSIONER OF POLICE<\/td><\/tr><tr><td>BARBADOS<\/td><td>CHIEF OF STAFF<\/td><\/tr><tr><td>BARBADOS<\/td><td>DEPUTY COMMISSIONER OF POLICE<\/td><\/tr><tr><td>BARBADOS<\/td><td>COMMANDING OFFICER<\/td><\/tr><tr><td>BELIZE<\/td><td>MINISTER<\/td><\/tr><tr><td>BELIZE<\/td><td>COMMANDER BELIZE DEFENCE FORC<\/td><\/tr><tr><td>BENIN<\/td><td>ADVISOR OF THE CNS<\/td><\/tr><tr><td><\/td><td><\/td><\/tr><tr><td>BOL\u00cdVIA<\/td><td>MINISTRO DE DEFENSA<\/td><\/tr><tr><td>BOL\u00cdVIA<\/td><td>CMDTE.  ARMADA  BOLIVIANA<\/td><\/tr><tr><td>BOL\u00cdVIA<\/td><td>CMTE. GENERAL DE EJ\u00c9RCITO<\/td><\/tr><tr><td>BOL\u00cdVIA<\/td><td>COMANDANTE GENERAL DE LA FAB<\/td><\/tr><tr><td>BRASIL<\/td><td>BRIGADEIRO<\/td><\/tr><tr><td>BRASIL<\/td><td>BRIGADEIRO<\/td><\/tr><tr><td>BRASIL<\/td><td>BRIGADEIRO DE INFANTARIA<\/td><\/tr><tr><td>BRASIL<\/td><td>GENERAL DE BRIGADA<\/td><\/tr><tr><td>BRASIL<\/td><td>BRIGADEIRO<\/td><\/tr><tr><td>BRASIL<\/td><td>GENERAL DE BRIGADA<\/td><\/tr><tr><td>BRASIL<\/td><td>BRIGADEIRO<\/td><\/tr><tr><td>BRASIL<\/td><td>GENERAL DE BRIGADA  R1<\/td><\/tr><tr><td>BRASIL<\/td><td>GENERAL DE BRIGADA<\/td><\/tr><tr><td>BRASIL<\/td><td>GENERAL DE DIVIS\u00c3O<\/td><\/tr><tr><td>BRASIL<\/td><td>GENERAL DE DIVIS\u00c3O<\/td><\/tr><tr><td>BURUNDI<\/td><td>CHIEF LOGISTICS OFFICER<\/td><\/tr><tr><td>BURUNDI<\/td><td>MINISTER<\/td><\/tr><tr><td>CABO VERDE<\/td><td>DN DA POLICIA JUDICIARIA<\/td><\/tr><tr><td>CABO VERDE<\/td><td>COMANDANTE 1\u00aa REGI\u00c3O MILITAR<\/td><\/tr><tr><td>CABO VERDE<\/td><td>CHEFE DO ESTADO-MAIOR DAS FA<\/td><\/tr><tr><td>CABO VERDE<\/td><td>MINISTRA  DA DEFESA NACIONAL<\/td><\/tr><tr><td>CAMAR\u00d5ES<\/td><td>COMANDANTE DE NAVEGA\u00c7\u00d5ES<\/td><\/tr><tr><td>CAMAR\u00d5ES<\/td><td>MAJOR-GENERAL DA MARINHA<\/td><\/tr><tr><td>CAMAR\u00d5ES<\/td><td>COMAANDANTE DE BASE NAVAL<\/td><\/tr><tr><td>CAMAR\u00d5ES<\/td><td>CHIEF OF NAVAL STAFF<\/td><\/tr><tr><td>CATAR<\/td><td>COMMANDER OF COSTAL DEFENSE<\/td><\/tr><tr><td>CATAR<\/td><td>DIRECTOR<\/td><\/tr><tr><td>CATAR<\/td><td>DEPUTY COMMANDER MARINES FORC<\/td><\/tr><tr><td>CHILE<\/td><td>COMANDANTE EN JEFE FACH<\/td><\/tr><tr><td>CHILE<\/td><td>JEFE DEPTO PROYECTOS<\/td><\/tr><tr><td>CHILE<\/td><td>GENERAL INSPECTOR<\/td><\/tr><tr><td>CHILE<\/td><td>DIRECTOR DE LOG\u00cdSTICA<\/td><\/tr><tr><td>CHIPRE<\/td><td>EMBAIXADOR DO CHIPRE<\/td><\/tr><tr><td>COL\u00d4MBIA<\/td><td>JEFE DEPARTAMENTO CEDE6<\/td><\/tr><tr><td><\/td><td><\/td><\/tr><tr><td>EGITO<\/td><td>MINISTRY OF DEFENSE ASSISTANT<\/td><\/tr><tr><td>EGITO<\/td><td>EGYPTIAN ARMAMENT AUTHORITY<\/td><\/tr><tr><td>EL SALVADOR<\/td><td>JEFE DE CONJUNTO<\/td><\/tr><tr><td>EL SALVADOR<\/td><td>VICEMINISTRO DE LA DEFENSA<\/td><\/tr><tr><td>EL SALVADOR<\/td><td>COMANDANTE DE LA PBA<\/td><\/tr><tr><td>EL SALVADOR<\/td><td>CMTE. DE LA 1RA BGDA INF. MAR<\/td><\/tr><tr><td>EL SALVADOR<\/td><td>COMANDANTE EN JEFE<\/td><\/tr><tr><td>EQUADOR<\/td><td>MINISTRO DE DEFENSA NACIONAL<\/td><\/tr><tr><td>EQUADOR<\/td><td>DIRECTOR INTERESES MAR\u00cdTIMOS<\/td><\/tr><tr><td>EQUADOR<\/td><td>COMANDANTE GENERAL DE LA ARMA<\/td><\/tr><tr><td>EQUADOR<\/td><td>GENERAL DE EJ\u00c9RCITO<\/td><\/tr><tr><td>EQUADOR<\/td><td>DIRECTOR  DE LOGISTICA<\/td><\/tr><tr><td>ESLOV\u00caNIA<\/td><td>SVN CHOD LTGEN ROBERT GLAVA\u0160<\/td><\/tr><tr><td>ESPANHA<\/td><td>GENERAL DE BRIGADA<\/td><\/tr><tr><td>ESPANHA<\/td><td>ALMIRANTE DIRECTOR INGENIER\u00cdA<\/td><\/tr><tr><td>FILIPINAS<\/td><td>DASAT FOR STRATEGIC UAS<\/td><\/tr><tr><td><\/td><td><\/td><\/tr><tr><td>FINL\u00c2NDIA<\/td><td>DIR GER ARMAMENTOS<\/td><\/tr><tr><td>FINL\u00c2NDIA<\/td><td>DIR. UNID. DE DEFESA NACIONAL<\/td><\/tr><tr><td>FINL\u00c2NDIA<\/td><td>SEC. PERMANENTE\/VICE-MINISTRO<\/td><\/tr><tr><td>FINL\u00c2NDIA<\/td><td>OFICIAL DE ESTADO-MAIOR<\/td><\/tr><tr><td>FRAN\u00c7A<\/td><td>COLLABORATIVE<\/td><\/tr><tr><td>FRAN\u00c7A<\/td><td>ALRI<\/td><\/tr><tr><td>FRAN\u00c7A<\/td><td>VICE-PRESIDENT INTERNATIONAL<\/td><\/tr><tr><td>FRAN\u00c7A<\/td><td>CHEFE DEPART. AM\u00c9RICA LATINA<\/td><\/tr><tr><td>FRAN\u00c7A<\/td><td>SUBDIRETOR AM\u00c9RICA DO SUL-DGA<\/td><\/tr><tr><td>GANA<\/td><td>CHIEF OF NAVAL STAFF<\/td><\/tr><tr><td>GANA<\/td><td>CHIEF OF DEFENCE STAFF<\/td><\/tr><tr><td>GANA<\/td><td>FLAG LIEUTENANT<\/td><\/tr><tr><td>GE\u00d3RGIA<\/td><td>HEAD DEPUTY PROJECT MANAGER<\/td><\/tr><tr><td>GE\u00d3RGIA<\/td><td>GENERAL DIRECTOR<\/td><\/tr><tr><td>GE\u00d3RGIA<\/td><td>DEPUTY DEFENSE MINISTER<\/td><\/tr><tr><td>GUATEMALA<\/td><td>INSPECTOR GENERAL DEL EJERCIT<\/td><\/tr><tr><td>GUATEMALA<\/td><td>DIRECTOR DE POLICIA<\/td><\/tr><tr><td>HONDURAS<\/td><td>CHEFE F\u00c1BRICA IMFFAA-CIP0MF<\/td><\/tr><tr><td>HONDURAS<\/td><td>JEFE DE PLANTA<\/td><\/tr><tr><td>HONDURAS<\/td><td>CONTROL DE CALIDAD<\/td><\/tr><tr><td>HUNGRIA<\/td><td>AIR CHIEF<\/td><\/tr><tr><td>IR\u00c3<\/td><td>DEPUTY OF  MINISTER OF DIFENC<\/td><\/tr><tr><td>IR\u00c3<\/td><td>DEPUTY<\/td><\/tr><tr><td>IR\u00c3<\/td><td>DEPUTY<\/td><\/tr><tr><td>IR\u00c3<\/td><td>DEPUTY<\/td><\/tr><tr><td>ISRAEL<\/td><td>CHEFE DIV. AM. LATINA SIBAT<\/td><\/tr><tr><td>ISRAEL<\/td><td>SUBCHEFE DIV AM. LATINA SIBAT<\/td><\/tr><tr><td>IT\u00c1LIA<\/td><td>VICE LOGISTICS COMMANDER<\/td><\/tr><tr><td>IT\u00c1LIA<\/td><td>SUBJECT MATTER EXPERT BRASIL<\/td><\/tr><tr><td>IT\u00c1LIA<\/td><td>DIRECTOR OF LAND PROGRAMMES<\/td><\/tr><tr><td>IT\u00c1LIA<\/td><td>ITALIAN NAVY GENERAL STAFF<\/td><\/tr><tr><td>IT\u00c1LIA<\/td><td>ARMY HQ - LOGISTIC DIVISION<\/td><\/tr><tr><td>IT\u00c1LIA<\/td><td>BRANCH HEAD LAND ARMAMENT<\/td><\/tr><tr><td>IT\u00c1LIA<\/td><td>ITA ARMY GENERAL STAFF<\/td><\/tr><tr><td>IT\u00c1LIA<\/td><td>SOTTOSEGRETARIO ALLA DIFESA<\/td><\/tr><tr><td>MARROCOS<\/td><td>INSPECTION GENERAL DES FAR<\/td><\/tr><tr><td>MARROCOS<\/td><td>CHEF 4\u00b0BUREAU  EMG DES FAR<\/td><\/tr><tr><td><\/td><td><\/td><\/tr><tr><td>MARROCOS<\/td><td>DIRECTOR FINANCIAL AFFAIRS<\/td><\/tr><tr><td>MAURIT\u00c2NIA<\/td><td>CHEF DIVISION DE COOPERATION<\/td><\/tr><tr><td>MAURIT\u00c2NIA<\/td><td>COMANDANTE DA FOR\u00c7A A\u00c9REA<\/td><\/tr><tr><td>MAURIT\u00c2NIA<\/td><td>MINISTRE OF DEFENSE<\/td><\/tr><tr><td>MO\u00c7AMBIQUE<\/td><td>MINISTRO DA DEFESA NACIONAL<\/td><\/tr><tr><td>MO\u00c7AMBIQUE<\/td><td>DIRECTOR NACIONAL DE POLITICA<\/td><\/tr><tr><td>MO\u00c7AMBIQUE<\/td><td>ASSISTENTE DO MINISTRO<\/td><\/tr><tr><td>MO\u00c7AMBIQUE<\/td><td>COMANDANTE DA FORCA AEREA<\/td><\/tr><tr><td>NAM\u00cdBIA<\/td><td>PRINCIPAL STAFF OFFICER<\/td><\/tr><tr><td>NAM\u00cdBIA<\/td><td>DEPUTY INSPECTOR-GENERAL<\/td><\/tr><tr><td>NAM\u00cdBIA<\/td><td>INSPECTOR GENERAL OF POLICE<\/td><\/tr><tr><td>NIG\u00c9RIA<\/td><td>D PROCUREMENT<\/td><\/tr><tr><td>NIG\u00c9RIA<\/td><td>CHIEF OF DEFENSE STAFF<\/td><\/tr><tr><td>NIG\u00c9RIA<\/td><td>DIRECTOR<\/td><\/tr><tr><td>NIG\u00c9RIA<\/td><td>PGSO CDS<\/td><\/tr><tr><td>NIG\u00c9RIA<\/td><td>AD AIRCRAFT EQPT PROCUREMENT<\/td><\/tr><tr><td>NIG\u00c9RIA<\/td><td>DIRECTOR HERITAGE AND FUTURE<\/td><\/tr><tr><td>NIG\u00c9RIA<\/td><td>DIRECTOR AIRCRAFT LIFE CYCLE<\/td><\/tr><tr><td>NIG\u00c9RIA<\/td><td>CHIEF OF DEFENCE OPERATIONS<\/td><\/tr><tr><td>NIG\u00c9RIA<\/td><td>CHIEF OF AIR STAFF<\/td><\/tr><tr><td>NIG\u00c9RIA<\/td><td>MINISTER OF STATE FOR DEFENCE<\/td><\/tr><tr><td>PANAM\u00c1<\/td><td>DIRECTOR GENERAL DEL SENAN<\/td><\/tr><tr><td>PANAM\u00c1<\/td><td>SUBDIRECTOR GENERAL<\/td><\/tr><tr><td>PANAM\u00c1<\/td><td>DIRECTORA<\/td><\/tr><tr><td>PANAM\u00c1<\/td><td>CMDT. DEL COMANDO A\u00c9REO<\/td><\/tr><tr><td>PANAM\u00c1<\/td><td>MINISTRO DE SEGURIDAD P\u00daBLICA<\/td><\/tr><tr><td>PAQUIST\u00c3O<\/td><td>DG DEPO<\/td><\/tr><tr><td>PAQUIST\u00c3O<\/td><td>DIRECTOR GENERAL<\/td><\/tr><tr><td>PAQUIST\u00c3O<\/td><td>SECRET\u00c1RIO<\/td><\/tr><tr><td>PARAGUAI<\/td><td>MINISTRO DE DEFENSA NACIONAL<\/td><\/tr><tr><td>PARAGUAI<\/td><td>JEFE DE ESTADO MAYOR<\/td><\/tr><tr><td>PARAGUAI<\/td><td>JEFE DEL ESTADO MAYOR<\/td><\/tr><tr><td>PARAGUAI<\/td><td>CMDTE DEL EJ\u00c9RCITO PARAGUAYO<\/td><\/tr><tr><td>PARAGUAI<\/td><td>REPRESENTANTE DEL JEM EJTO<\/td><\/tr><tr><td>PARAGUAI<\/td><td>VICE MINISTRO DE SEGURIDAD<\/td><\/tr><tr><td>PARAGUAI<\/td><td>ADIDO POLICIAL<\/td><\/tr><tr><td>PARAGUAI<\/td><td>JEFE DE ESTADO MAYOR<\/td><\/tr><tr><td>PERU<\/td><td>VICEMINISTRO DE RECURSOS<\/td><\/tr><tr><td>PERU<\/td><td>JEFE  DIVISION DE OPERACIONES<\/td><\/tr><tr><td>PERU<\/td><td>DIRECTOR GENERAL DE LOG\u00cdSTICA<\/td><\/tr><tr><td>PERU<\/td><td>DIRECTOR GENERAL<\/td><\/tr><tr><td>PERU<\/td><td>JEFE DEL ESTADO MAYOR GENERAL<\/td><\/tr><tr><td>PERU<\/td><td>COMANDANTE GENERAL DE LA MGP<\/td><\/tr><tr><td>PERU<\/td><td>COMANDANTE GERAL DEL ALA A\u00c9RE<\/td><\/tr><tr><td>PERU<\/td><td>COMANDANTE GENERAL  EJ\u00c9RCITO<\/td><\/tr><tr><td>POL\u00d4NIA<\/td><td>POL ARTILLERY DIRECTORATE<\/td><\/tr><tr><td>POL\u00d4NIA<\/td><td>CHIEF OF DIRECTORATE OF ARMOR<\/td><\/tr><tr><td>POL\u00d4NIA<\/td><td>COMMANDER<\/td><\/tr><tr><td>PORTUGAL<\/td><td>CHEFE DE GABINETE<\/td><\/tr><tr><td>PORTUGAL<\/td><td>UNIDADE ESPECIAL DE POLICIA<\/td><\/tr><tr><td>PORTUGAL<\/td><td>SECRET\u00c1RIO ESTADO ADJUNTO<\/td><\/tr><tr><td>PORTUGAL<\/td><td>CEMFA<\/td><\/tr><tr><td>PORTUGAL<\/td><td>SUPERINTENDENTE DO MATERIAL<\/td><\/tr><tr><td>REINO UNIDO<\/td><td>DIRECTOR - UKDSE<\/td><\/tr><tr><td><\/td><td><\/td><\/tr><tr><td>REINO UNIDO<\/td><td>DIRETOR AQUISICOES MARINHA UK<\/td><\/tr><tr><td>REP\u00daBLICA DOMINICANA<\/td><td>COMANDANTE GENERAL FARD<\/td><\/tr><tr><td>REP\u00daBLICA TCHECA<\/td><td>CHEFE DA SE\u00c7\u00c3O<\/td><\/tr><tr><td>REP\u00daBLICA TCHECA<\/td><td>DIRECTOR GEN. FOR IND. COOP.<\/td><\/tr><tr><td>RUANDA<\/td><td>MINISTER OF DEFENCE<\/td><\/tr><tr><td>SENEGAL<\/td><td>HEAD OF ADMIN AND LOGISTICS D<\/td><\/tr><tr><td>SU\u00c9CIA<\/td><td>CONSULTOR S\u00caNIOR DO DEPT. ARM<\/td><\/tr><tr><td>SU\u00c9CIA<\/td><td>STATE SECRETARY FOR MOD<\/td><\/tr><tr><td>SURINAME<\/td><td>MINISTER OF JUSTICE<\/td><\/tr><tr><td>TAIL\u00c2NDIA<\/td><td>DIRETOR DE POL\u00cdTICA E PLANEJ.<\/td><\/tr><tr><td>TAIL\u00c2NDIA<\/td><td>COMMANDER-IN-CHIEF<\/td><\/tr><tr><td>TAIL\u00c2NDIA<\/td><td>MG DA DA THAI AVIATION IND.<\/td><\/tr><tr><td>TANZ\u00c2NIA<\/td><td>DIRECTOR<\/td><\/tr><tr><td>TANZ\u00c2NIA<\/td><td>PARMANENT SECRETARY<\/td><\/tr><tr><td>TIMOR-LESTE<\/td><td>MINISTRO DA DEFESA<\/td><\/tr><tr><td>TURQUIA<\/td><td>REGIONAL MANAGER<\/td><\/tr><tr><td>TURQUIA<\/td><td>SENIOR ASSOCIATE<\/td><\/tr><tr><td>TURQUIA<\/td><td>COUNTRY MANAGER<\/td><\/tr><tr><td>TURQUIA<\/td><td>MANAGER<\/td><\/tr><tr><td>TURQUIA<\/td><td>COUNTRY MANAGER<\/td><\/tr><tr><td>TURQUIA<\/td><td>HEAD OF DEPARTMENT<\/td><\/tr><tr><td>TURQUIA<\/td><td>HEAD OF DEPARTMENT<\/td><\/tr><tr><td>UGANDA<\/td><td>SQUADRON COMMANDER<\/td><\/tr><tr><td>UGANDA<\/td><td>SQUADRON COMMANDER<\/td><\/tr><tr><td>UGANDA<\/td><td>MILITARY ASSISTANT TO THE CDF<\/td><\/tr><tr><td>UGANDA<\/td><td>CHIEF OF STAFF AIR FORCE<\/td><\/tr><tr><td>UGANDA<\/td><td>MINISTER<\/td><\/tr><tr><td>VIETN\u00c3<\/td><td>STAFF OFFICER<\/td><\/tr><tr><td><\/td><td><\/td><\/tr><tr><td>VIETN\u00c3<\/td><td>DEPUTY COMMANDER<\/td><\/tr><tr><td>Z\u00c2MBIA<\/td><td>ARMY COMMANDER<\/td><\/tr><tr><td>Z\u00c2MBIA<\/td><td>ADMISTRATIVO DO MINIST\u00c9RIO<\/td><\/tr><tr><td>Z\u00c2MBIA<\/td><td>DIRECTOR GENERAL FINANCE<\/td><\/tr><tr><td>Z\u00c2MBIA<\/td><td>AIDE-DE-CAMP<\/td><\/tr><tr><td>Z\u00c2MBIA<\/td><td>DIRECTOR P\u00daBLICO RELATIONS<\/td><\/tr><tr><td>Z\u00c2MBIA<\/td><td>DIR GENERAL RESEARCH DEVELOPM<\/td><\/tr><tr><td>Z\u00c2MBIA<\/td><td>CHIEF OF SUPPY SERVICES<\/td><\/tr><tr><td>Z\u00c2MBIA<\/td><td>CHEFE EDUCACIONAL<\/td><\/tr><tr><td>Z\u00c2MBIA<\/td><td>DIRECTOR GENERAL TRAINING<\/td><\/tr><tr><td>Z\u00c2MBIA<\/td><td>MINISTRO DA DEFESA<\/td><\/tr><tr><td>ZIMB\u00c1BUE<\/td><td>DIRECTOR<\/td><\/tr><tr><td>ZIMB\u00c1BUE<\/td><td>MINISTER OF JUSTICE<\/td><\/tr><\/tbody><\/table>\n            <\/div><div class=\"ea-advanced-data-table-pagination ea-advanced-data-table-pagination-button clearfix\"><\/div><\/div>\t\t<\/div>\n\t\t\t\t<\/div>\n\t\t\t\t<div class=\"elementor-element elementor-element-ecab2ab elementor-align-center elementor-mobile-align-justify elementor-invisible elementor-widget elementor-widget-button\" data-id=\"ecab2ab\" data-element_type=\"widget\" data-settings=\"{&quot;_animation&quot;:&quot;fadeInLeft&quot;}\" data-widget_type=\"button.default\">\n\t\t\t\t<div class=\"elementor-widget-container\">\n\t\t\t\t\t<div class=\"elementor-button-wrapper\">\n\t\t\t<a class=\"elementor-button elementor-button-link elementor-size-sm\" href=\"https:\/\/credenciamentoeventos.com.br\/cadastro\/delegacoes\/index.php\" target=\"_blank\">\n\t\t\t\t\t\t<span class=\"elementor-button-content-wrapper\">\n\t\t\t\t\t\t<span class=\"elementor-button-text\">Cadastrar Delega\u00e7\u00e3o<\/span>\n\t\t<\/span>\n\t\t\t\t\t<\/a>\n\t\t<\/div>\n\t\t\t\t<\/div>\n\t\t\t\t<\/div>\n\t\t\t\t\t<\/div>\n\t\t<\/div>\n\t\t\t\t\t\t\t<\/div>\n\t\t<\/section>\n\t\t\t\t\t\t\t<\/div>","protected":false},"excerpt":{"rendered":"<p>Confirmed Delegations COUNTRY POSITION \u00c1FRICA DO SUL ACTING CHIEF DEFENCE MATERIEL \u00c1FRICA DO SUL CHIEF OF LOGISTICS SANDF \u00c1FRICA DO SUL SO1 DEFENCE INDUSTRY GORVERN \u00c1FRICA DO SUL DIVISIONAL COMMISSIONER: TMS \u00c1FRICA DO SUL NATIONAL COMMISSIONER ALEMANHA DEPARTMENT HEAD LOGSYSBW ALEMANHA DCOM ANGOLA MINISTRO DA DEFESA ANGOLA DIR. NACIONAL DE POLIT. DEFES ANGOLA SECRET. ESTADO [&hellip;]<\/p>","protected":false},"author":9,"featured_media":0,"parent":0,"menu_order":0,"comment_status":"closed","ping_status":"closed","template":"","meta":{"_joinchat":[]},"_links":{"self":[{"href":"https:\/\/laadexpo.com.br\/defence\/en\/wp-json\/wp\/v2\/pages\/5300"}],"collection":[{"href":"https:\/\/laadexpo.com.br\/defence\/en\/wp-json\/wp\/v2\/pages"}],"about":[{"href":"https:\/\/laadexpo.com.br\/defence\/en\/wp-json\/wp\/v2\/types\/page"}],"author":[{"embeddable":true,"href":"https:\/\/laadexpo.com.br\/defence\/en\/wp-json\/wp\/v2\/users\/9"}],"replies":[{"embeddable":true,"href":"https:\/\/laadexpo.com.br\/defence\/en\/wp-json\/wp\/v2\/comments?post=5300"}],"version-history":[{"count":5,"href":"https:\/\/laadexpo.com.br\/defence\/en\/wp-json\/wp\/v2\/pages\/5300\/revisions"}],"predecessor-version":[{"id":5327,"href":"https:\/\/laadexpo.com.br\/defence\/en\/wp-json\/wp\/v2\/pages\/5300\/revisions\/5327"}],"wp:attachment":[{"href":"https:\/\/laadexpo.com.br\/defence\/en\/wp-json\/wp\/v2\/media?parent=5300"}],"curies":[{"name":"wp","href":"https:\/\/api.w.org\/{rel}","templated":true}]}}