{"id":3396,"date":"2023-10-16T00:09:04","date_gmt":"2023-10-16T03:09:04","guid":{"rendered":"http:\/\/laadexpo1.hospedagemdesites.ws\/defence\/?page_id=3396"},"modified":"2023-10-16T00:09:39","modified_gmt":"2023-10-16T03:09:39","slug":"quien-expone","status":"publish","type":"page","link":"https:\/\/laadexpo.com.br\/defence\/es\/quien-expone\/","title":{"rendered":"Quien Expone"},"content":{"rendered":"<div data-elementor-type=\"wp-page\" data-elementor-id=\"3396\" class=\"elementor elementor-3396\" data-elementor-post-type=\"page\">\n\t\t\t\t\t\t\t\t\t<section class=\"elementor-section elementor-top-section elementor-element elementor-element-e7b8877 elementor-section-boxed elementor-section-height-default elementor-section-height-default\" data-id=\"e7b8877\" data-element_type=\"section\">\n\t\t\t\t\t\t\t<div class=\"elementor-background-overlay\"><\/div>\n\t\t\t\t\t\t\t<div class=\"elementor-container elementor-column-gap-default\">\n\t\t\t\t\t<div class=\"elementor-column elementor-col-100 elementor-top-column elementor-element elementor-element-f192602\" data-id=\"f192602\" data-element_type=\"column\">\n\t\t\t<div class=\"elementor-widget-wrap elementor-element-populated\">\n\t\t\t\t\t\t\t\t<div class=\"elementor-element elementor-element-16e0be0 elementor-invisible elementor-widget elementor-widget-heading\" data-id=\"16e0be0\" data-element_type=\"widget\" data-settings=\"{&quot;_animation&quot;:&quot;fadeInUp&quot;}\" data-widget_type=\"heading.default\">\n\t\t\t\t<div class=\"elementor-widget-container\">\n\t\t\t<style>\/*! elementor - v3.15.0 - 02-08-2023 *\/\n.elementor-heading-title{padding:0;margin:0;line-height:1}.elementor-widget-heading .elementor-heading-title[class*=elementor-size-]>a{color:inherit;font-size:inherit;line-height:inherit}.elementor-widget-heading .elementor-heading-title.elementor-size-small{font-size:15px}.elementor-widget-heading .elementor-heading-title.elementor-size-medium{font-size:19px}.elementor-widget-heading .elementor-heading-title.elementor-size-large{font-size:29px}.elementor-widget-heading .elementor-heading-title.elementor-size-xl{font-size:39px}.elementor-widget-heading .elementor-heading-title.elementor-size-xxl{font-size:59px}<\/style><h1 class=\"elementor-heading-title elementor-size-default\">Qui\u00e9n Expone en LAAD Defensa y Seguridad<\/h1>\t\t<\/div>\n\t\t\t\t<\/div>\n\t\t\t\t<div class=\"elementor-element elementor-element-80f8b0c elementor-invisible elementor-widget elementor-widget-text-editor\" data-id=\"80f8b0c\" data-element_type=\"widget\" data-settings=\"{&quot;_animation&quot;:&quot;fadeInUp&quot;}\" data-widget_type=\"text-editor.default\">\n\t\t\t\t<div class=\"elementor-widget-container\">\n\t\t\t<style>\/*! elementor - v3.15.0 - 02-08-2023 *\/\n.elementor-widget-text-editor.elementor-drop-cap-view-stacked .elementor-drop-cap{background-color:#69727d;color:#fff}.elementor-widget-text-editor.elementor-drop-cap-view-framed .elementor-drop-cap{color:#69727d;border:3px solid;background-color:transparent}.elementor-widget-text-editor:not(.elementor-drop-cap-view-default) .elementor-drop-cap{margin-top:8px}.elementor-widget-text-editor:not(.elementor-drop-cap-view-default) .elementor-drop-cap-letter{width:1em;height:1em}.elementor-widget-text-editor .elementor-drop-cap{float:left;text-align:center;line-height:1;font-size:50px}.elementor-widget-text-editor .elementor-drop-cap-letter{display:inline-block}<\/style>\t\t\t\t<p>La exposici\u00f3n re\u00fane empresas nacionales e internacionales que proporcionan tecnolog\u00edas, equipos y servicios para Seguridad P\u00fablica, Fuerzas Policiales, Fuerzas Especiales, Fuerzas Armadas, Aplicaci\u00f3n de la Ley, Seguridad Nacional y gestores de seguridad de grandes corporaciones, concesionarias de servicios e infraestructura cr\u00edtica en Brasil y Am\u00e9rica Latina.<\/p>\t\t\t\t\t\t<\/div>\n\t\t\t\t<\/div>\n\t\t\t\t\t<\/div>\n\t\t<\/div>\n\t\t\t\t\t\t\t<\/div>\n\t\t<\/section>\n\t\t\t\t\t\t\t<\/div>","protected":false},"excerpt":{"rendered":"<p>Qui\u00e9n Expone en LAAD Defensa y Seguridad La exposici\u00f3n re\u00fane empresas nacionales e internacionales que proporcionan tecnolog\u00edas, equipos y servicios para Seguridad P\u00fablica, Fuerzas Policiales, Fuerzas Especiales, Fuerzas Armadas, Aplicaci\u00f3n de la Ley, Seguridad Nacional y gestores de seguridad de grandes corporaciones, concesionarias de servicios e infraestructura cr\u00edtica en Brasil y Am\u00e9rica Latina.<\/p>","protected":false},"author":9,"featured_media":0,"parent":0,"menu_order":0,"comment_status":"closed","ping_status":"closed","template":"","meta":{"_joinchat":[]},"_links":{"self":[{"href":"https:\/\/laadexpo.com.br\/defence\/es\/wp-json\/wp\/v2\/pages\/3396"}],"collection":[{"href":"https:\/\/laadexpo.com.br\/defence\/es\/wp-json\/wp\/v2\/pages"}],"about":[{"href":"https:\/\/laadexpo.com.br\/defence\/es\/wp-json\/wp\/v2\/types\/page"}],"author":[{"embeddable":true,"href":"https:\/\/laadexpo.com.br\/defence\/es\/wp-json\/wp\/v2\/users\/9"}],"replies":[{"embeddable":true,"href":"https:\/\/laadexpo.com.br\/defence\/es\/wp-json\/wp\/v2\/comments?post=3396"}],"version-history":[{"count":4,"href":"https:\/\/laadexpo.com.br\/defence\/es\/wp-json\/wp\/v2\/pages\/3396\/revisions"}],"predecessor-version":[{"id":3400,"href":"https:\/\/laadexpo.com.br\/defence\/es\/wp-json\/wp\/v2\/pages\/3396\/revisions\/3400"}],"wp:attachment":[{"href":"https:\/\/laadexpo.com.br\/defence\/es\/wp-json\/wp\/v2\/media?parent=3396"}],"curies":[{"name":"wp","href":"https:\/\/api.w.org\/{rel}","templated":true}]}}