{"id":685,"date":"2019-08-24T19:30:38","date_gmt":"2019-08-24T22:30:38","guid":{"rendered":"http:\/\/laadexpo1.hospedagemdesites.ws\/defence\/2021\/?page_id=685"},"modified":"2023-10-09T08:09:26","modified_gmt":"2023-10-09T11:09:26","slug":"acerca-de","status":"publish","type":"page","link":"https:\/\/laadexpo.com.br\/defence\/es\/acerca-de\/","title":{"rendered":"ACERCA DE"},"content":{"rendered":"<div data-elementor-type=\"wp-page\" data-elementor-id=\"685\" class=\"elementor elementor-685\" data-elementor-post-type=\"page\">\n\t\t\t\t\t\t\t\t\t<section class=\"elementor-section elementor-top-section elementor-element elementor-element-d503028 elementor-section-boxed elementor-section-height-default elementor-section-height-default\" data-id=\"d503028\" data-element_type=\"section\">\n\t\t\t\t\t\t\t<div class=\"elementor-background-overlay\"><\/div>\n\t\t\t\t\t\t\t<div class=\"elementor-container elementor-column-gap-default\">\n\t\t\t\t\t<div class=\"elementor-column elementor-col-100 elementor-top-column elementor-element elementor-element-28387a9\" data-id=\"28387a9\" data-element_type=\"column\">\n\t\t\t<div class=\"elementor-widget-wrap elementor-element-populated\">\n\t\t\t\t\t\t\t\t<div class=\"elementor-element elementor-element-dd68304 elementor-invisible elementor-widget elementor-widget-heading\" data-id=\"dd68304\" data-element_type=\"widget\" data-settings=\"{&quot;_animation&quot;:&quot;fadeInUp&quot;}\" data-widget_type=\"heading.default\">\n\t\t\t\t<div class=\"elementor-widget-container\">\n\t\t\t<style>\/*! elementor - v3.15.0 - 02-08-2023 *\/\n.elementor-heading-title{padding:0;margin:0;line-height:1}.elementor-widget-heading .elementor-heading-title[class*=elementor-size-]>a{color:inherit;font-size:inherit;line-height:inherit}.elementor-widget-heading .elementor-heading-title.elementor-size-small{font-size:15px}.elementor-widget-heading .elementor-heading-title.elementor-size-medium{font-size:19px}.elementor-widget-heading .elementor-heading-title.elementor-size-large{font-size:29px}.elementor-widget-heading .elementor-heading-title.elementor-size-xl{font-size:39px}.elementor-widget-heading .elementor-heading-title.elementor-size-xxl{font-size:59px}<\/style><h1 class=\"elementor-heading-title elementor-size-default\">Acerca de LAAD Defensa y Seguridad<\/h1>\t\t<\/div>\n\t\t\t\t<\/div>\n\t\t\t\t<div class=\"elementor-element elementor-element-e7e4ec2 elementor-invisible elementor-widget elementor-widget-text-editor\" data-id=\"e7e4ec2\" data-element_type=\"widget\" data-settings=\"{&quot;_animation&quot;:&quot;fadeInUp&quot;}\" data-widget_type=\"text-editor.default\">\n\t\t\t\t<div class=\"elementor-widget-container\">\n\t\t\t<style>\/*! elementor - v3.15.0 - 02-08-2023 *\/\n.elementor-widget-text-editor.elementor-drop-cap-view-stacked .elementor-drop-cap{background-color:#69727d;color:#fff}.elementor-widget-text-editor.elementor-drop-cap-view-framed .elementor-drop-cap{color:#69727d;border:3px solid;background-color:transparent}.elementor-widget-text-editor:not(.elementor-drop-cap-view-default) .elementor-drop-cap{margin-top:8px}.elementor-widget-text-editor:not(.elementor-drop-cap-view-default) .elementor-drop-cap-letter{width:1em;height:1em}.elementor-widget-text-editor .elementor-drop-cap{float:left;text-align:center;line-height:1;font-size:50px}.elementor-widget-text-editor .elementor-drop-cap-letter{display:inline-block}<\/style>\t\t\t\t<p><strong>LAAD Defence &amp; Security<\/strong>\u00a0\u2013 Feria Internacional de Defensa y Seguridad \u2013 es la feria de defensa y seguridad m\u00e1s grande e importante de Am\u00e9rica Latina.<\/p><p>Cuenta con el apoyo institucional del Ministerio de Defensa, las Fuerzas Armadas, el Ministerio de Justicia y la estructura de Seguridad P\u00fablica de Brasil.<\/p><p>La exposici\u00f3n re\u00fane a fabricantes y proveedores de tecnolog\u00eda para las Fuerzas Armadas, Polic\u00eda, Fuerzas Especiales, ejecutivos de la industria de defensa y seguridad y agencias gubernamentales.<\/p><p>Tambi\u00e9n estan presentes gerentes de seguridad de grandes corporaciones, concesionarios de servicios e infraestructura cr\u00edtica.<\/p>\t\t\t\t\t\t<\/div>\n\t\t\t\t<\/div>\n\t\t\t\t<div class=\"elementor-element elementor-element-6d1770a elementor-arrows-position-inside elementor-invisible elementor-widget elementor-widget-image-carousel\" data-id=\"6d1770a\" data-element_type=\"widget\" data-settings=\"{&quot;slides_to_show&quot;:&quot;4&quot;,&quot;navigation&quot;:&quot;arrows&quot;,&quot;image_spacing_custom&quot;:{&quot;unit&quot;:&quot;px&quot;,&quot;size&quot;:10,&quot;sizes&quot;:[]},&quot;_animation&quot;:&quot;fadeInUp&quot;,&quot;autoplay&quot;:&quot;yes&quot;,&quot;pause_on_hover&quot;:&quot;yes&quot;,&quot;pause_on_interaction&quot;:&quot;yes&quot;,&quot;autoplay_speed&quot;:5000,&quot;infinite&quot;:&quot;yes&quot;,&quot;speed&quot;:500,&quot;image_spacing_custom_tablet&quot;:{&quot;unit&quot;:&quot;px&quot;,&quot;size&quot;:&quot;&quot;,&quot;sizes&quot;:[]},&quot;image_spacing_custom_mobile&quot;:{&quot;unit&quot;:&quot;px&quot;,&quot;size&quot;:&quot;&quot;,&quot;sizes&quot;:[]}}\" data-widget_type=\"image-carousel.default\">\n\t\t\t\t<div class=\"elementor-widget-container\">\n\t\t\t<style>\/*! elementor - v3.15.0 - 02-08-2023 *\/\n.elementor-widget-image-carousel .swiper,.elementor-widget-image-carousel .swiper-container{position:static}.elementor-widget-image-carousel .swiper-container .swiper-slide figure,.elementor-widget-image-carousel .swiper .swiper-slide figure{line-height:inherit}.elementor-widget-image-carousel .swiper-slide{text-align:center}.elementor-image-carousel-wrapper:not(.swiper-container-initialized):not(.swiper-initialized) .swiper-slide{max-width:calc(100% \/ var(--e-image-carousel-slides-to-show, 3))}<\/style>\t\t<div class=\"elementor-image-carousel-wrapper swiper\" dir=\"ltr\">\n\t\t\t<div class=\"elementor-image-carousel swiper-wrapper\" aria-live=\"off\">\n\t\t\t\t\t\t\t\t<div class=\"swiper-slide\" role=\"group\" aria-roledescription=\"slide\" aria-label=\"1 de 6\"><a data-elementor-open-lightbox=\"yes\" data-elementor-lightbox-slideshow=\"6d1770a\" data-elementor-lightbox-title=\"Cerimonia_Abertura_LAAD2023_4\" data-e-action-hash=\"#elementor-action%3Aaction%3Dlightbox%26settings%3DeyJpZCI6MjUwMCwidXJsIjoiaHR0cHM6XC9cL2xhYWRleHBvLmNvbS5iclwvZGVmZW5jZVwvd3AtY29udGVudFwvdXBsb2Fkc1wvMjAyM1wvMDRcL0Nlcmltb25pYV9BYmVydHVyYV9MQUFEMjAyM180LmpwZyIsInNsaWRlc2hvdyI6IjZkMTc3MGEifQ%3D%3D\" href=\"https:\/\/laadexpo.com.br\/defence\/wp-content\/uploads\/2023\/04\/Cerimonia_Abertura_LAAD2023_4.jpg\"><figure class=\"swiper-slide-inner\"><img decoding=\"async\" class=\"swiper-slide-image\" src=\"https:\/\/laadexpo.com.br\/defence\/wp-content\/uploads\/2023\/04\/Cerimonia_Abertura_LAAD2023_4-300x200.jpg\" alt=\"Cerimonia_Abertura_LAAD2023_4\" \/><\/figure><\/a><\/div><div class=\"swiper-slide\" role=\"group\" aria-roledescription=\"slide\" aria-label=\"2 de 6\"><a data-elementor-open-lightbox=\"yes\" data-elementor-lightbox-slideshow=\"6d1770a\" data-elementor-lightbox-title=\"Coquetel_Ministro_Defesa_LAAD2023_3\" data-e-action-hash=\"#elementor-action%3Aaction%3Dlightbox%26settings%3DeyJpZCI6MjUwNiwidXJsIjoiaHR0cHM6XC9cL2xhYWRleHBvLmNvbS5iclwvZGVmZW5jZVwvd3AtY29udGVudFwvdXBsb2Fkc1wvMjAyM1wvMDRcL0NvcXVldGVsX01pbmlzdHJvX0RlZmVzYV9MQUFEMjAyM18zLmpwZyIsInNsaWRlc2hvdyI6IjZkMTc3MGEifQ%3D%3D\" href=\"https:\/\/laadexpo.com.br\/defence\/wp-content\/uploads\/2023\/04\/Coquetel_Ministro_Defesa_LAAD2023_3.jpg\"><figure class=\"swiper-slide-inner\"><img decoding=\"async\" class=\"swiper-slide-image\" src=\"https:\/\/laadexpo.com.br\/defence\/wp-content\/uploads\/2023\/04\/Coquetel_Ministro_Defesa_LAAD2023_3-300x200.jpg\" alt=\"Coquetel_Ministro_Defesa_LAAD2023_3\" \/><\/figure><\/a><\/div><div class=\"swiper-slide\" role=\"group\" aria-roledescription=\"slide\" aria-label=\"3 de 6\"><a data-elementor-open-lightbox=\"yes\" data-elementor-lightbox-slideshow=\"6d1770a\" data-elementor-lightbox-title=\"Corredores_LAAD2023\" data-e-action-hash=\"#elementor-action%3Aaction%3Dlightbox%26settings%3DeyJpZCI6MjUwOSwidXJsIjoiaHR0cHM6XC9cL2xhYWRleHBvLmNvbS5iclwvZGVmZW5jZVwvd3AtY29udGVudFwvdXBsb2Fkc1wvMjAyM1wvMDRcL0NvcnJlZG9yZXNfTEFBRDIwMjMuanBnIiwic2xpZGVzaG93IjoiNmQxNzcwYSJ9\" href=\"https:\/\/laadexpo.com.br\/defence\/wp-content\/uploads\/2023\/04\/Corredores_LAAD2023.jpg\"><figure class=\"swiper-slide-inner\"><img decoding=\"async\" class=\"swiper-slide-image\" src=\"https:\/\/laadexpo.com.br\/defence\/wp-content\/uploads\/2023\/04\/Corredores_LAAD2023-300x200.jpg\" alt=\"Corredores_LAAD2023\" \/><\/figure><\/a><\/div><div class=\"swiper-slide\" role=\"group\" aria-roledescription=\"slide\" aria-label=\"4 de 6\"><a data-elementor-open-lightbox=\"yes\" data-elementor-lightbox-slideshow=\"6d1770a\" data-elementor-lightbox-title=\"Expositores_LAAD2023_5\" data-e-action-hash=\"#elementor-action%3Aaction%3Dlightbox%26settings%3DeyJpZCI6MjUxOCwidXJsIjoiaHR0cHM6XC9cL2xhYWRleHBvLmNvbS5iclwvZGVmZW5jZVwvd3AtY29udGVudFwvdXBsb2Fkc1wvMjAyM1wvMDRcL0V4cG9zaXRvcmVzX0xBQUQyMDIzXzUuanBnIiwic2xpZGVzaG93IjoiNmQxNzcwYSJ9\" href=\"https:\/\/laadexpo.com.br\/defence\/wp-content\/uploads\/2023\/04\/Expositores_LAAD2023_5.jpg\"><figure class=\"swiper-slide-inner\"><img decoding=\"async\" class=\"swiper-slide-image\" src=\"https:\/\/laadexpo.com.br\/defence\/wp-content\/uploads\/2023\/04\/Expositores_LAAD2023_5-300x200.jpg\" alt=\"Expositores_LAAD2023_5\" \/><\/figure><\/a><\/div><div class=\"swiper-slide\" role=\"group\" aria-roledescription=\"slide\" aria-label=\"5 de 6\"><a data-elementor-open-lightbox=\"yes\" data-elementor-lightbox-slideshow=\"6d1770a\" data-elementor-lightbox-title=\"Expositores_LAAD2023_16\" data-e-action-hash=\"#elementor-action%3Aaction%3Dlightbox%26settings%3DeyJpZCI6MjUyOSwidXJsIjoiaHR0cHM6XC9cL2xhYWRleHBvLmNvbS5iclwvZGVmZW5jZVwvd3AtY29udGVudFwvdXBsb2Fkc1wvMjAyM1wvMDRcL0V4cG9zaXRvcmVzX0xBQUQyMDIzXzE2LmpwZyIsInNsaWRlc2hvdyI6IjZkMTc3MGEifQ%3D%3D\" href=\"https:\/\/laadexpo.com.br\/defence\/wp-content\/uploads\/2023\/04\/Expositores_LAAD2023_16.jpg\"><figure class=\"swiper-slide-inner\"><img decoding=\"async\" class=\"swiper-slide-image\" src=\"https:\/\/laadexpo.com.br\/defence\/wp-content\/uploads\/2023\/04\/Expositores_LAAD2023_16-300x200.jpg\" alt=\"Expositores_LAAD2023_16\" \/><\/figure><\/a><\/div><div class=\"swiper-slide\" role=\"group\" aria-roledescription=\"slide\" aria-label=\"6 de 6\"><a data-elementor-open-lightbox=\"yes\" data-elementor-lightbox-slideshow=\"6d1770a\" data-elementor-lightbox-title=\"Cerimonia_Abertura_LAAD2023\" data-e-action-hash=\"#elementor-action%3Aaction%3Dlightbox%26settings%3DeyJpZCI6MjUwMSwidXJsIjoiaHR0cHM6XC9cL2xhYWRleHBvLmNvbS5iclwvZGVmZW5jZVwvd3AtY29udGVudFwvdXBsb2Fkc1wvMjAyM1wvMDRcL0Nlcmltb25pYV9BYmVydHVyYV9MQUFEMjAyMy5qcGciLCJzbGlkZXNob3ciOiI2ZDE3NzBhIn0%3D\" href=\"https:\/\/laadexpo.com.br\/defence\/wp-content\/uploads\/2023\/04\/Cerimonia_Abertura_LAAD2023.jpg\"><figure class=\"swiper-slide-inner\"><img decoding=\"async\" class=\"swiper-slide-image\" src=\"https:\/\/laadexpo.com.br\/defence\/wp-content\/uploads\/2023\/04\/Cerimonia_Abertura_LAAD2023-300x200.jpg\" alt=\"Cerimonia_Abertura_LAAD2023\" \/><\/figure><\/a><\/div>\t\t\t<\/div>\n\t\t\t\t\t\t\t\t\t\t\t\t<div class=\"elementor-swiper-button elementor-swiper-button-prev\" role=\"button\" tabindex=\"0\">\n\t\t\t\t\t\t<i aria-hidden=\"true\" class=\"eicon-chevron-left\"><\/i>\t\t\t\t\t<\/div>\n\t\t\t\t\t<div class=\"elementor-swiper-button elementor-swiper-button-next\" role=\"button\" tabindex=\"0\">\n\t\t\t\t\t\t<i aria-hidden=\"true\" class=\"eicon-chevron-right\"><\/i>\t\t\t\t\t<\/div>\n\t\t\t\t\n\t\t\t\t\t\t\t\t\t<\/div>\n\t\t\t\t<\/div>\n\t\t\t\t<\/div>\n\t\t\t\t\t<\/div>\n\t\t<\/div>\n\t\t\t\t\t\t\t<\/div>\n\t\t<\/section>\n\t\t\t\t\t\t\t<\/div>","protected":false},"excerpt":{"rendered":"<p>Acerca de LAAD Defensa y Seguridad LAAD Defence &amp; Security\u00a0\u2013 Feria Internacional de Defensa y Seguridad \u2013 es la feria de defensa y seguridad m\u00e1s grande e importante de Am\u00e9rica Latina. Cuenta con el apoyo institucional del Ministerio de Defensa, las Fuerzas Armadas, el Ministerio de Justicia y la estructura de Seguridad P\u00fablica de Brasil. [&hellip;]<\/p>","protected":false},"author":1,"featured_media":0,"parent":0,"menu_order":0,"comment_status":"closed","ping_status":"closed","template":"","meta":{"_joinchat":[]},"_links":{"self":[{"href":"https:\/\/laadexpo.com.br\/defence\/es\/wp-json\/wp\/v2\/pages\/685"}],"collection":[{"href":"https:\/\/laadexpo.com.br\/defence\/es\/wp-json\/wp\/v2\/pages"}],"about":[{"href":"https:\/\/laadexpo.com.br\/defence\/es\/wp-json\/wp\/v2\/types\/page"}],"author":[{"embeddable":true,"href":"https:\/\/laadexpo.com.br\/defence\/es\/wp-json\/wp\/v2\/users\/1"}],"replies":[{"embeddable":true,"href":"https:\/\/laadexpo.com.br\/defence\/es\/wp-json\/wp\/v2\/comments?post=685"}],"version-history":[{"count":11,"href":"https:\/\/laadexpo.com.br\/defence\/es\/wp-json\/wp\/v2\/pages\/685\/revisions"}],"predecessor-version":[{"id":3138,"href":"https:\/\/laadexpo.com.br\/defence\/es\/wp-json\/wp\/v2\/pages\/685\/revisions\/3138"}],"wp:attachment":[{"href":"https:\/\/laadexpo.com.br\/defence\/es\/wp-json\/wp\/v2\/media?parent=685"}],"curies":[{"name":"wp","href":"https:\/\/api.w.org\/{rel}","templated":true}]}}