{"id":257,"date":"2019-07-13T21:20:53","date_gmt":"2019-07-14T00:20:53","guid":{"rendered":"http:\/\/laadexpo1.hospedagemdesites.ws\/defence\/2021\/?page_id=257"},"modified":"2023-10-14T09:35:04","modified_gmt":"2023-10-14T12:35:04","slug":"sobre-a-laad-defence-security","status":"publish","type":"page","link":"https:\/\/laadexpo.com.br\/defence\/pt\/sobre-a-laad-defence-security\/","title":{"rendered":"Sobre a LAAD Defence &#038; Security"},"content":{"rendered":"\t\t<div data-elementor-type=\"wp-page\" data-elementor-id=\"257\" class=\"elementor elementor-257\" data-elementor-post-type=\"page\">\n\t\t\t\t\t\t\t\t\t<section class=\"elementor-section elementor-top-section elementor-element elementor-element-5c909d4 elementor-section-boxed elementor-section-height-default elementor-section-height-default\" data-id=\"5c909d4\" data-element_type=\"section\">\n\t\t\t\t\t\t\t<div class=\"elementor-background-overlay\"><\/div>\n\t\t\t\t\t\t\t<div class=\"elementor-container elementor-column-gap-default\">\n\t\t\t\t\t<div class=\"elementor-column elementor-col-100 elementor-top-column elementor-element elementor-element-69deea8\" data-id=\"69deea8\" data-element_type=\"column\">\n\t\t\t<div class=\"elementor-widget-wrap elementor-element-populated\">\n\t\t\t\t\t\t\t\t<div class=\"elementor-element elementor-element-216b102 elementor-invisible elementor-widget elementor-widget-heading\" data-id=\"216b102\" data-element_type=\"widget\" data-settings=\"{&quot;_animation&quot;:&quot;fadeInUp&quot;}\" data-widget_type=\"heading.default\">\n\t\t\t\t<div class=\"elementor-widget-container\">\n\t\t\t<style>\/*! elementor - v3.15.0 - 02-08-2023 *\/\n.elementor-heading-title{padding:0;margin:0;line-height:1}.elementor-widget-heading .elementor-heading-title[class*=elementor-size-]>a{color:inherit;font-size:inherit;line-height:inherit}.elementor-widget-heading .elementor-heading-title.elementor-size-small{font-size:15px}.elementor-widget-heading .elementor-heading-title.elementor-size-medium{font-size:19px}.elementor-widget-heading .elementor-heading-title.elementor-size-large{font-size:29px}.elementor-widget-heading .elementor-heading-title.elementor-size-xl{font-size:39px}.elementor-widget-heading .elementor-heading-title.elementor-size-xxl{font-size:59px}<\/style><h1 class=\"elementor-heading-title elementor-size-default\">Sobre a LAAD Defence &amp; Security<br><\/h1>\t\t<\/div>\n\t\t\t\t<\/div>\n\t\t\t\t<div class=\"elementor-element elementor-element-e6ffa75 elementor-invisible elementor-widget elementor-widget-text-editor\" data-id=\"e6ffa75\" data-element_type=\"widget\" data-settings=\"{&quot;_animation&quot;:&quot;fadeInUp&quot;}\" data-widget_type=\"text-editor.default\">\n\t\t\t\t<div class=\"elementor-widget-container\">\n\t\t\t<style>\/*! elementor - v3.15.0 - 02-08-2023 *\/\n.elementor-widget-text-editor.elementor-drop-cap-view-stacked .elementor-drop-cap{background-color:#69727d;color:#fff}.elementor-widget-text-editor.elementor-drop-cap-view-framed .elementor-drop-cap{color:#69727d;border:3px solid;background-color:transparent}.elementor-widget-text-editor:not(.elementor-drop-cap-view-default) .elementor-drop-cap{margin-top:8px}.elementor-widget-text-editor:not(.elementor-drop-cap-view-default) .elementor-drop-cap-letter{width:1em;height:1em}.elementor-widget-text-editor .elementor-drop-cap{float:left;text-align:center;line-height:1;font-size:50px}.elementor-widget-text-editor .elementor-drop-cap-letter{display:inline-block}<\/style>\t\t\t\t<p>A\u00a0<strong>LAAD Defence &amp; Security\u00a0\u2013 Feira internacional de Defesa e Seguran\u00e7a<\/strong>\u00a0\u2013 \u00e9 a maior e mais importante feira de defesa e seguran\u00e7a da Am\u00e9rica Latina.<\/p><p>Conta com o Apoio institucional do Minist\u00e9rio da Defesa, das For\u00e7as Armadas, do Minist\u00e9rio da Justi\u00e7a e da estrutura brasileira de Seguran\u00e7a P\u00fablica.<\/p><p>A exposi\u00e7\u00e3o re\u00fane fabricantes e fornecedores de tecnologias para as For\u00e7as Armadas, Pol\u00edcias, For\u00e7as Especiais, executivos da ind\u00fastria de defesa e seguran\u00e7a e ag\u00eancias governamentais.<\/p><p>Est\u00e3o presentes tamb\u00e9m gestores de seguran\u00e7a de grandes corpora\u00e7\u00f5es, concession\u00e1rias de servi\u00e7os e infraestrutura cr\u00edtica.<\/p>\t\t\t\t\t\t<\/div>\n\t\t\t\t<\/div>\n\t\t\t\t<div class=\"elementor-element elementor-element-6ba3455 elementor-arrows-position-inside elementor-invisible elementor-widget elementor-widget-image-carousel\" data-id=\"6ba3455\" data-element_type=\"widget\" data-settings=\"{&quot;slides_to_show&quot;:&quot;4&quot;,&quot;navigation&quot;:&quot;arrows&quot;,&quot;image_spacing_custom&quot;:{&quot;unit&quot;:&quot;px&quot;,&quot;size&quot;:10,&quot;sizes&quot;:[]},&quot;_animation&quot;:&quot;fadeInUp&quot;,&quot;autoplay&quot;:&quot;yes&quot;,&quot;pause_on_hover&quot;:&quot;yes&quot;,&quot;pause_on_interaction&quot;:&quot;yes&quot;,&quot;autoplay_speed&quot;:5000,&quot;infinite&quot;:&quot;yes&quot;,&quot;speed&quot;:500,&quot;image_spacing_custom_tablet&quot;:{&quot;unit&quot;:&quot;px&quot;,&quot;size&quot;:&quot;&quot;,&quot;sizes&quot;:[]},&quot;image_spacing_custom_mobile&quot;:{&quot;unit&quot;:&quot;px&quot;,&quot;size&quot;:&quot;&quot;,&quot;sizes&quot;:[]}}\" data-widget_type=\"image-carousel.default\">\n\t\t\t\t<div class=\"elementor-widget-container\">\n\t\t\t<style>\/*! elementor - v3.15.0 - 02-08-2023 *\/\n.elementor-widget-image-carousel .swiper,.elementor-widget-image-carousel .swiper-container{position:static}.elementor-widget-image-carousel .swiper-container .swiper-slide figure,.elementor-widget-image-carousel .swiper .swiper-slide figure{line-height:inherit}.elementor-widget-image-carousel .swiper-slide{text-align:center}.elementor-image-carousel-wrapper:not(.swiper-container-initialized):not(.swiper-initialized) .swiper-slide{max-width:calc(100% \/ var(--e-image-carousel-slides-to-show, 3))}<\/style>\t\t<div class=\"elementor-image-carousel-wrapper swiper\" dir=\"ltr\">\n\t\t\t<div class=\"elementor-image-carousel swiper-wrapper\" aria-live=\"off\">\n\t\t\t\t\t\t\t\t<div class=\"swiper-slide\" role=\"group\" aria-roledescription=\"slide\" aria-label=\"1 of 6\"><a data-elementor-open-lightbox=\"yes\" data-elementor-lightbox-slideshow=\"6ba3455\" data-elementor-lightbox-title=\"Cerimonia_Abertura_LAAD2023_4\" data-e-action-hash=\"#elementor-action%3Aaction%3Dlightbox%26settings%3DeyJpZCI6MjUwMCwidXJsIjoiaHR0cHM6XC9cL2xhYWRleHBvLmNvbS5iclwvZGVmZW5jZVwvd3AtY29udGVudFwvdXBsb2Fkc1wvMjAyM1wvMDRcL0Nlcmltb25pYV9BYmVydHVyYV9MQUFEMjAyM180LmpwZyIsInNsaWRlc2hvdyI6IjZiYTM0NTUifQ%3D%3D\" href=\"https:\/\/laadexpo.com.br\/defence\/wp-content\/uploads\/2023\/04\/Cerimonia_Abertura_LAAD2023_4.jpg\"><figure class=\"swiper-slide-inner\"><img decoding=\"async\" class=\"swiper-slide-image\" src=\"https:\/\/laadexpo.com.br\/defence\/wp-content\/uploads\/2023\/04\/Cerimonia_Abertura_LAAD2023_4-300x200.jpg\" alt=\"Cerimonia_Abertura_LAAD2023_4\" \/><\/figure><\/a><\/div><div class=\"swiper-slide\" role=\"group\" aria-roledescription=\"slide\" aria-label=\"2 of 6\"><a data-elementor-open-lightbox=\"yes\" data-elementor-lightbox-slideshow=\"6ba3455\" data-elementor-lightbox-title=\"Coquetel_Ministro_Defesa_LAAD2023_3\" data-e-action-hash=\"#elementor-action%3Aaction%3Dlightbox%26settings%3DeyJpZCI6MjUwNiwidXJsIjoiaHR0cHM6XC9cL2xhYWRleHBvLmNvbS5iclwvZGVmZW5jZVwvd3AtY29udGVudFwvdXBsb2Fkc1wvMjAyM1wvMDRcL0NvcXVldGVsX01pbmlzdHJvX0RlZmVzYV9MQUFEMjAyM18zLmpwZyIsInNsaWRlc2hvdyI6IjZiYTM0NTUifQ%3D%3D\" href=\"https:\/\/laadexpo.com.br\/defence\/wp-content\/uploads\/2023\/04\/Coquetel_Ministro_Defesa_LAAD2023_3.jpg\"><figure class=\"swiper-slide-inner\"><img decoding=\"async\" class=\"swiper-slide-image\" src=\"https:\/\/laadexpo.com.br\/defence\/wp-content\/uploads\/2023\/04\/Coquetel_Ministro_Defesa_LAAD2023_3-300x200.jpg\" alt=\"Coquetel_Ministro_Defesa_LAAD2023_3\" \/><\/figure><\/a><\/div><div class=\"swiper-slide\" role=\"group\" aria-roledescription=\"slide\" aria-label=\"3 of 6\"><a data-elementor-open-lightbox=\"yes\" data-elementor-lightbox-slideshow=\"6ba3455\" data-elementor-lightbox-title=\"Corredores_LAAD2023\" data-e-action-hash=\"#elementor-action%3Aaction%3Dlightbox%26settings%3DeyJpZCI6MjUwOSwidXJsIjoiaHR0cHM6XC9cL2xhYWRleHBvLmNvbS5iclwvZGVmZW5jZVwvd3AtY29udGVudFwvdXBsb2Fkc1wvMjAyM1wvMDRcL0NvcnJlZG9yZXNfTEFBRDIwMjMuanBnIiwic2xpZGVzaG93IjoiNmJhMzQ1NSJ9\" href=\"https:\/\/laadexpo.com.br\/defence\/wp-content\/uploads\/2023\/04\/Corredores_LAAD2023.jpg\"><figure class=\"swiper-slide-inner\"><img decoding=\"async\" class=\"swiper-slide-image\" src=\"https:\/\/laadexpo.com.br\/defence\/wp-content\/uploads\/2023\/04\/Corredores_LAAD2023-300x200.jpg\" alt=\"Corredores_LAAD2023\" \/><\/figure><\/a><\/div><div class=\"swiper-slide\" role=\"group\" aria-roledescription=\"slide\" aria-label=\"4 of 6\"><a data-elementor-open-lightbox=\"yes\" data-elementor-lightbox-slideshow=\"6ba3455\" data-elementor-lightbox-title=\"Expositores_LAAD2023_5\" data-e-action-hash=\"#elementor-action%3Aaction%3Dlightbox%26settings%3DeyJpZCI6MjUxOCwidXJsIjoiaHR0cHM6XC9cL2xhYWRleHBvLmNvbS5iclwvZGVmZW5jZVwvd3AtY29udGVudFwvdXBsb2Fkc1wvMjAyM1wvMDRcL0V4cG9zaXRvcmVzX0xBQUQyMDIzXzUuanBnIiwic2xpZGVzaG93IjoiNmJhMzQ1NSJ9\" href=\"https:\/\/laadexpo.com.br\/defence\/wp-content\/uploads\/2023\/04\/Expositores_LAAD2023_5.jpg\"><figure class=\"swiper-slide-inner\"><img decoding=\"async\" class=\"swiper-slide-image\" src=\"https:\/\/laadexpo.com.br\/defence\/wp-content\/uploads\/2023\/04\/Expositores_LAAD2023_5-300x200.jpg\" alt=\"Expositores_LAAD2023_5\" \/><\/figure><\/a><\/div><div class=\"swiper-slide\" role=\"group\" aria-roledescription=\"slide\" aria-label=\"5 of 6\"><a data-elementor-open-lightbox=\"yes\" data-elementor-lightbox-slideshow=\"6ba3455\" data-elementor-lightbox-title=\"Expositores_LAAD2023_16\" data-e-action-hash=\"#elementor-action%3Aaction%3Dlightbox%26settings%3DeyJpZCI6MjUyOSwidXJsIjoiaHR0cHM6XC9cL2xhYWRleHBvLmNvbS5iclwvZGVmZW5jZVwvd3AtY29udGVudFwvdXBsb2Fkc1wvMjAyM1wvMDRcL0V4cG9zaXRvcmVzX0xBQUQyMDIzXzE2LmpwZyIsInNsaWRlc2hvdyI6IjZiYTM0NTUifQ%3D%3D\" href=\"https:\/\/laadexpo.com.br\/defence\/wp-content\/uploads\/2023\/04\/Expositores_LAAD2023_16.jpg\"><figure class=\"swiper-slide-inner\"><img decoding=\"async\" class=\"swiper-slide-image\" src=\"https:\/\/laadexpo.com.br\/defence\/wp-content\/uploads\/2023\/04\/Expositores_LAAD2023_16-300x200.jpg\" alt=\"Expositores_LAAD2023_16\" \/><\/figure><\/a><\/div><div class=\"swiper-slide\" role=\"group\" aria-roledescription=\"slide\" aria-label=\"6 of 6\"><a data-elementor-open-lightbox=\"yes\" data-elementor-lightbox-slideshow=\"6ba3455\" data-elementor-lightbox-title=\"Cerimonia_Abertura_LAAD2023\" data-e-action-hash=\"#elementor-action%3Aaction%3Dlightbox%26settings%3DeyJpZCI6MjUwMSwidXJsIjoiaHR0cHM6XC9cL2xhYWRleHBvLmNvbS5iclwvZGVmZW5jZVwvd3AtY29udGVudFwvdXBsb2Fkc1wvMjAyM1wvMDRcL0Nlcmltb25pYV9BYmVydHVyYV9MQUFEMjAyMy5qcGciLCJzbGlkZXNob3ciOiI2YmEzNDU1In0%3D\" href=\"https:\/\/laadexpo.com.br\/defence\/wp-content\/uploads\/2023\/04\/Cerimonia_Abertura_LAAD2023.jpg\"><figure class=\"swiper-slide-inner\"><img decoding=\"async\" class=\"swiper-slide-image\" src=\"https:\/\/laadexpo.com.br\/defence\/wp-content\/uploads\/2023\/04\/Cerimonia_Abertura_LAAD2023-300x200.jpg\" alt=\"Cerimonia_Abertura_LAAD2023\" \/><\/figure><\/a><\/div>\t\t\t<\/div>\n\t\t\t\t\t\t\t\t\t\t\t\t<div class=\"elementor-swiper-button elementor-swiper-button-prev\" role=\"button\" tabindex=\"0\">\n\t\t\t\t\t\t<i aria-hidden=\"true\" class=\"eicon-chevron-left\"><\/i>\t\t\t\t\t<\/div>\n\t\t\t\t\t<div class=\"elementor-swiper-button elementor-swiper-button-next\" role=\"button\" tabindex=\"0\">\n\t\t\t\t\t\t<i aria-hidden=\"true\" class=\"eicon-chevron-right\"><\/i>\t\t\t\t\t<\/div>\n\t\t\t\t\n\t\t\t\t\t\t\t\t\t<\/div>\n\t\t\t\t<\/div>\n\t\t\t\t<\/div>\n\t\t\t\t\t<\/div>\n\t\t<\/div>\n\t\t\t\t\t\t\t<\/div>\n\t\t<\/section>\n\t\t\t\t\t\t\t<\/div>\n\t\t","protected":false},"excerpt":{"rendered":"<p>Sobre a LAAD Defence &amp; Security A\u00a0LAAD Defence &amp; Security\u00a0\u2013 Feira internacional de Defesa e Seguran\u00e7a\u00a0\u2013 \u00e9 a maior e mais importante feira de defesa e seguran\u00e7a da Am\u00e9rica Latina. Conta com o Apoio institucional do Minist\u00e9rio da Defesa, das For\u00e7as Armadas, do Minist\u00e9rio da Justi\u00e7a e da estrutura brasileira de Seguran\u00e7a P\u00fablica. A exposi\u00e7\u00e3o [&hellip;]<\/p>\n","protected":false},"author":1,"featured_media":0,"parent":0,"menu_order":0,"comment_status":"closed","ping_status":"closed","template":"","meta":{"_joinchat":[]},"_links":{"self":[{"href":"https:\/\/laadexpo.com.br\/defence\/pt\/wp-json\/wp\/v2\/pages\/257"}],"collection":[{"href":"https:\/\/laadexpo.com.br\/defence\/pt\/wp-json\/wp\/v2\/pages"}],"about":[{"href":"https:\/\/laadexpo.com.br\/defence\/pt\/wp-json\/wp\/v2\/types\/page"}],"author":[{"embeddable":true,"href":"https:\/\/laadexpo.com.br\/defence\/pt\/wp-json\/wp\/v2\/users\/1"}],"replies":[{"embeddable":true,"href":"https:\/\/laadexpo.com.br\/defence\/pt\/wp-json\/wp\/v2\/comments?post=257"}],"version-history":[{"count":28,"href":"https:\/\/laadexpo.com.br\/defence\/pt\/wp-json\/wp\/v2\/pages\/257\/revisions"}],"predecessor-version":[{"id":3223,"href":"https:\/\/laadexpo.com.br\/defence\/pt\/wp-json\/wp\/v2\/pages\/257\/revisions\/3223"}],"wp:attachment":[{"href":"https:\/\/laadexpo.com.br\/defence\/pt\/wp-json\/wp\/v2\/media?parent=257"}],"curies":[{"name":"wp","href":"https:\/\/api.w.org\/{rel}","templated":true}]}}