{"id":3232,"date":"2023-10-14T09:45:43","date_gmt":"2023-10-14T12:45:43","guid":{"rendered":"http:\/\/laadexpo1.hospedagemdesites.ws\/defence\/?page_id=3232"},"modified":"2023-10-14T09:46:15","modified_gmt":"2023-10-14T12:46:15","slug":"quem-expoe","status":"publish","type":"page","link":"https:\/\/laadexpo.com.br\/defence\/pt\/quem-expoe\/","title":{"rendered":"Quem Exp\u00f5e"},"content":{"rendered":"\t\t<div data-elementor-type=\"wp-page\" data-elementor-id=\"3232\" class=\"elementor elementor-3232\" data-elementor-post-type=\"page\">\n\t\t\t\t\t\t\t\t\t<section class=\"elementor-section elementor-top-section elementor-element elementor-element-e7b8877 elementor-section-boxed elementor-section-height-default elementor-section-height-default\" data-id=\"e7b8877\" data-element_type=\"section\">\n\t\t\t\t\t\t\t<div class=\"elementor-background-overlay\"><\/div>\n\t\t\t\t\t\t\t<div class=\"elementor-container elementor-column-gap-default\">\n\t\t\t\t\t<div class=\"elementor-column elementor-col-100 elementor-top-column elementor-element elementor-element-f192602\" data-id=\"f192602\" data-element_type=\"column\">\n\t\t\t<div class=\"elementor-widget-wrap elementor-element-populated\">\n\t\t\t\t\t\t\t\t<div class=\"elementor-element elementor-element-16e0be0 elementor-invisible elementor-widget elementor-widget-heading\" data-id=\"16e0be0\" data-element_type=\"widget\" data-settings=\"{&quot;_animation&quot;:&quot;fadeInUp&quot;}\" data-widget_type=\"heading.default\">\n\t\t\t\t<div class=\"elementor-widget-container\">\n\t\t\t<style>\/*! elementor - v3.15.0 - 02-08-2023 *\/\n.elementor-heading-title{padding:0;margin:0;line-height:1}.elementor-widget-heading .elementor-heading-title[class*=elementor-size-]>a{color:inherit;font-size:inherit;line-height:inherit}.elementor-widget-heading .elementor-heading-title.elementor-size-small{font-size:15px}.elementor-widget-heading .elementor-heading-title.elementor-size-medium{font-size:19px}.elementor-widget-heading .elementor-heading-title.elementor-size-large{font-size:29px}.elementor-widget-heading .elementor-heading-title.elementor-size-xl{font-size:39px}.elementor-widget-heading .elementor-heading-title.elementor-size-xxl{font-size:59px}<\/style><h1 class=\"elementor-heading-title elementor-size-default\">Quem Exp\u00f5e na LAAD Defence &amp; Security<br><\/h1>\t\t<\/div>\n\t\t\t\t<\/div>\n\t\t\t\t<div class=\"elementor-element elementor-element-80f8b0c elementor-invisible elementor-widget elementor-widget-text-editor\" data-id=\"80f8b0c\" data-element_type=\"widget\" data-settings=\"{&quot;_animation&quot;:&quot;fadeInUp&quot;}\" data-widget_type=\"text-editor.default\">\n\t\t\t\t<div class=\"elementor-widget-container\">\n\t\t\t<style>\/*! elementor - v3.15.0 - 02-08-2023 *\/\n.elementor-widget-text-editor.elementor-drop-cap-view-stacked .elementor-drop-cap{background-color:#69727d;color:#fff}.elementor-widget-text-editor.elementor-drop-cap-view-framed .elementor-drop-cap{color:#69727d;border:3px solid;background-color:transparent}.elementor-widget-text-editor:not(.elementor-drop-cap-view-default) .elementor-drop-cap{margin-top:8px}.elementor-widget-text-editor:not(.elementor-drop-cap-view-default) .elementor-drop-cap-letter{width:1em;height:1em}.elementor-widget-text-editor .elementor-drop-cap{float:left;text-align:center;line-height:1;font-size:50px}.elementor-widget-text-editor .elementor-drop-cap-letter{display:inline-block}<\/style>\t\t\t\t<p>A exposi\u00e7\u00e3o re\u00fane empresas nacionais e internacionais que fornecem tecnologias, equipamentos e servi\u00e7os para Seguran\u00e7a P\u00fablica, For\u00e7as Policiais, For\u00e7as Especiais, For\u00e7as Armadas, Law Enforcement, Homeland Security e gestores de seguran\u00e7a de grandes corpora\u00e7\u00f5es, concession\u00e1rias de servi\u00e7os e infraestrutura cr\u00edticado Brasil e Am\u00e9rica Latina.<\/p>\t\t\t\t\t\t<\/div>\n\t\t\t\t<\/div>\n\t\t\t\t\t<\/div>\n\t\t<\/div>\n\t\t\t\t\t\t\t<\/div>\n\t\t<\/section>\n\t\t\t\t\t\t\t<\/div>\n\t\t","protected":false},"excerpt":{"rendered":"<p>Quem Exp\u00f5e na LAAD Defence &amp; Security A exposi\u00e7\u00e3o re\u00fane empresas nacionais e internacionais que fornecem tecnologias, equipamentos e servi\u00e7os para Seguran\u00e7a P\u00fablica, For\u00e7as Policiais, For\u00e7as Especiais, For\u00e7as Armadas, Law Enforcement, Homeland Security e gestores de seguran\u00e7a de grandes corpora\u00e7\u00f5es, concession\u00e1rias de servi\u00e7os e infraestrutura cr\u00edticado Brasil e Am\u00e9rica Latina.<\/p>\n","protected":false},"author":9,"featured_media":0,"parent":0,"menu_order":0,"comment_status":"closed","ping_status":"closed","template":"","meta":{"_joinchat":[]},"_links":{"self":[{"href":"https:\/\/laadexpo.com.br\/defence\/pt\/wp-json\/wp\/v2\/pages\/3232"}],"collection":[{"href":"https:\/\/laadexpo.com.br\/defence\/pt\/wp-json\/wp\/v2\/pages"}],"about":[{"href":"https:\/\/laadexpo.com.br\/defence\/pt\/wp-json\/wp\/v2\/types\/page"}],"author":[{"embeddable":true,"href":"https:\/\/laadexpo.com.br\/defence\/pt\/wp-json\/wp\/v2\/users\/9"}],"replies":[{"embeddable":true,"href":"https:\/\/laadexpo.com.br\/defence\/pt\/wp-json\/wp\/v2\/comments?post=3232"}],"version-history":[{"count":4,"href":"https:\/\/laadexpo.com.br\/defence\/pt\/wp-json\/wp\/v2\/pages\/3232\/revisions"}],"predecessor-version":[{"id":3236,"href":"https:\/\/laadexpo.com.br\/defence\/pt\/wp-json\/wp\/v2\/pages\/3232\/revisions\/3236"}],"wp:attachment":[{"href":"https:\/\/laadexpo.com.br\/defence\/pt\/wp-json\/wp\/v2\/media?parent=3232"}],"curies":[{"name":"wp","href":"https:\/\/api.w.org\/{rel}","templated":true}]}}