{"id":3237,"date":"2023-10-14T09:49:40","date_gmt":"2023-10-14T12:49:40","guid":{"rendered":"http:\/\/laadexpo1.hospedagemdesites.ws\/defence\/?page_id=3237"},"modified":"2023-10-14T09:52:49","modified_gmt":"2023-10-14T12:52:49","slug":"quem-visita","status":"publish","type":"page","link":"https:\/\/laadexpo.com.br\/defence\/pt\/quem-visita\/","title":{"rendered":"Quem Visita"},"content":{"rendered":"\t\t<div data-elementor-type=\"wp-page\" data-elementor-id=\"3237\" class=\"elementor elementor-3237\" data-elementor-post-type=\"page\">\n\t\t\t\t\t\t\t\t\t<section class=\"elementor-section elementor-top-section elementor-element elementor-element-45a6d6c elementor-section-boxed elementor-section-height-default elementor-section-height-default\" data-id=\"45a6d6c\" data-element_type=\"section\">\n\t\t\t\t\t\t\t<div class=\"elementor-background-overlay\"><\/div>\n\t\t\t\t\t\t\t<div class=\"elementor-container elementor-column-gap-default\">\n\t\t\t\t\t<div class=\"elementor-column elementor-col-100 elementor-top-column elementor-element elementor-element-b38ac0d\" data-id=\"b38ac0d\" data-element_type=\"column\">\n\t\t\t<div class=\"elementor-widget-wrap elementor-element-populated\">\n\t\t\t\t\t\t\t\t<div class=\"elementor-element elementor-element-fa68b61 elementor-invisible elementor-widget elementor-widget-heading\" data-id=\"fa68b61\" data-element_type=\"widget\" data-settings=\"{&quot;_animation&quot;:&quot;fadeInUp&quot;}\" data-widget_type=\"heading.default\">\n\t\t\t\t<div class=\"elementor-widget-container\">\n\t\t\t<style>\/*! elementor - v3.15.0 - 02-08-2023 *\/\n.elementor-heading-title{padding:0;margin:0;line-height:1}.elementor-widget-heading .elementor-heading-title[class*=elementor-size-]>a{color:inherit;font-size:inherit;line-height:inherit}.elementor-widget-heading .elementor-heading-title.elementor-size-small{font-size:15px}.elementor-widget-heading .elementor-heading-title.elementor-size-medium{font-size:19px}.elementor-widget-heading .elementor-heading-title.elementor-size-large{font-size:29px}.elementor-widget-heading .elementor-heading-title.elementor-size-xl{font-size:39px}.elementor-widget-heading .elementor-heading-title.elementor-size-xxl{font-size:59px}<\/style><h1 class=\"elementor-heading-title elementor-size-default\">Quem Visita a LAAD Defence &amp; Security<br><\/h1>\t\t<\/div>\n\t\t\t\t<\/div>\n\t\t\t\t<div class=\"elementor-element elementor-element-c649bcd elementor-widget elementor-widget-text-editor\" data-id=\"c649bcd\" data-element_type=\"widget\" data-widget_type=\"text-editor.default\">\n\t\t\t\t<div class=\"elementor-widget-container\">\n\t\t\t<style>\/*! elementor - v3.15.0 - 02-08-2023 *\/\n.elementor-widget-text-editor.elementor-drop-cap-view-stacked .elementor-drop-cap{background-color:#69727d;color:#fff}.elementor-widget-text-editor.elementor-drop-cap-view-framed .elementor-drop-cap{color:#69727d;border:3px solid;background-color:transparent}.elementor-widget-text-editor:not(.elementor-drop-cap-view-default) .elementor-drop-cap{margin-top:8px}.elementor-widget-text-editor:not(.elementor-drop-cap-view-default) .elementor-drop-cap-letter{width:1em;height:1em}.elementor-widget-text-editor .elementor-drop-cap{float:left;text-align:center;line-height:1;font-size:50px}.elementor-widget-text-editor .elementor-drop-cap-letter{display:inline-block}<\/style>\t\t\t\t<ul><li><b>Delegados Oficiais:<\/b> Ministros e autoridades de defesa do Brasil, da Am\u00e9rica Latina e de outros pa\u00edses;<\/li><li>Comandantes Oficiais Generais e Superiores das For\u00e7as Armadas do Brasil e de outros pa\u00edses;<\/li><li>Chefes, Secret\u00e1rios, Superintendentes e Delegados de Pol\u00edcia do Brasil e da Am\u00e9rica Latina;<\/li><li>Embaixadores;<\/li><li>Adidos Militares de Defesa e Seguran\u00e7a P\u00fablica;<\/li><li>Executivos da Ind\u00fastria de Defesa e Seguran\u00e7a;<\/li><li>For\u00e7as Pol\u00edcias, Defesa Civil e Corpos de Bombeiros;<\/li><li>Executivos de concession\u00e1rias de servi\u00e7os e Ag\u00eancias Governamentais;<\/li><li>Imprensa especializada (nacional e internacional).<\/li><\/ul>\t\t\t\t\t\t<\/div>\n\t\t\t\t<\/div>\n\t\t\t\t\t<\/div>\n\t\t<\/div>\n\t\t\t\t\t\t\t<\/div>\n\t\t<\/section>\n\t\t\t\t\t\t\t<\/div>\n\t\t","protected":false},"excerpt":{"rendered":"<p>Quem Visita a LAAD Defence &amp; Security Delegados Oficiais: Ministros e autoridades de defesa do Brasil, da Am\u00e9rica Latina e de outros pa\u00edses; Comandantes Oficiais Generais e Superiores das For\u00e7as Armadas do Brasil e de outros pa\u00edses; Chefes, Secret\u00e1rios, Superintendentes e Delegados de Pol\u00edcia do Brasil e da Am\u00e9rica Latina; Embaixadores; Adidos Militares de Defesa [&hellip;]<\/p>\n","protected":false},"author":9,"featured_media":0,"parent":0,"menu_order":0,"comment_status":"closed","ping_status":"closed","template":"","meta":{"_joinchat":[]},"_links":{"self":[{"href":"https:\/\/laadexpo.com.br\/defence\/pt\/wp-json\/wp\/v2\/pages\/3237"}],"collection":[{"href":"https:\/\/laadexpo.com.br\/defence\/pt\/wp-json\/wp\/v2\/pages"}],"about":[{"href":"https:\/\/laadexpo.com.br\/defence\/pt\/wp-json\/wp\/v2\/types\/page"}],"author":[{"embeddable":true,"href":"https:\/\/laadexpo.com.br\/defence\/pt\/wp-json\/wp\/v2\/users\/9"}],"replies":[{"embeddable":true,"href":"https:\/\/laadexpo.com.br\/defence\/pt\/wp-json\/wp\/v2\/comments?post=3237"}],"version-history":[{"count":7,"href":"https:\/\/laadexpo.com.br\/defence\/pt\/wp-json\/wp\/v2\/pages\/3237\/revisions"}],"predecessor-version":[{"id":3244,"href":"https:\/\/laadexpo.com.br\/defence\/pt\/wp-json\/wp\/v2\/pages\/3237\/revisions\/3244"}],"wp:attachment":[{"href":"https:\/\/laadexpo.com.br\/defence\/pt\/wp-json\/wp\/v2\/media?parent=3237"}],"curies":[{"name":"wp","href":"https:\/\/api.w.org\/{rel}","templated":true}]}}