{"id":5151,"date":"2025-03-06T16:02:13","date_gmt":"2025-03-06T19:02:13","guid":{"rendered":"https:\/\/laadexpo.com.br\/defence\/?page_id=5151"},"modified":"2025-03-06T16:03:23","modified_gmt":"2025-03-06T19:03:23","slug":"press-releases","status":"publish","type":"page","link":"https:\/\/laadexpo.com.br\/defence\/pt\/press-releases\/","title":{"rendered":"Press Releases"},"content":{"rendered":"\t\t<div data-elementor-type=\"wp-page\" data-elementor-id=\"5151\" class=\"elementor elementor-5151\" data-elementor-post-type=\"page\">\n\t\t\t\t\t\t\t\t\t<section class=\"elementor-section elementor-top-section elementor-element elementor-element-86b3c90 elementor-section-boxed elementor-section-height-default elementor-section-height-default\" data-id=\"86b3c90\" data-element_type=\"section\">\n\t\t\t\t\t\t<div class=\"elementor-container elementor-column-gap-default\">\n\t\t\t\t\t<div class=\"elementor-column elementor-col-100 elementor-top-column elementor-element elementor-element-29377f9\" data-id=\"29377f9\" data-element_type=\"column\">\n\t\t\t<div class=\"elementor-widget-wrap elementor-element-populated\">\n\t\t\t\t\t\t\t\t<div class=\"elementor-element elementor-element-b3a1dc3 elementor-invisible elementor-widget elementor-widget-heading\" data-id=\"b3a1dc3\" data-element_type=\"widget\" data-settings=\"{&quot;_animation&quot;:&quot;fadeInLeft&quot;}\" data-widget_type=\"heading.default\">\n\t\t\t\t<div class=\"elementor-widget-container\">\n\t\t\t<style>\/*! elementor - v3.15.0 - 02-08-2023 *\/\n.elementor-heading-title{padding:0;margin:0;line-height:1}.elementor-widget-heading .elementor-heading-title[class*=elementor-size-]>a{color:inherit;font-size:inherit;line-height:inherit}.elementor-widget-heading .elementor-heading-title.elementor-size-small{font-size:15px}.elementor-widget-heading .elementor-heading-title.elementor-size-medium{font-size:19px}.elementor-widget-heading .elementor-heading-title.elementor-size-large{font-size:29px}.elementor-widget-heading .elementor-heading-title.elementor-size-xl{font-size:39px}.elementor-widget-heading .elementor-heading-title.elementor-size-xxl{font-size:59px}<\/style><h2 class=\"elementor-heading-title elementor-size-default\">Press Releases<\/h2>\t\t<\/div>\n\t\t\t\t<\/div>\n\t\t\t\t<div class=\"elementor-element elementor-element-0c3b752 elementor-grid-3 elementor-grid-tablet-2 elementor-grid-mobile-1 elementor-posts--thumbnail-top elementor-posts--show-avatar elementor-posts__hover-gradient elementor-invisible elementor-widget elementor-widget-posts\" data-id=\"0c3b752\" data-element_type=\"widget\" data-settings=\"{&quot;pagination_type&quot;:&quot;numbers_and_prev_next&quot;,&quot;_animation&quot;:&quot;fadeInUp&quot;,&quot;cards_columns&quot;:&quot;3&quot;,&quot;cards_columns_tablet&quot;:&quot;2&quot;,&quot;cards_columns_mobile&quot;:&quot;1&quot;,&quot;cards_row_gap&quot;:{&quot;unit&quot;:&quot;px&quot;,&quot;size&quot;:35,&quot;sizes&quot;:[]},&quot;cards_row_gap_tablet&quot;:{&quot;unit&quot;:&quot;px&quot;,&quot;size&quot;:&quot;&quot;,&quot;sizes&quot;:[]},&quot;cards_row_gap_mobile&quot;:{&quot;unit&quot;:&quot;px&quot;,&quot;size&quot;:&quot;&quot;,&quot;sizes&quot;:[]}}\" data-widget_type=\"posts.cards\">\n\t\t\t\t<div class=\"elementor-widget-container\">\n\t\t\t<link rel=\"stylesheet\" href=\"https:\/\/laadexpo.com.br\/defence\/wp-content\/plugins\/elementor-pro-v3.15\/assets\/css\/widget-posts.min.css\">\t\t<div class=\"elementor-posts-container elementor-posts elementor-posts--skin-cards elementor-grid\">\n\t\t\t\t<article class=\"elementor-post elementor-grid-item post-5460 post type-post status-publish format-standard hentry category-press-releases\">\n\t\t\t<div class=\"elementor-post__card\">\n\t\t\t\t<div class=\"elementor-post__text\">\n\t\t\t\t<h3 class=\"elementor-post__title\">\n\t\t\t<a href=\"https:\/\/laadexpo.com.br\/defence\/pt\/5460-2\/\" >\n\t\t\t\t\t\t\t<\/a>\n\t\t<\/h3>\n\t\t\t\t<div class=\"elementor-post__excerpt\">\n\t\t\t<p>Segundo dia do principal evento B2B de defesa e seguran\u00e7a da Am\u00e9rica Latina destaca lan\u00e7amentos e equipamentos de alta performance A LAAD Defence &amp; Security<\/p>\n\t\t<\/div>\n\t\t\n\t\t<a class=\"elementor-post__read-more\" href=\"https:\/\/laadexpo.com.br\/defence\/pt\/5460-2\/\" aria-label=\"Read more about \" >\n\t\t\tLeia Mais \u00bb\t\t<\/a>\n\n\t\t\t\t<\/div>\n\t\t\t\t<div class=\"elementor-post__meta-data\">\n\t\t\t\t\t<span class=\"elementor-post-date\">\n\t\t\t3 de abril de 2025\t\t<\/span>\n\t\t\t\t<span class=\"elementor-post-avatar\">\n\t\t\tNenhum coment\u00e1rio\t\t<\/span>\n\t\t\t\t<\/div>\n\t\t\t\t\t<\/div>\n\t\t<\/article>\n\t\t\t\t<article class=\"elementor-post elementor-grid-item post-5405 post type-post status-publish format-standard hentry category-press-releases\">\n\t\t\t<div class=\"elementor-post__card\">\n\t\t\t\t<div class=\"elementor-post__text\">\n\t\t\t\t<h3 class=\"elementor-post__title\">\n\t\t\t<a href=\"https:\/\/laadexpo.com.br\/defence\/pt\/investimentos-em-pesquisas-em-defesa-e-seguranca-impulsionam-uma-industria-nacional-sustentavel-e-competitiva\/\" >\n\t\t\t\t<strong>\u201cInvestimentos em pesquisas em defesa e seguran\u00e7a impulsionam uma ind\u00fastria nacional sustent\u00e1vel e competitiva\u201d<\/strong>\t\t\t<\/a>\n\t\t<\/h3>\n\t\t\t\t<div class=\"elementor-post__excerpt\">\n\t\t\t<p>Afirma\u00e7\u00e3o \u00e9 do Vice-Presidente da Rep\u00fablica, Geraldo Alckmin, presente \u00e0 abertura oficial da 15\u00aa edi\u00e7\u00e3o da LAAD Defence &amp; Security Governos Brasileiro e Turco acertam<\/p>\n\t\t<\/div>\n\t\t\n\t\t<a class=\"elementor-post__read-more\" href=\"https:\/\/laadexpo.com.br\/defence\/pt\/investimentos-em-pesquisas-em-defesa-e-seguranca-impulsionam-uma-industria-nacional-sustentavel-e-competitiva\/\" aria-label=\"Read more about &lt;strong&gt;\u201cInvestimentos em pesquisas em defesa e seguran\u00e7a impulsionam uma ind\u00fastria nacional sustent\u00e1vel e competitiva\u201d&lt;\/strong&gt;\" >\n\t\t\tLeia Mais \u00bb\t\t<\/a>\n\n\t\t\t\t<\/div>\n\t\t\t\t<div class=\"elementor-post__meta-data\">\n\t\t\t\t\t<span class=\"elementor-post-date\">\n\t\t\t2 de abril de 2025\t\t<\/span>\n\t\t\t\t<span class=\"elementor-post-avatar\">\n\t\t\tNenhum coment\u00e1rio\t\t<\/span>\n\t\t\t\t<\/div>\n\t\t\t\t\t<\/div>\n\t\t<\/article>\n\t\t\t\t<article class=\"elementor-post elementor-grid-item post-4965 post type-post status-publish format-standard hentry category-press-releases\">\n\t\t\t<div class=\"elementor-post__card\">\n\t\t\t\t<div class=\"elementor-post__text\">\n\t\t\t\t<h3 class=\"elementor-post__title\">\n\t\t\t<a href=\"https:\/\/laadexpo.com.br\/defence\/pt\/organizadores-e-expositores-da-laad-defence-security-2025-recebem-positivamente-a-noticia-de-que-a-industria-da-defesa-brasileira-recebera-r-1129-bilhoes-em-investimentos-ate-2026\/\" >\n\t\t\t\t<strong>Organizadores e expositores da LAAD Defence &amp; Security 2025 recebem positivamente a not\u00edcia de que a ind\u00fastria da defesa brasileira receber\u00e1 R$ 112,9 bilh\u00f5es em investimentos at\u00e9 2026<\/strong>\t\t\t<\/a>\n\t\t<\/h3>\n\t\t\t\t<div class=\"elementor-post__excerpt\">\n\t\t\t<p>A maior e mais importante feira de defesa e seguran\u00e7a da Am\u00e9rica Latina reunir\u00e1 os principais players, nacionais e internacionais, para apresentar as inova\u00e7\u00f5es do<\/p>\n\t\t<\/div>\n\t\t\n\t\t<a class=\"elementor-post__read-more\" href=\"https:\/\/laadexpo.com.br\/defence\/pt\/organizadores-e-expositores-da-laad-defence-security-2025-recebem-positivamente-a-noticia-de-que-a-industria-da-defesa-brasileira-recebera-r-1129-bilhoes-em-investimentos-ate-2026\/\" aria-label=\"Read more about &lt;strong&gt;Organizadores e expositores da LAAD Defence &amp; Security 2025 recebem positivamente a not\u00edcia de que a ind\u00fastria da defesa brasileira receber\u00e1 R$ 112,9 bilh\u00f5es em investimentos at\u00e9 2026&lt;\/strong&gt;\" >\n\t\t\tLeia Mais \u00bb\t\t<\/a>\n\n\t\t\t\t<\/div>\n\t\t\t\t<div class=\"elementor-post__meta-data\">\n\t\t\t\t\t<span class=\"elementor-post-date\">\n\t\t\t19 de fevereiro de 2025\t\t<\/span>\n\t\t\t\t<span class=\"elementor-post-avatar\">\n\t\t\tNenhum coment\u00e1rio\t\t<\/span>\n\t\t\t\t<\/div>\n\t\t\t\t\t<\/div>\n\t\t<\/article>\n\t\t\t\t<article class=\"elementor-post elementor-grid-item post-4695 post type-post status-publish format-standard hentry category-press-releases category-sem-categoria\">\n\t\t\t<div class=\"elementor-post__card\">\n\t\t\t\t<div class=\"elementor-post__text\">\n\t\t\t\t<h3 class=\"elementor-post__title\">\n\t\t\t<a href=\"https:\/\/laadexpo.com.br\/defence\/pt\/lancada-a-laad-defence-security-2025-o-maior-encontro-de-negocios-dos-setores-de-defesa-e-seguranca-da-america-latina\/\" >\n\t\t\t\t<strong><em>Lan\u00e7ada a LAAD Defence &amp; Security 2025: o maior encontro de neg\u00f3cios dos setores de defesa e seguran\u00e7a da Am\u00e9rica Latina<\/em><\/strong>\t\t\t<\/a>\n\t\t<\/h3>\n\t\t\t\t<div class=\"elementor-post__excerpt\">\n\t\t\t<p>15\u00aa edi\u00e7\u00e3o do evento ser\u00e1 realizada de 1 a 4 de abril, no Rio de Janeiro, com a participa\u00e7\u00e3o de autoridades das For\u00e7as Armadas, Pol\u00edcias,<\/p>\n\t\t<\/div>\n\t\t\n\t\t<a class=\"elementor-post__read-more\" href=\"https:\/\/laadexpo.com.br\/defence\/pt\/lancada-a-laad-defence-security-2025-o-maior-encontro-de-negocios-dos-setores-de-defesa-e-seguranca-da-america-latina\/\" aria-label=\"Read more about &lt;strong&gt;&lt;em&gt;Lan\u00e7ada a LAAD Defence &amp; Security 2025: o maior encontro de neg\u00f3cios dos setores de defesa e seguran\u00e7a da Am\u00e9rica Latina&lt;\/em&gt;&lt;\/strong&gt;\" >\n\t\t\tLeia Mais \u00bb\t\t<\/a>\n\n\t\t\t\t<\/div>\n\t\t\t\t<div class=\"elementor-post__meta-data\">\n\t\t\t\t\t<span class=\"elementor-post-date\">\n\t\t\t11 de fevereiro de 2025\t\t<\/span>\n\t\t\t\t<span class=\"elementor-post-avatar\">\n\t\t\tNenhum coment\u00e1rio\t\t<\/span>\n\t\t\t\t<\/div>\n\t\t\t\t\t<\/div>\n\t\t<\/article>\n\t\t\t\t<article class=\"elementor-post elementor-grid-item post-4882 post type-post status-publish format-standard hentry category-press-releases\">\n\t\t\t<div class=\"elementor-post__card\">\n\t\t\t\t<div class=\"elementor-post__text\">\n\t\t\t\t<h3 class=\"elementor-post__title\">\n\t\t\t<a href=\"https:\/\/laadexpo.com.br\/defence\/pt\/ha-mais-de-tres-meses-da-realizacao-laad-defence-security-ja-supera-a-edicao-de-2023-em-numero-de-marcas-expositoras-e-delegacoes\/\" >\n\t\t\t\t<strong>H\u00e1 mais de tr\u00eas meses da realiza\u00e7\u00e3o, LAAD Defence &amp; Security j\u00e1 supera a edi\u00e7\u00e3o de 2023 em n\u00famero de marcas expositoras e delega\u00e7\u00f5es<\/strong>\t\t\t<\/a>\n\t\t<\/h3>\n\t\t\t\t<div class=\"elementor-post__excerpt\">\n\t\t\t<p>Evento coincide com momento de crescimento recorde do setor, que registrou R$ 9,53 bilh\u00f5es em exporta\u00e7\u00f5es 400 marcas expositoras de mais de 28 pa\u00edses j\u00e1<\/p>\n\t\t<\/div>\n\t\t\n\t\t<a class=\"elementor-post__read-more\" href=\"https:\/\/laadexpo.com.br\/defence\/pt\/ha-mais-de-tres-meses-da-realizacao-laad-defence-security-ja-supera-a-edicao-de-2023-em-numero-de-marcas-expositoras-e-delegacoes\/\" aria-label=\"Read more about &lt;strong&gt;H\u00e1 mais de tr\u00eas meses da realiza\u00e7\u00e3o, LAAD Defence &amp; Security j\u00e1 supera a edi\u00e7\u00e3o de 2023 em n\u00famero de marcas expositoras e delega\u00e7\u00f5es&lt;\/strong&gt;\" >\n\t\t\tLeia Mais \u00bb\t\t<\/a>\n\n\t\t\t\t<\/div>\n\t\t\t\t<div class=\"elementor-post__meta-data\">\n\t\t\t\t\t<span class=\"elementor-post-date\">\n\t\t\t11 de fevereiro de 2025\t\t<\/span>\n\t\t\t\t<span class=\"elementor-post-avatar\">\n\t\t\tNenhum coment\u00e1rio\t\t<\/span>\n\t\t\t\t<\/div>\n\t\t\t\t\t<\/div>\n\t\t<\/article>\n\t\t\t\t<\/div>\n\t\t\n\t\t\t\t<\/div>\n\t\t\t\t<\/div>\n\t\t\t\t\t<\/div>\n\t\t<\/div>\n\t\t\t\t\t\t\t<\/div>\n\t\t<\/section>\n\t\t\t\t\t\t\t<\/div>\n\t\t","protected":false},"excerpt":{"rendered":"<p>Press Releases<\/p>\n","protected":false},"author":9,"featured_media":0,"parent":0,"menu_order":0,"comment_status":"closed","ping_status":"closed","template":"","meta":{"_joinchat":[]},"_links":{"self":[{"href":"https:\/\/laadexpo.com.br\/defence\/pt\/wp-json\/wp\/v2\/pages\/5151"}],"collection":[{"href":"https:\/\/laadexpo.com.br\/defence\/pt\/wp-json\/wp\/v2\/pages"}],"about":[{"href":"https:\/\/laadexpo.com.br\/defence\/pt\/wp-json\/wp\/v2\/types\/page"}],"author":[{"embeddable":true,"href":"https:\/\/laadexpo.com.br\/defence\/pt\/wp-json\/wp\/v2\/users\/9"}],"replies":[{"embeddable":true,"href":"https:\/\/laadexpo.com.br\/defence\/pt\/wp-json\/wp\/v2\/comments?post=5151"}],"version-history":[{"count":4,"href":"https:\/\/laadexpo.com.br\/defence\/pt\/wp-json\/wp\/v2\/pages\/5151\/revisions"}],"predecessor-version":[{"id":5155,"href":"https:\/\/laadexpo.com.br\/defence\/pt\/wp-json\/wp\/v2\/pages\/5151\/revisions\/5155"}],"wp:attachment":[{"href":"https:\/\/laadexpo.com.br\/defence\/pt\/wp-json\/wp\/v2\/media?parent=5151"}],"curies":[{"name":"wp","href":"https:\/\/api.w.org\/{rel}","templated":true}]}}