{"id":5156,"date":"2025-03-06T16:03:45","date_gmt":"2025-03-06T19:03:45","guid":{"rendered":"https:\/\/laadexpo.com.br\/defence\/?page_id=5156"},"modified":"2025-03-06T16:04:37","modified_gmt":"2025-03-06T19:04:37","slug":"saiu-na-midia","status":"publish","type":"page","link":"https:\/\/laadexpo.com.br\/defence\/pt\/saiu-na-midia\/","title":{"rendered":"Saiu na M\u00eddia"},"content":{"rendered":"\t\t<div data-elementor-type=\"wp-page\" data-elementor-id=\"5156\" class=\"elementor elementor-5156\" data-elementor-post-type=\"page\">\n\t\t\t\t\t\t\t\t\t<section class=\"elementor-section elementor-top-section elementor-element elementor-element-86b3c90 elementor-section-boxed elementor-section-height-default elementor-section-height-default\" data-id=\"86b3c90\" data-element_type=\"section\">\n\t\t\t\t\t\t<div class=\"elementor-container elementor-column-gap-default\">\n\t\t\t\t\t<div class=\"elementor-column elementor-col-100 elementor-top-column elementor-element elementor-element-29377f9\" data-id=\"29377f9\" data-element_type=\"column\">\n\t\t\t<div class=\"elementor-widget-wrap elementor-element-populated\">\n\t\t\t\t\t\t\t\t<div class=\"elementor-element elementor-element-b3a1dc3 elementor-invisible elementor-widget elementor-widget-heading\" data-id=\"b3a1dc3\" data-element_type=\"widget\" data-settings=\"{&quot;_animation&quot;:&quot;fadeInLeft&quot;}\" data-widget_type=\"heading.default\">\n\t\t\t\t<div class=\"elementor-widget-container\">\n\t\t\t<style>\/*! elementor - v3.15.0 - 02-08-2023 *\/\n.elementor-heading-title{padding:0;margin:0;line-height:1}.elementor-widget-heading .elementor-heading-title[class*=elementor-size-]>a{color:inherit;font-size:inherit;line-height:inherit}.elementor-widget-heading .elementor-heading-title.elementor-size-small{font-size:15px}.elementor-widget-heading .elementor-heading-title.elementor-size-medium{font-size:19px}.elementor-widget-heading .elementor-heading-title.elementor-size-large{font-size:29px}.elementor-widget-heading .elementor-heading-title.elementor-size-xl{font-size:39px}.elementor-widget-heading .elementor-heading-title.elementor-size-xxl{font-size:59px}<\/style><h2 class=\"elementor-heading-title elementor-size-default\">Saiu na M\u00eddia<\/h2>\t\t<\/div>\n\t\t\t\t<\/div>\n\t\t\t\t<div class=\"elementor-element elementor-element-0c3b752 elementor-grid-3 elementor-grid-tablet-2 elementor-grid-mobile-1 elementor-posts--thumbnail-top elementor-posts--show-avatar elementor-posts__hover-gradient elementor-invisible elementor-widget elementor-widget-posts\" data-id=\"0c3b752\" data-element_type=\"widget\" data-settings=\"{&quot;pagination_type&quot;:&quot;numbers_and_prev_next&quot;,&quot;_animation&quot;:&quot;fadeInUp&quot;,&quot;cards_columns&quot;:&quot;3&quot;,&quot;cards_columns_tablet&quot;:&quot;2&quot;,&quot;cards_columns_mobile&quot;:&quot;1&quot;,&quot;cards_row_gap&quot;:{&quot;unit&quot;:&quot;px&quot;,&quot;size&quot;:35,&quot;sizes&quot;:[]},&quot;cards_row_gap_tablet&quot;:{&quot;unit&quot;:&quot;px&quot;,&quot;size&quot;:&quot;&quot;,&quot;sizes&quot;:[]},&quot;cards_row_gap_mobile&quot;:{&quot;unit&quot;:&quot;px&quot;,&quot;size&quot;:&quot;&quot;,&quot;sizes&quot;:[]}}\" data-widget_type=\"posts.cards\">\n\t\t\t\t<div class=\"elementor-widget-container\">\n\t\t\t<link rel=\"stylesheet\" href=\"https:\/\/laadexpo.com.br\/defence\/wp-content\/plugins\/elementor-pro-v3.15\/assets\/css\/widget-posts.min.css\">\t\t<div class=\"elementor-posts-container elementor-posts elementor-posts--skin-cards elementor-grid\">\n\t\t\t\t<article class=\"elementor-post elementor-grid-item post-5462 post type-post status-publish format-standard hentry category-saiu-na-midia\">\n\t\t\t<div class=\"elementor-post__card\">\n\t\t\t\t<div class=\"elementor-post__text\">\n\t\t\t\t<h3 class=\"elementor-post__title\">\n\t\t\t<a href=\"https:\/\/laadexpo.com.br\/defence\/pt\/helisul-anuncia-na-laad-2025-parceria-para-comercializacao-no-brasil-da-aeronave-de-vigilancia-p68-observer-da-italiana-vulcana\/\" >\n\t\t\t\tHelisul anuncia na LAAD 2025 parceria para comercializa\u00e7\u00e3o no Brasil da aeronave de vigil\u00e2ncia P68 Observer, da italiana Vulcana\t\t\t<\/a>\n\t\t<\/h3>\n\t\t\t\t<div class=\"elementor-post__excerpt\">\n\t\t\t<p>A Helisul, uma das principais empresas de avia\u00e7\u00e3o do Brasil, anunciou durante a LAAD 2025, uma parceria estrat\u00e9gica com a fabricante italiana Vulcanair Aircraft para<\/p>\n\t\t<\/div>\n\t\t\n\t\t<a class=\"elementor-post__read-more\" href=\"https:\/\/laadexpo.com.br\/defence\/pt\/helisul-anuncia-na-laad-2025-parceria-para-comercializacao-no-brasil-da-aeronave-de-vigilancia-p68-observer-da-italiana-vulcana\/\" aria-label=\"Read more about Helisul anuncia na LAAD 2025 parceria para comercializa\u00e7\u00e3o no Brasil da aeronave de vigil\u00e2ncia P68 Observer, da italiana Vulcana\" >\n\t\t\tLeia Mais \u00bb\t\t<\/a>\n\n\t\t\t\t<\/div>\n\t\t\t\t<div class=\"elementor-post__meta-data\">\n\t\t\t\t\t<span class=\"elementor-post-date\">\n\t\t\t4 de abril de 2025\t\t<\/span>\n\t\t\t\t<span class=\"elementor-post-avatar\">\n\t\t\tNenhum coment\u00e1rio\t\t<\/span>\n\t\t\t\t<\/div>\n\t\t\t\t\t<\/div>\n\t\t<\/article>\n\t\t\t\t<article class=\"elementor-post elementor-grid-item post-5458 post type-post status-publish format-standard hentry category-saiu-na-midia\">\n\t\t\t<div class=\"elementor-post__card\">\n\t\t\t\t<div class=\"elementor-post__text\">\n\t\t\t\t<h3 class=\"elementor-post__title\">\n\t\t\t<a href=\"https:\/\/laadexpo.com.br\/defence\/pt\/arsitec-leva-solucoes-de-monitoramento-e-contencao-de-drones-para-a-laad-2025\/\" >\n\t\t\t\t<strong>Arsitec\u00a0leva\u00a0solu\u00e7\u00f5es de monitoramento e\u00a0conten\u00e7\u00e3o de drones\u00a0para a LAAD 2025<\/strong>\t\t\t<\/a>\n\t\t<\/h3>\n\t\t\t\t<div class=\"elementor-post__excerpt\">\n\t\t\t<p>Tecnologia da\u00a0Aaronia\u00a0AG\u00a0fortalece\u00a0os setores de\u00a0seguran\u00e7a\u00a0p\u00fablica\u00a0e defesacom equipamentos de alta\u00a0tecnologia e efetividade A\u00a0Arsitec, distribuidora de tecnologias avan\u00e7adas para os setores de telecomunica\u00e7\u00f5es, defesa, seguran\u00e7a p\u00fablica e avia\u00e7\u00e3o,<\/p>\n\t\t<\/div>\n\t\t\n\t\t<a class=\"elementor-post__read-more\" href=\"https:\/\/laadexpo.com.br\/defence\/pt\/arsitec-leva-solucoes-de-monitoramento-e-contencao-de-drones-para-a-laad-2025\/\" aria-label=\"Read more about &lt;strong&gt;Arsitec\u00a0leva\u00a0solu\u00e7\u00f5es de monitoramento e\u00a0conten\u00e7\u00e3o de drones\u00a0para a LAAD 2025&lt;\/strong&gt;\" >\n\t\t\tLeia Mais \u00bb\t\t<\/a>\n\n\t\t\t\t<\/div>\n\t\t\t\t<div class=\"elementor-post__meta-data\">\n\t\t\t\t\t<span class=\"elementor-post-date\">\n\t\t\t3 de abril de 2025\t\t<\/span>\n\t\t\t\t<span class=\"elementor-post-avatar\">\n\t\t\tNenhum coment\u00e1rio\t\t<\/span>\n\t\t\t\t<\/div>\n\t\t\t\t\t<\/div>\n\t\t<\/article>\n\t\t\t\t<article class=\"elementor-post elementor-grid-item post-5456 post type-post status-publish format-standard hentry category-saiu-na-midia\">\n\t\t\t<div class=\"elementor-post__card\">\n\t\t\t\t<div class=\"elementor-post__text\">\n\t\t\t\t<h3 class=\"elementor-post__title\">\n\t\t\t<a href=\"https:\/\/laadexpo.com.br\/defence\/pt\/helisul-implantara-sistema-aereo-da-centum-no-brasil\/\" >\n\t\t\t\t<strong>Helisul implantar\u00e1 sistema a\u00e9reo da CENTUM no Brasil<\/strong>\t\t\t<\/a>\n\t\t<\/h3>\n\t\t\t\t<div class=\"elementor-post__excerpt\">\n\t\t\t<p>Sistema de rastreio de celulares e resgate ser\u00e1 utilizado por for\u00e7a de seguran\u00e7a p\u00fablica brasileira A Helisul Engenharia, parte do Grupo Helisul, firmou recentemente uma<\/p>\n\t\t<\/div>\n\t\t\n\t\t<a class=\"elementor-post__read-more\" href=\"https:\/\/laadexpo.com.br\/defence\/pt\/helisul-implantara-sistema-aereo-da-centum-no-brasil\/\" aria-label=\"Read more about &lt;strong&gt;Helisul implantar\u00e1 sistema a\u00e9reo da CENTUM no Brasil&lt;\/strong&gt;\" >\n\t\t\tLeia Mais \u00bb\t\t<\/a>\n\n\t\t\t\t<\/div>\n\t\t\t\t<div class=\"elementor-post__meta-data\">\n\t\t\t\t\t<span class=\"elementor-post-date\">\n\t\t\t3 de abril de 2025\t\t<\/span>\n\t\t\t\t<span class=\"elementor-post-avatar\">\n\t\t\tNenhum coment\u00e1rio\t\t<\/span>\n\t\t\t\t<\/div>\n\t\t\t\t\t<\/div>\n\t\t<\/article>\n\t\t\t\t<article class=\"elementor-post elementor-grid-item post-5454 post type-post status-publish format-standard hentry category-saiu-na-midia\">\n\t\t\t<div class=\"elementor-post__card\">\n\t\t\t\t<div class=\"elementor-post__text\">\n\t\t\t\t<h3 class=\"elementor-post__title\">\n\t\t\t<a href=\"https:\/\/laadexpo.com.br\/defence\/pt\/arsitec-destaca-solucoes-inovadoras-na-laad-2025-com-exclusividade-da-viavi-no-brasil\/\" >\n\t\t\t\t<strong>Arsitec destaca solu\u00e7\u00f5es inovadoras na LAAD 2025 com exclusividade da VIAVI no Brasil<\/strong>\t\t\t<\/a>\n\t\t<\/h3>\n\t\t\t\t<div class=\"elementor-post__excerpt\">\n\t\t\t<p>A participa\u00e7\u00e3o no evento refor\u00e7a o compromisso da empresa com tecnologias inovadoras que aprimoram a seguran\u00e7a e a efici\u00eancia nos setores de Defesa e Seguran\u00e7a<\/p>\n\t\t<\/div>\n\t\t\n\t\t<a class=\"elementor-post__read-more\" href=\"https:\/\/laadexpo.com.br\/defence\/pt\/arsitec-destaca-solucoes-inovadoras-na-laad-2025-com-exclusividade-da-viavi-no-brasil\/\" aria-label=\"Read more about &lt;strong&gt;Arsitec destaca solu\u00e7\u00f5es inovadoras na LAAD 2025 com exclusividade da VIAVI no Brasil&lt;\/strong&gt;\" >\n\t\t\tLeia Mais \u00bb\t\t<\/a>\n\n\t\t\t\t<\/div>\n\t\t\t\t<div class=\"elementor-post__meta-data\">\n\t\t\t\t\t<span class=\"elementor-post-date\">\n\t\t\t3 de abril de 2025\t\t<\/span>\n\t\t\t\t<span class=\"elementor-post-avatar\">\n\t\t\tNenhum coment\u00e1rio\t\t<\/span>\n\t\t\t\t<\/div>\n\t\t\t\t\t<\/div>\n\t\t<\/article>\n\t\t\t\t<article class=\"elementor-post elementor-grid-item post-5452 post type-post status-publish format-standard hentry category-saiu-na-midia\">\n\t\t\t<div class=\"elementor-post__card\">\n\t\t\t\t<div class=\"elementor-post__text\">\n\t\t\t\t<h3 class=\"elementor-post__title\">\n\t\t\t<a href=\"https:\/\/laadexpo.com.br\/defence\/pt\/adtech-advanced-technologies-security-defense-governo-do-acre-moderniza-seguranca-publica-com-drone-harpia\/\" >\n\t\t\t\tADTech &#8211; Advanced Technologies Security &#038; Defense: Governo do Acre moderniza seguran\u00e7a p\u00fablica com drone Harpia\t\t\t<\/a>\n\t\t<\/h3>\n\t\t\t\t<div class=\"elementor-post__excerpt\">\n\t\t\t<p>A Secretaria de Seguran\u00e7a P\u00fablica do Acre refor\u00e7ou sua capacidade operacional ao adquirir o drone Harpia, um Ve\u00edculo A\u00e9reo N\u00e3o Tripulado (VANT) de alto desempenho<\/p>\n\t\t<\/div>\n\t\t\n\t\t<a class=\"elementor-post__read-more\" href=\"https:\/\/laadexpo.com.br\/defence\/pt\/adtech-advanced-technologies-security-defense-governo-do-acre-moderniza-seguranca-publica-com-drone-harpia\/\" aria-label=\"Read more about ADTech &#8211; Advanced Technologies Security &#038; Defense: Governo do Acre moderniza seguran\u00e7a p\u00fablica com drone Harpia\" >\n\t\t\tLeia Mais \u00bb\t\t<\/a>\n\n\t\t\t\t<\/div>\n\t\t\t\t<div class=\"elementor-post__meta-data\">\n\t\t\t\t\t<span class=\"elementor-post-date\">\n\t\t\t2 de abril de 2025\t\t<\/span>\n\t\t\t\t<span class=\"elementor-post-avatar\">\n\t\t\tNenhum coment\u00e1rio\t\t<\/span>\n\t\t\t\t<\/div>\n\t\t\t\t\t<\/div>\n\t\t<\/article>\n\t\t\t\t<article class=\"elementor-post elementor-grid-item post-5450 post type-post status-publish format-standard hentry category-saiu-na-midia\">\n\t\t\t<div class=\"elementor-post__card\">\n\t\t\t\t<div class=\"elementor-post__text\">\n\t\t\t\t<h3 class=\"elementor-post__title\">\n\t\t\t<a href=\"https:\/\/laadexpo.com.br\/defence\/pt\/tait-communications-marca-presenca-na-laad-2025-com-solucoes-inovadoras-e-inteligentes-para-o-setor-de-seguranca-publica\/\" >\n\t\t\t\tTait Communications marca presen\u00e7a na LAAD 2025 com solu\u00e7\u00f5es inovadoras e inteligentes para o setor de seguran\u00e7a p\u00fablica\t\t\t<\/a>\n\t\t<\/h3>\n\t\t\t\t<div class=\"elementor-post__excerpt\">\n\t\t\t<p>Rio de Janeiro, 31 de mar\u00e7o \u2014 A Tait Communications, refer\u00eancia em comunica\u00e7\u00f5es cr\u00edticas, participa com destaque da LAAD 2025, a principal feira de seguran\u00e7a<\/p>\n\t\t<\/div>\n\t\t\n\t\t<a class=\"elementor-post__read-more\" href=\"https:\/\/laadexpo.com.br\/defence\/pt\/tait-communications-marca-presenca-na-laad-2025-com-solucoes-inovadoras-e-inteligentes-para-o-setor-de-seguranca-publica\/\" aria-label=\"Read more about Tait Communications marca presen\u00e7a na LAAD 2025 com solu\u00e7\u00f5es inovadoras e inteligentes para o setor de seguran\u00e7a p\u00fablica\" >\n\t\t\tLeia Mais \u00bb\t\t<\/a>\n\n\t\t\t\t<\/div>\n\t\t\t\t<div class=\"elementor-post__meta-data\">\n\t\t\t\t\t<span class=\"elementor-post-date\">\n\t\t\t2 de abril de 2025\t\t<\/span>\n\t\t\t\t<span class=\"elementor-post-avatar\">\n\t\t\tNenhum coment\u00e1rio\t\t<\/span>\n\t\t\t\t<\/div>\n\t\t\t\t\t<\/div>\n\t\t<\/article>\n\t\t\t\t<\/div>\n\t\t\n\t\t\t\t<div class=\"e-load-more-anchor\" data-page=\"1\" data-max-page=\"5\" data-next-page=\"https:\/\/laadexpo.com.br\/defence\/pt\/wp-json\/wp\/v2\/pages\/5156\/page\/2\/\"><\/div>\n\t\t\t\t<nav class=\"elementor-pagination\" aria-label=\"Pagination\">\n\t\t\t<span class=\"page-numbers prev\">&laquo; Anterior<\/span>\n<span aria-current=\"page\" class=\"page-numbers current\"><span class=\"elementor-screen-only\">Page<\/span>1<\/span>\n<a class=\"page-numbers\" href=\"https:\/\/laadexpo.com.br\/defence\/pt\/wp-json\/wp\/v2\/pages\/5156\/page\/2\/\"><span class=\"elementor-screen-only\">Page<\/span>2<\/a>\n<a class=\"page-numbers\" href=\"https:\/\/laadexpo.com.br\/defence\/pt\/wp-json\/wp\/v2\/pages\/5156\/page\/3\/\"><span class=\"elementor-screen-only\">Page<\/span>3<\/a>\n<a class=\"page-numbers\" href=\"https:\/\/laadexpo.com.br\/defence\/pt\/wp-json\/wp\/v2\/pages\/5156\/page\/4\/\"><span class=\"elementor-screen-only\">Page<\/span>4<\/a>\n<a class=\"page-numbers\" href=\"https:\/\/laadexpo.com.br\/defence\/pt\/wp-json\/wp\/v2\/pages\/5156\/page\/5\/\"><span class=\"elementor-screen-only\">Page<\/span>5<\/a>\n<a class=\"page-numbers next\" href=\"https:\/\/laadexpo.com.br\/defence\/pt\/wp-json\/wp\/v2\/pages\/5156\/page\/2\/\">Pr\u00f3ximo &raquo;<\/a>\t\t<\/nav>\n\t\t\t\t<\/div>\n\t\t\t\t<\/div>\n\t\t\t\t\t<\/div>\n\t\t<\/div>\n\t\t\t\t\t\t\t<\/div>\n\t\t<\/section>\n\t\t\t\t\t\t\t<\/div>\n\t\t","protected":false},"excerpt":{"rendered":"<p>Saiu na M\u00eddia<\/p>\n","protected":false},"author":9,"featured_media":0,"parent":0,"menu_order":0,"comment_status":"closed","ping_status":"closed","template":"","meta":{"_joinchat":[]},"_links":{"self":[{"href":"https:\/\/laadexpo.com.br\/defence\/pt\/wp-json\/wp\/v2\/pages\/5156"}],"collection":[{"href":"https:\/\/laadexpo.com.br\/defence\/pt\/wp-json\/wp\/v2\/pages"}],"about":[{"href":"https:\/\/laadexpo.com.br\/defence\/pt\/wp-json\/wp\/v2\/types\/page"}],"author":[{"embeddable":true,"href":"https:\/\/laadexpo.com.br\/defence\/pt\/wp-json\/wp\/v2\/users\/9"}],"replies":[{"embeddable":true,"href":"https:\/\/laadexpo.com.br\/defence\/pt\/wp-json\/wp\/v2\/comments?post=5156"}],"version-history":[{"count":4,"href":"https:\/\/laadexpo.com.br\/defence\/pt\/wp-json\/wp\/v2\/pages\/5156\/revisions"}],"predecessor-version":[{"id":5160,"href":"https:\/\/laadexpo.com.br\/defence\/pt\/wp-json\/wp\/v2\/pages\/5156\/revisions\/5160"}],"wp:attachment":[{"href":"https:\/\/laadexpo.com.br\/defence\/pt\/wp-json\/wp\/v2\/media?parent=5156"}],"curies":[{"name":"wp","href":"https:\/\/api.w.org\/{rel}","templated":true}]}}