{"id":157,"date":"2023-08-13T23:04:31","date_gmt":"2023-08-14T02:04:31","guid":{"rendered":"http:\/\/laadexpo1.hospedagemdesites.ws\/security\/?page_id=157"},"modified":"2025-11-17T03:37:54","modified_gmt":"2025-11-17T06:37:54","slug":"quem-expoe","status":"publish","type":"page","link":"https:\/\/laadexpo.com.br\/security\/en\/who-exhibits\/","title":{"rendered":"Who Exhibits"},"content":{"rendered":"<div data-elementor-type=\"wp-page\" data-elementor-id=\"157\" class=\"elementor elementor-157\" data-elementor-post-type=\"page\">\n\t\t\t\t\t\t<section class=\"elementor-section elementor-top-section elementor-element elementor-element-9d030fc elementor-section-boxed elementor-section-height-default elementor-section-height-default\" data-id=\"9d030fc\" data-element_type=\"section\">\n\t\t\t\t\t\t\t<div class=\"elementor-background-overlay\"><\/div>\n\t\t\t\t\t\t\t<div class=\"elementor-container elementor-column-gap-default\">\n\t\t\t\t\t<div class=\"elementor-column elementor-col-100 elementor-top-column elementor-element elementor-element-f86c7c5\" data-id=\"f86c7c5\" data-element_type=\"column\">\n\t\t\t<div class=\"elementor-widget-wrap elementor-element-populated\">\n\t\t\t\t\t\t<div class=\"elementor-element elementor-element-d8a3aac elementor-invisible elementor-widget elementor-widget-heading\" data-id=\"d8a3aac\" data-element_type=\"widget\" data-settings=\"{&quot;_animation&quot;:&quot;fadeInUp&quot;}\" data-widget_type=\"heading.default\">\n\t\t\t\t<div class=\"elementor-widget-container\">\n\t\t\t<style>\/*! elementor - v3.19.0 - 07-02-2024 *\/\n.elementor-heading-title{padding:0;margin:0;line-height:1}.elementor-widget-heading .elementor-heading-title[class*=elementor-size-]>a{color:inherit;font-size:inherit;line-height:inherit}.elementor-widget-heading .elementor-heading-title.elementor-size-small{font-size:15px}.elementor-widget-heading .elementor-heading-title.elementor-size-medium{font-size:19px}.elementor-widget-heading .elementor-heading-title.elementor-size-large{font-size:29px}.elementor-widget-heading .elementor-heading-title.elementor-size-xl{font-size:39px}.elementor-widget-heading .elementor-heading-title.elementor-size-xxl{font-size:59px}<\/style><h1 class=\"elementor-heading-title elementor-size-default\">Who's Exhibiting at LAAD Security Milipol Brazil 2026<\/h1>\t\t<\/div>\n\t\t\t\t<\/div>\n\t\t\t\t<div class=\"elementor-element elementor-element-0f6442d elementor-invisible elementor-widget elementor-widget-text-editor\" data-id=\"0f6442d\" data-element_type=\"widget\" data-settings=\"{&quot;_animation&quot;:&quot;fadeInUp&quot;}\" data-widget_type=\"text-editor.default\">\n\t\t\t\t<div class=\"elementor-widget-container\">\n\t\t\t<style>\/*! elementor - v3.19.0 - 07-02-2024 *\/\n.elementor-widget-text-editor.elementor-drop-cap-view-stacked .elementor-drop-cap{background-color:#69727d;color:#fff}.elementor-widget-text-editor.elementor-drop-cap-view-framed .elementor-drop-cap{color:#69727d;border:3px solid;background-color:transparent}.elementor-widget-text-editor:not(.elementor-drop-cap-view-default) .elementor-drop-cap{margin-top:8px}.elementor-widget-text-editor:not(.elementor-drop-cap-view-default) .elementor-drop-cap-letter{width:1em;height:1em}.elementor-widget-text-editor .elementor-drop-cap{float:left;text-align:center;line-height:1;font-size:50px}.elementor-widget-text-editor .elementor-drop-cap-letter{display:inline-block}<\/style>\t\t\t\t<p>The exhibition brings together national and international companies that provide technologies, equipment and services for Public Security, Police Forces, Special Forces, Armed Forces, Law Enforcement, Homeland Security and Security Managers of Large Corporations, Service Concessionaires and Critical Infrastructure in Brazil and America Latin.<\/p>\t\t\t\t\t\t<\/div>\n\t\t\t\t<\/div>\n\t\t\t\t<div class=\"elementor-element elementor-element-9fc857c elementor-align-center elementor-mobile-align-justify elementor-invisible elementor-widget elementor-widget-button\" data-id=\"9fc857c\" data-element_type=\"widget\" data-settings=\"{&quot;_animation&quot;:&quot;fadeInLeft&quot;}\" data-widget_type=\"button.default\">\n\t\t\t\t<div class=\"elementor-widget-container\">\n\t\t\t\t\t<div class=\"elementor-button-wrapper\">\n\t\t\t<a class=\"elementor-button elementor-button-link elementor-size-sm\" href=\"https:\/\/laadexpo.com.br\/security\/en\/por-que-expor\/#expositor\">\n\t\t\t\t\t\t<span class=\"elementor-button-content-wrapper\">\n\t\t\t\t\t\t<span class=\"elementor-button-text\">I want to be an Exhibitor<\/span>\n\t\t<\/span>\n\t\t\t\t\t<\/a>\n\t\t<\/div>\n\t\t\t\t<\/div>\n\t\t\t\t<\/div>\n\t\t\t\t\t<\/div>\n\t\t<\/div>\n\t\t\t\t\t<\/div>\n\t\t<\/section>\n\t\t\t\t<\/div>","protected":false},"excerpt":{"rendered":"<p>Who Exhibits at LAAD Security &amp; Defense The exhibition brings together national and international companies that provide technologies, equipment and services for Public Security, Police Forces, Special Forces, Armed Forces, Law Enforcement, Homeland Security and Security Managers of Large Corporations, Service Concessionaires and Critical Infrastructure of Brazil and Latin America. I want to be an Exhibitor<\/p>","protected":false},"author":2,"featured_media":62,"parent":0,"menu_order":0,"comment_status":"closed","ping_status":"closed","template":"","meta":{"_joinchat":[]},"yoast_head":"<!-- This site is optimized with the Yoast SEO plugin v21.8 - https:\/\/yoast.com\/wordpress\/plugins\/seo\/ -->\n<title>Quem Exp\u00f5e | LAAD Security Milipol Brazil 2028<\/title>\n<meta name=\"robots\" content=\"index, follow, max-snippet:-1, max-image-preview:large, max-video-preview:-1\" \/>\n<link rel=\"canonical\" href=\"https:\/\/laadexpo.com.br\/security\/en\/quem-expoe\/\" \/>\n<meta property=\"og:locale\" content=\"en_US\" \/>\n<meta property=\"og:type\" content=\"article\" \/>\n<meta property=\"og:title\" content=\"Quem Exp\u00f5e | LAAD Security Milipol Brazil 2028\" \/>\n<meta property=\"og:description\" content=\"Quem Exp\u00f5e na LAAD Security Milipol Brazil 2026 A exposi\u00e7\u00e3o re\u00fane empresas nacionais e internacionais que fornecem tecnologias, equipamentos e servi\u00e7os para Seguran\u00e7a P\u00fablica, For\u00e7as Policiais, For\u00e7as Especiais, For\u00e7as Armadas, Law Enforcement, Homeland Security e Gestores de Seguran\u00e7a de Grandes Corpora\u00e7\u00f5es, Concession\u00e1rias de Servi\u00e7os e Infraestrutura Cr\u00edtica do Brasil e Am\u00e9rica Latina. Quero ser um...\" \/>\n<meta property=\"og:url\" content=\"https:\/\/laadexpo.com.br\/security\/en\/quem-expoe\/\" \/>\n<meta property=\"og:site_name\" content=\"LAAD Security Milipol Brazil 2028\" \/>\n<meta property=\"article:modified_time\" content=\"2025-11-17T06:37:54+00:00\" \/>\n<meta property=\"og:image\" content=\"https:\/\/laadexpo.com.br\/security\/wp-content\/uploads\/2023\/08\/laad-security-2018-img-01.jpg\" \/>\n\t<meta property=\"og:image:width\" content=\"960\" \/>\n\t<meta property=\"og:image:height\" content=\"641\" \/>\n\t<meta property=\"og:image:type\" content=\"image\/jpeg\" \/>\n<meta name=\"twitter:card\" content=\"summary_large_image\" \/>\n<meta name=\"twitter:title\" content=\"Quem Exp\u00f5e | LAAD Security Milipol Brazil 2028\" \/>\n<meta name=\"twitter:label1\" content=\"Est. reading time\" \/>\n\t<meta name=\"twitter:data1\" content=\"1 minute\" \/>\n<script type=\"application\/ld+json\" class=\"yoast-schema-graph\">{\"@context\":\"https:\/\/schema.org\",\"@graph\":[{\"@type\":\"WebPage\",\"@id\":\"https:\/\/laadexpo.com.br\/security\/quem-expoe\/\",\"url\":\"https:\/\/laadexpo.com.br\/security\/quem-expoe\/\",\"name\":\"Quem Exp\u00f5e | LAAD Security Milipol Brazil 2028\",\"isPartOf\":{\"@id\":\"https:\/\/laadexpo.com.br\/security\/#website\"},\"datePublished\":\"2023-08-14T02:04:31+00:00\",\"dateModified\":\"2025-11-17T06:37:54+00:00\",\"breadcrumb\":{\"@id\":\"https:\/\/laadexpo.com.br\/security\/quem-expoe\/#breadcrumb\"},\"inLanguage\":\"en-US\",\"potentialAction\":[{\"@type\":\"ReadAction\",\"target\":[\"https:\/\/laadexpo.com.br\/security\/quem-expoe\/\"]}]},{\"@type\":\"BreadcrumbList\",\"@id\":\"https:\/\/laadexpo.com.br\/security\/quem-expoe\/#breadcrumb\",\"itemListElement\":[{\"@type\":\"ListItem\",\"position\":1,\"name\":\"In\u00edcio\",\"item\":\"https:\/\/laadexpo.com.br\/security\/\"},{\"@type\":\"ListItem\",\"position\":2,\"name\":\"Quem Exp\u00f5e\"}]},{\"@type\":\"WebSite\",\"@id\":\"https:\/\/laadexpo.com.br\/security\/#website\",\"url\":\"https:\/\/laadexpo.com.br\/security\/\",\"name\":\"LAAD Security & Defence\",\"description\":\"Feira Internacional de Seguran\u00e7a\",\"publisher\":{\"@id\":\"https:\/\/laadexpo.com.br\/security\/#organization\"},\"alternateName\":\"LAAD Security & Defence\",\"potentialAction\":[{\"@type\":\"SearchAction\",\"target\":{\"@type\":\"EntryPoint\",\"urlTemplate\":\"https:\/\/laadexpo.com.br\/security\/?s={search_term_string}\"},\"query-input\":\"required name=search_term_string\"}],\"inLanguage\":\"en-US\"},{\"@type\":\"Organization\",\"@id\":\"https:\/\/laadexpo.com.br\/security\/#organization\",\"name\":\"LAAD Security & Defence\",\"url\":\"https:\/\/laadexpo.com.br\/security\/\",\"logo\":{\"@type\":\"ImageObject\",\"inLanguage\":\"en-US\",\"@id\":\"https:\/\/laadexpo.com.br\/security\/#\/schema\/logo\/image\/\",\"url\":\"http:\/\/laadexpo1.hospedagemdesites.ws\/security\/wp-content\/uploads\/2023\/08\/logo-laad-security-defence-small.png\",\"contentUrl\":\"http:\/\/laadexpo1.hospedagemdesites.ws\/security\/wp-content\/uploads\/2023\/08\/logo-laad-security-defence-small.png\",\"width\":330,\"height\":143,\"caption\":\"LAAD Security & Defence\"},\"image\":{\"@id\":\"https:\/\/laadexpo.com.br\/security\/#\/schema\/logo\/image\/\"}}]}<\/script>\n<!-- \/ Yoast SEO plugin. -->","yoast_head_json":{"title":"Quem Exp\u00f5e | LAAD Security Milipol Brazil 2028","robots":{"index":"index","follow":"follow","max-snippet":"max-snippet:-1","max-image-preview":"max-image-preview:large","max-video-preview":"max-video-preview:-1"},"canonical":"https:\/\/laadexpo.com.br\/security\/en\/quem-expoe\/","og_locale":"en_US","og_type":"article","og_title":"Quem Exp\u00f5e | LAAD Security Milipol Brazil 2028","og_description":"Quem Exp\u00f5e na LAAD Security Milipol Brazil 2026 A exposi\u00e7\u00e3o re\u00fane empresas nacionais e internacionais que fornecem tecnologias, equipamentos e servi\u00e7os para Seguran\u00e7a P\u00fablica, For\u00e7as Policiais, For\u00e7as Especiais, For\u00e7as Armadas, Law Enforcement, Homeland Security e Gestores de Seguran\u00e7a de Grandes Corpora\u00e7\u00f5es, Concession\u00e1rias de Servi\u00e7os e Infraestrutura Cr\u00edtica do Brasil e Am\u00e9rica Latina. Quero ser um...","og_url":"https:\/\/laadexpo.com.br\/security\/en\/quem-expoe\/","og_site_name":"LAAD Security Milipol Brazil 2028","article_modified_time":"2025-11-17T06:37:54+00:00","og_image":[{"width":960,"height":641,"url":"https:\/\/laadexpo.com.br\/security\/wp-content\/uploads\/2023\/08\/laad-security-2018-img-01.jpg","type":"image\/jpeg"}],"twitter_card":"summary_large_image","twitter_title":"Quem Exp\u00f5e | LAAD Security Milipol Brazil 2028","twitter_misc":{"Est. reading time":"1 minute"},"schema":{"@context":"https:\/\/schema.org","@graph":[{"@type":"WebPage","@id":"https:\/\/laadexpo.com.br\/security\/quem-expoe\/","url":"https:\/\/laadexpo.com.br\/security\/quem-expoe\/","name":"Quem Exp\u00f5e | LAAD Security Milipol Brazil 2028","isPartOf":{"@id":"https:\/\/laadexpo.com.br\/security\/#website"},"datePublished":"2023-08-14T02:04:31+00:00","dateModified":"2025-11-17T06:37:54+00:00","breadcrumb":{"@id":"https:\/\/laadexpo.com.br\/security\/quem-expoe\/#breadcrumb"},"inLanguage":"en-US","potentialAction":[{"@type":"ReadAction","target":["https:\/\/laadexpo.com.br\/security\/quem-expoe\/"]}]},{"@type":"BreadcrumbList","@id":"https:\/\/laadexpo.com.br\/security\/quem-expoe\/#breadcrumb","itemListElement":[{"@type":"ListItem","position":1,"name":"In\u00edcio","item":"https:\/\/laadexpo.com.br\/security\/"},{"@type":"ListItem","position":2,"name":"Quem Exp\u00f5e"}]},{"@type":"WebSite","@id":"https:\/\/laadexpo.com.br\/security\/#website","url":"https:\/\/laadexpo.com.br\/security\/","name":"LAAD Security & Defence","description":"Feira Internacional de Seguran\u00e7a","publisher":{"@id":"https:\/\/laadexpo.com.br\/security\/#organization"},"alternateName":"LAAD Security & Defence","potentialAction":[{"@type":"SearchAction","target":{"@type":"EntryPoint","urlTemplate":"https:\/\/laadexpo.com.br\/security\/?s={search_term_string}"},"query-input":"required name=search_term_string"}],"inLanguage":"en-US"},{"@type":"Organization","@id":"https:\/\/laadexpo.com.br\/security\/#organization","name":"LAAD Security & Defence","url":"https:\/\/laadexpo.com.br\/security\/","logo":{"@type":"ImageObject","inLanguage":"en-US","@id":"https:\/\/laadexpo.com.br\/security\/#\/schema\/logo\/image\/","url":"http:\/\/laadexpo1.hospedagemdesites.ws\/security\/wp-content\/uploads\/2023\/08\/logo-laad-security-defence-small.png","contentUrl":"http:\/\/laadexpo1.hospedagemdesites.ws\/security\/wp-content\/uploads\/2023\/08\/logo-laad-security-defence-small.png","width":330,"height":143,"caption":"LAAD Security & Defence"},"image":{"@id":"https:\/\/laadexpo.com.br\/security\/#\/schema\/logo\/image\/"}}]}},"_links":{"self":[{"href":"https:\/\/laadexpo.com.br\/security\/en\/wp-json\/wp\/v2\/pages\/157"}],"collection":[{"href":"https:\/\/laadexpo.com.br\/security\/en\/wp-json\/wp\/v2\/pages"}],"about":[{"href":"https:\/\/laadexpo.com.br\/security\/en\/wp-json\/wp\/v2\/types\/page"}],"author":[{"embeddable":true,"href":"https:\/\/laadexpo.com.br\/security\/en\/wp-json\/wp\/v2\/users\/2"}],"replies":[{"embeddable":true,"href":"https:\/\/laadexpo.com.br\/security\/en\/wp-json\/wp\/v2\/comments?post=157"}],"version-history":[{"count":31,"href":"https:\/\/laadexpo.com.br\/security\/en\/wp-json\/wp\/v2\/pages\/157\/revisions"}],"predecessor-version":[{"id":2135,"href":"https:\/\/laadexpo.com.br\/security\/en\/wp-json\/wp\/v2\/pages\/157\/revisions\/2135"}],"wp:featuredmedia":[{"embeddable":true,"href":"https:\/\/laadexpo.com.br\/security\/en\/wp-json\/wp\/v2\/media\/62"}],"wp:attachment":[{"href":"https:\/\/laadexpo.com.br\/security\/en\/wp-json\/wp\/v2\/media?parent=157"}],"curies":[{"name":"wp","href":"https:\/\/api.w.org\/{rel}","templated":true}]}}