{"id":393,"date":"2023-08-15T03:05:15","date_gmt":"2023-08-15T06:05:15","guid":{"rendered":"http:\/\/laadexpo1.hospedagemdesites.ws\/security\/?page_id=393"},"modified":"2023-08-20T02:39:17","modified_gmt":"2023-08-20T05:39:17","slug":"saiu-na-midia","status":"publish","type":"page","link":"https:\/\/laadexpo.com.br\/security\/en\/saiu-na-midia\/","title":{"rendered":"Came out in the media"},"content":{"rendered":"<div data-elementor-type=\"wp-page\" data-elementor-id=\"393\" class=\"elementor elementor-393\" data-elementor-post-type=\"page\">\n\t\t\t\t\t\t<section class=\"elementor-section elementor-top-section elementor-element elementor-element-50a06da elementor-section-boxed elementor-section-height-default elementor-section-height-default\" data-id=\"50a06da\" data-element_type=\"section\">\n\t\t\t\t\t\t\t<div class=\"elementor-background-overlay\"><\/div>\n\t\t\t\t\t\t\t<div class=\"elementor-container elementor-column-gap-default\">\n\t\t\t\t\t<div class=\"elementor-column elementor-col-100 elementor-top-column elementor-element elementor-element-c090ae3\" data-id=\"c090ae3\" data-element_type=\"column\">\n\t\t\t<div class=\"elementor-widget-wrap elementor-element-populated\">\n\t\t\t\t\t\t<div class=\"elementor-element elementor-element-82e88f5 elementor-invisible elementor-widget elementor-widget-breadcrumbs\" data-id=\"82e88f5\" data-element_type=\"widget\" data-settings=\"{&quot;_animation&quot;:&quot;fadeInUp&quot;}\" data-widget_type=\"breadcrumbs.default\">\n\t\t\t\t<div class=\"elementor-widget-container\">\n\t\t\t<link rel=\"stylesheet\" href=\"https:\/\/laadexpo.com.br\/security\/wp-content\/plugins\/elementor-pro\/assets\/css\/widget-theme-elements.min.css\"><p id=\"breadcrumbs\"><span><span><a href=\"https:\/\/laadexpo.com.br\/security\/en\/\">Start<\/a><\/span><\/span><\/p>\t\t<\/div>\n\t\t\t\t<\/div>\n\t\t\t\t<div class=\"elementor-element elementor-element-bfc3785 elementor-invisible elementor-widget elementor-widget-heading\" data-id=\"bfc3785\" data-element_type=\"widget\" data-settings=\"{&quot;_animation&quot;:&quot;fadeInUp&quot;}\" data-widget_type=\"heading.default\">\n\t\t\t\t<div class=\"elementor-widget-container\">\n\t\t\t<style>\/*! elementor - v3.19.0 - 07-02-2024 *\/\n.elementor-heading-title{padding:0;margin:0;line-height:1}.elementor-widget-heading .elementor-heading-title[class*=elementor-size-]>a{color:inherit;font-size:inherit;line-height:inherit}.elementor-widget-heading .elementor-heading-title.elementor-size-small{font-size:15px}.elementor-widget-heading .elementor-heading-title.elementor-size-medium{font-size:19px}.elementor-widget-heading .elementor-heading-title.elementor-size-large{font-size:29px}.elementor-widget-heading .elementor-heading-title.elementor-size-xl{font-size:39px}.elementor-widget-heading .elementor-heading-title.elementor-size-xxl{font-size:59px}<\/style><h1 class=\"elementor-heading-title elementor-size-default\">Came out in the media<\/h1>\t\t<\/div>\n\t\t\t\t<\/div>\n\t\t\t\t<div class=\"elementor-element elementor-element-f7ffdea elementor-grid-1 elementor-posts--thumbnail-left elementor-grid-tablet-2 elementor-grid-mobile-1 elementor-invisible elementor-widget elementor-widget-posts\" data-id=\"f7ffdea\" data-element_type=\"widget\" data-settings=\"{&quot;_animation&quot;:&quot;fadeIn&quot;,&quot;pagination_type&quot;:&quot;numbers_and_prev_next&quot;,&quot;classic_columns&quot;:&quot;1&quot;,&quot;classic_row_gap&quot;:{&quot;unit&quot;:&quot;px&quot;,&quot;size&quot;:33,&quot;sizes&quot;:[]},&quot;classic_columns_tablet&quot;:&quot;2&quot;,&quot;classic_columns_mobile&quot;:&quot;1&quot;,&quot;classic_row_gap_tablet&quot;:{&quot;unit&quot;:&quot;px&quot;,&quot;size&quot;:&quot;&quot;,&quot;sizes&quot;:[]},&quot;classic_row_gap_mobile&quot;:{&quot;unit&quot;:&quot;px&quot;,&quot;size&quot;:&quot;&quot;,&quot;sizes&quot;:[]}}\" data-widget_type=\"posts.classic\">\n\t\t\t\t<div class=\"elementor-widget-container\">\n\t\t\t<link rel=\"stylesheet\" href=\"https:\/\/laadexpo.com.br\/security\/wp-content\/plugins\/elementor-pro\/assets\/css\/widget-posts.min.css\">\t\t<div class=\"elementor-posts-container elementor-posts elementor-posts--skin-classic elementor-grid\">\n\t\t\t\t<article class=\"elementor-post elementor-grid-item post-1838 post type-post status-publish format-standard has-post-thumbnail hentry category-saiu-na-midia\">\n\t\t\t\t<a class=\"elementor-post__thumbnail__link\" href=\"https:\/\/laadexpo.com.br\/security\/en\/saiu-na-midia\/interview-sergio-jardim-ceo-creative-events\/\" tabindex=\"-1\" >\n\t\t\t<div class=\"elementor-post__thumbnail\"><img decoding=\"async\" width=\"300\" height=\"169\" src=\"https:\/\/laadexpo.com.br\/security\/wp-content\/uploads\/2024\/08\/interview-sergio-jardim-ceo-creative-events-300x169.jpg\" class=\"attachment-medium size-medium wp-image-1841\" alt=\"Interview: Sergio Jardim, CEO Creative Events\" srcset=\"https:\/\/laadexpo.com.br\/security\/wp-content\/uploads\/2024\/08\/interview-sergio-jardim-ceo-creative-events-300x169.jpg 300w, https:\/\/laadexpo.com.br\/security\/wp-content\/uploads\/2024\/08\/interview-sergio-jardim-ceo-creative-events-1024x576.jpg 1024w, https:\/\/laadexpo.com.br\/security\/wp-content\/uploads\/2024\/08\/interview-sergio-jardim-ceo-creative-events-768x432.jpg 768w, https:\/\/laadexpo.com.br\/security\/wp-content\/uploads\/2024\/08\/interview-sergio-jardim-ceo-creative-events-18x10.jpg 18w, https:\/\/laadexpo.com.br\/security\/wp-content\/uploads\/2024\/08\/interview-sergio-jardim-ceo-creative-events.jpg 1280w\" sizes=\"(max-width: 300px) 100vw, 300px\" \/><\/div>\n\t\t<\/a>\n\t\t\t\t<div class=\"elementor-post__text\">\n\t\t\t\t<h2 class=\"elementor-post__title\">\n\t\t\t<a href=\"https:\/\/laadexpo.com.br\/security\/en\/saiu-na-midia\/interview-sergio-jardim-ceo-creative-events\/\" >\n\t\t\t\tInterview: Sergio Jardim, CEO Creative Events\t\t\t<\/a>\n\t\t<\/h2>\n\t\t\t\t<div class=\"elementor-post__meta-data\">\n\t\t\t\t\t<span class=\"elementor-post-date\">\n\t\t\t15 de August de 2024\t\t<\/span>\n\t\t\t\t<span class=\"elementor-post-avatar\">\n\t\t\tNo Comments\t\t<\/span>\n\t\t\t\t<\/div>\n\t\t\t\t<div class=\"elementor-post__excerpt\">\n\t\t\t<p>Global Defense Insight: Can you share with us your overall experience as the chief organizer of LAAD 2024? What were some highlights and challenges you<\/p>\n\t\t<\/div>\n\t\t\t\t\t<div class=\"elementor-post__read-more-wrapper\">\n\t\t\n\t\t<a class=\"elementor-post__read-more\" href=\"https:\/\/laadexpo.com.br\/security\/en\/saiu-na-midia\/interview-sergio-jardim-ceo-creative-events\/\" aria-label=\"Read more about Interview: Sergio Jardim, CEO Creative Events\" tabindex=\"-1\" >\n\t\t\tRead more &quot;\t\t<\/a>\n\n\t\t\t\t\t<\/div>\n\t\t\t\t<\/div>\n\t\t\t\t<\/article>\n\t\t\t\t<article class=\"elementor-post elementor-grid-item post-1596 post type-post status-publish format-standard has-post-thumbnail hentry category-saiu-na-midia tag-drones tag-laad tag-robos tag-security-defence tag-viaturas-inteligentes\">\n\t\t\t\t<a class=\"elementor-post__thumbnail__link\" href=\"https:\/\/laadexpo.com.br\/security\/en\/saiu-na-midia\/feira-em-sp-apresenta-novidades-do-mercado-de-seguranca-e-defesa\/\" tabindex=\"-1\" >\n\t\t\t<div class=\"elementor-post__thumbnail\"><img decoding=\"async\" width=\"300\" height=\"169\" src=\"https:\/\/laadexpo.com.br\/security\/wp-content\/uploads\/2024\/04\/img-novidades-mercado-de-seguranca-e-defesa-300x169.png\" class=\"attachment-medium size-medium wp-image-1597\" alt=\"Feira em SP apresenta novidades do mercado de seguran\u00e7a e defesa\" srcset=\"https:\/\/laadexpo.com.br\/security\/wp-content\/uploads\/2024\/04\/img-novidades-mercado-de-seguranca-e-defesa-300x169.png 300w, https:\/\/laadexpo.com.br\/security\/wp-content\/uploads\/2024\/04\/img-novidades-mercado-de-seguranca-e-defesa-1024x575.png 1024w, https:\/\/laadexpo.com.br\/security\/wp-content\/uploads\/2024\/04\/img-novidades-mercado-de-seguranca-e-defesa-768x432.png 768w, https:\/\/laadexpo.com.br\/security\/wp-content\/uploads\/2024\/04\/img-novidades-mercado-de-seguranca-e-defesa-18x10.png 18w, https:\/\/laadexpo.com.br\/security\/wp-content\/uploads\/2024\/04\/img-novidades-mercado-de-seguranca-e-defesa.png 1534w\" sizes=\"(max-width: 300px) 100vw, 300px\" \/><\/div>\n\t\t<\/a>\n\t\t\t\t<div class=\"elementor-post__text\">\n\t\t\t\t<h2 class=\"elementor-post__title\">\n\t\t\t<a href=\"https:\/\/laadexpo.com.br\/security\/en\/saiu-na-midia\/feira-em-sp-apresenta-novidades-do-mercado-de-seguranca-e-defesa\/\" >\n\t\t\t\tFeira em SP apresenta novidades do mercado de seguran\u00e7a e defesa\t\t\t<\/a>\n\t\t<\/h2>\n\t\t\t\t<div class=\"elementor-post__meta-data\">\n\t\t\t\t\t<span class=\"elementor-post-date\">\n\t\t\t5 de April de 2024\t\t<\/span>\n\t\t\t\t<span class=\"elementor-post-avatar\">\n\t\t\tNo Comments\t\t<\/span>\n\t\t\t\t<\/div>\n\t\t\t\t<div class=\"elementor-post__excerpt\">\n\t\t\t<p>O evento re\u00fane as principais empresas nacionais e internacionais do setor Uma feira em S\u00e3o Paulo apresenta as novidades lan\u00e7adas no mercado de seguran\u00e7a e<\/p>\n\t\t<\/div>\n\t\t\t\t\t<div class=\"elementor-post__read-more-wrapper\">\n\t\t\n\t\t<a class=\"elementor-post__read-more\" href=\"https:\/\/laadexpo.com.br\/security\/en\/saiu-na-midia\/feira-em-sp-apresenta-novidades-do-mercado-de-seguranca-e-defesa\/\" aria-label=\"Read more about Feira em SP apresenta novidades do mercado de seguran\u00e7a e defesa\" tabindex=\"-1\" >\n\t\t\tRead more &quot;\t\t<\/a>\n\n\t\t\t\t\t<\/div>\n\t\t\t\t<\/div>\n\t\t\t\t<\/article>\n\t\t\t\t<article class=\"elementor-post elementor-grid-item post-543 post type-post status-publish format-standard has-post-thumbnail hentry category-saiu-na-midia\">\n\t\t\t\t<a class=\"elementor-post__thumbnail__link\" href=\"https:\/\/laadexpo.com.br\/security\/en\/saiu-na-midia\/laad-security-defense-2024\/\" tabindex=\"-1\" >\n\t\t\t<div class=\"elementor-post__thumbnail\"><img loading=\"lazy\" decoding=\"async\" width=\"300\" height=\"300\" src=\"https:\/\/laadexpo.com.br\/security\/wp-content\/uploads\/2023\/06\/Logo-LAAD-Security-Defence-2024-300x300.png\" class=\"attachment-medium size-medium wp-image-776\" alt=\"LAAD Security &amp; Defence 2024\" srcset=\"https:\/\/laadexpo.com.br\/security\/wp-content\/uploads\/2023\/06\/Logo-LAAD-Security-Defence-2024-300x300.png 300w, https:\/\/laadexpo.com.br\/security\/wp-content\/uploads\/2023\/06\/Logo-LAAD-Security-Defence-2024-1024x1024.png 1024w, https:\/\/laadexpo.com.br\/security\/wp-content\/uploads\/2023\/06\/Logo-LAAD-Security-Defence-2024-150x150.png 150w, https:\/\/laadexpo.com.br\/security\/wp-content\/uploads\/2023\/06\/Logo-LAAD-Security-Defence-2024-768x768.png 768w, https:\/\/laadexpo.com.br\/security\/wp-content\/uploads\/2023\/06\/Logo-LAAD-Security-Defence-2024-1536x1536.png 1536w, https:\/\/laadexpo.com.br\/security\/wp-content\/uploads\/2023\/06\/Logo-LAAD-Security-Defence-2024-2048x2048.png 2048w\" sizes=\"(max-width: 300px) 100vw, 300px\" \/><\/div>\n\t\t<\/a>\n\t\t\t\t<div class=\"elementor-post__text\">\n\t\t\t\t<h2 class=\"elementor-post__title\">\n\t\t\t<a href=\"https:\/\/laadexpo.com.br\/security\/en\/saiu-na-midia\/laad-security-defense-2024\/\" >\n\t\t\t\tLAAD Security &amp; Defense 2024\t\t\t<\/a>\n\t\t<\/h2>\n\t\t\t\t<div class=\"elementor-post__meta-data\">\n\t\t\t\t\t<span class=\"elementor-post-date\">\n\t\t\tJune 19, 2023\t\t<\/span>\n\t\t\t\t<span class=\"elementor-post-avatar\">\n\t\t\tNo Comments\t\t<\/span>\n\t\t\t\t<\/div>\n\t\t\t\t<div class=\"elementor-post__excerpt\">\n\t\t\t<p>This event, which takes place in even-numbered years in the capital of S\u00e3o Paulo, was initially conceived, since 2012, as an event dedicated to the public security sector,<\/p>\n\t\t<\/div>\n\t\t\t\t\t<div class=\"elementor-post__read-more-wrapper\">\n\t\t\n\t\t<a class=\"elementor-post__read-more\" href=\"https:\/\/laadexpo.com.br\/security\/en\/saiu-na-midia\/laad-security-defense-2024\/\" aria-label=\"Read more about LAAD Security &#038; Defence 2024\" tabindex=\"-1\" >\n\t\t\tRead more &quot;\t\t<\/a>\n\n\t\t\t\t\t<\/div>\n\t\t\t\t<\/div>\n\t\t\t\t<\/article>\n\t\t\t\t<article class=\"elementor-post elementor-grid-item post-550 post type-post status-publish format-standard has-post-thumbnail hentry category-saiu-na-midia\">\n\t\t\t\t<a class=\"elementor-post__thumbnail__link\" href=\"https:\/\/laadexpo.com.br\/security\/en\/saiu-na-midia\/official-delegations-from-several-countries-confirm-their-presence-at-laad-defense-security-2023\/\" tabindex=\"-1\" >\n\t\t\t<div class=\"elementor-post__thumbnail\"><img loading=\"lazy\" decoding=\"async\" width=\"300\" height=\"191\" src=\"https:\/\/laadexpo.com.br\/security\/wp-content\/uploads\/2023\/08\/LAAD-2019-300x191.jpg\" class=\"attachment-medium size-medium wp-image-551\" alt=\"LAAD 2019\" srcset=\"https:\/\/laadexpo.com.br\/security\/wp-content\/uploads\/2023\/08\/LAAD-2019-300x191.jpg 300w, https:\/\/laadexpo.com.br\/security\/wp-content\/uploads\/2023\/08\/LAAD-2019.jpg 550w\" sizes=\"(max-width: 300px) 100vw, 300px\" \/><\/div>\n\t\t<\/a>\n\t\t\t\t<div class=\"elementor-post__text\">\n\t\t\t\t<h2 class=\"elementor-post__title\">\n\t\t\t<a href=\"https:\/\/laadexpo.com.br\/security\/en\/saiu-na-midia\/official-delegations-from-several-countries-confirm-their-presence-at-laad-defense-security-2023\/\" >\n\t\t\t\tOfficial delegations from several countries confirm their presence at LAAD Defense &amp; Security 2023\t\t\t<\/a>\n\t\t<\/h2>\n\t\t\t\t<div class=\"elementor-post__meta-data\">\n\t\t\t\t\t<span class=\"elementor-post-date\">\n\t\t\tApril 6, 2023\t\t<\/span>\n\t\t\t\t<span class=\"elementor-post-avatar\">\n\t\t\tNo Comments\t\t<\/span>\n\t\t\t\t<\/div>\n\t\t\t\t<div class=\"elementor-post__excerpt\">\n\t\t\t<p>Expecting to receive 160 official delegations from all continents, LAAD Defense &amp; Security will hold its 13th edition from 11 to<\/p>\n\t\t<\/div>\n\t\t\t\t\t<div class=\"elementor-post__read-more-wrapper\">\n\t\t\n\t\t<a class=\"elementor-post__read-more\" href=\"https:\/\/laadexpo.com.br\/security\/en\/saiu-na-midia\/official-delegations-from-several-countries-confirm-their-presence-at-laad-defense-security-2023\/\" aria-label=\"Read more about Delega\u00e7\u00f5es oficiais de diversos pa\u00edses confirmam presen\u00e7a na LAAD Defence &#038; Security 2023\" tabindex=\"-1\" >\n\t\t\tRead more &quot;\t\t<\/a>\n\n\t\t\t\t\t<\/div>\n\t\t\t\t<\/div>\n\t\t\t\t<\/article>\n\t\t\t\t<article class=\"elementor-post elementor-grid-item post-553 post type-post status-publish format-standard has-post-thumbnail hentry category-saiu-na-midia\">\n\t\t\t\t<a class=\"elementor-post__thumbnail__link\" href=\"https:\/\/laadexpo.com.br\/security\/en\/saiu-na-midia\/new-expo-will-apply-its-logistics-solutions-at-laad-security-defense-2023\/\" tabindex=\"-1\" >\n\t\t\t<div class=\"elementor-post__thumbnail\"><img loading=\"lazy\" decoding=\"async\" width=\"300\" height=\"191\" src=\"https:\/\/laadexpo.com.br\/security\/wp-content\/uploads\/2023\/08\/LAAD-new-expo-300x191.jpg\" class=\"attachment-medium size-medium wp-image-554\" alt=\"LAAD New Expo\" srcset=\"https:\/\/laadexpo.com.br\/security\/wp-content\/uploads\/2023\/08\/LAAD-new-expo-300x191.jpg 300w, https:\/\/laadexpo.com.br\/security\/wp-content\/uploads\/2023\/08\/LAAD-new-expo.jpg 550w\" sizes=\"(max-width: 300px) 100vw, 300px\" \/><\/div>\n\t\t<\/a>\n\t\t\t\t<div class=\"elementor-post__text\">\n\t\t\t\t<h2 class=\"elementor-post__title\">\n\t\t\t<a href=\"https:\/\/laadexpo.com.br\/security\/en\/saiu-na-midia\/new-expo-will-apply-its-logistics-solutions-at-laad-security-defense-2023\/\" >\n\t\t\t\tNew Expo will apply its logistics solutions at LAAD Security &amp; Defense 2023\t\t\t<\/a>\n\t\t<\/h2>\n\t\t\t\t<div class=\"elementor-post__meta-data\">\n\t\t\t\t\t<span class=\"elementor-post-date\">\n\t\t\tMarch 16, 2023\t\t<\/span>\n\t\t\t\t<span class=\"elementor-post-avatar\">\n\t\t\tNo Comments\t\t<\/span>\n\t\t\t\t<\/div>\n\t\t\t\t<div class=\"elementor-post__excerpt\">\n\t\t\t<p>LAAD Defense &amp; Security returns in person between April 11th and 14th, 2023, taking place at Riocentro, in Rio de Janeiro.<\/p>\n\t\t<\/div>\n\t\t\t\t\t<div class=\"elementor-post__read-more-wrapper\">\n\t\t\n\t\t<a class=\"elementor-post__read-more\" href=\"https:\/\/laadexpo.com.br\/security\/en\/saiu-na-midia\/new-expo-will-apply-its-logistics-solutions-at-laad-security-defense-2023\/\" aria-label=\"Read more about New Expo aplicar\u00e1 suas solu\u00e7\u00f5es de log\u00edstica na LAAD Security &#038; Defence 2023\" tabindex=\"-1\" >\n\t\t\tRead more &quot;\t\t<\/a>\n\n\t\t\t\t\t<\/div>\n\t\t\t\t<\/div>\n\t\t\t\t<\/article>\n\t\t\t\t<\/div>\n\t\t\n\t\t\t\t<\/div>\n\t\t\t\t<\/div>\n\t\t\t\t\t<\/div>\n\t\t<\/div>\n\t\t\t\t\t<\/div>\n\t\t<\/section>\n\t\t\t\t<\/div>","protected":false},"excerpt":{"rendered":"<p>Came out in the media<\/p>","protected":false},"author":2,"featured_media":0,"parent":0,"menu_order":0,"comment_status":"closed","ping_status":"closed","template":"","meta":{"_joinchat":[]},"yoast_head":"<!-- This site is optimized with the Yoast SEO plugin v21.8 - https:\/\/yoast.com\/wordpress\/plugins\/seo\/ -->\n<title>Saiu na M\u00eddia | LAAD Security Milipol Brazil 2026<\/title>\n<meta name=\"robots\" content=\"index, follow, max-snippet:-1, max-image-preview:large, max-video-preview:-1\" \/>\n<link rel=\"canonical\" href=\"https:\/\/laadexpo.com.br\/security\/en\/saiu-na-midia\/\" \/>\n<meta property=\"og:locale\" content=\"en_US\" \/>\n<meta property=\"og:type\" content=\"article\" \/>\n<meta property=\"og:title\" content=\"Saiu na M\u00eddia | LAAD Security Milipol Brazil 2026\" \/>\n<meta property=\"og:description\" content=\"Saiu na M\u00eddia\" \/>\n<meta property=\"og:url\" content=\"https:\/\/laadexpo.com.br\/security\/en\/saiu-na-midia\/\" \/>\n<meta property=\"og:site_name\" content=\"LAAD Security Milipol Brazil 2026\" \/>\n<meta property=\"article:modified_time\" content=\"2023-08-20T05:39:17+00:00\" \/>\n<meta property=\"og:image\" content=\"https:\/\/laadexpo.com.br\/security\/wp-content\/uploads\/2023\/08\/logo-laad-security-defence-small.png\" \/>\n\t<meta property=\"og:image:width\" content=\"330\" \/>\n\t<meta property=\"og:image:height\" content=\"143\" \/>\n\t<meta property=\"og:image:type\" content=\"image\/png\" \/>\n<meta name=\"twitter:card\" content=\"summary_large_image\" \/>\n<meta name=\"twitter:title\" content=\"Saiu na M\u00eddia | LAAD Security Milipol Brazil 2026\" \/>\n<meta name=\"twitter:label1\" content=\"Est. reading time\" \/>\n\t<meta name=\"twitter:data1\" content=\"1 minute\" \/>\n<script type=\"application\/ld+json\" class=\"yoast-schema-graph\">{\"@context\":\"https:\/\/schema.org\",\"@graph\":[{\"@type\":\"WebPage\",\"@id\":\"https:\/\/laadexpo.com.br\/security\/saiu-na-midia\/\",\"url\":\"https:\/\/laadexpo.com.br\/security\/saiu-na-midia\/\",\"name\":\"Saiu na M\u00eddia | LAAD Security Milipol Brazil 2026\",\"isPartOf\":{\"@id\":\"https:\/\/laadexpo.com.br\/security\/#website\"},\"datePublished\":\"2023-08-15T06:05:15+00:00\",\"dateModified\":\"2023-08-20T05:39:17+00:00\",\"breadcrumb\":{\"@id\":\"https:\/\/laadexpo.com.br\/security\/saiu-na-midia\/#breadcrumb\"},\"inLanguage\":\"en-US\",\"potentialAction\":[{\"@type\":\"ReadAction\",\"target\":[\"https:\/\/laadexpo.com.br\/security\/saiu-na-midia\/\"]}]},{\"@type\":\"BreadcrumbList\",\"@id\":\"https:\/\/laadexpo.com.br\/security\/saiu-na-midia\/#breadcrumb\",\"itemListElement\":[{\"@type\":\"ListItem\",\"position\":1,\"name\":\"In\u00edcio\",\"item\":\"https:\/\/laadexpo.com.br\/security\/\"},{\"@type\":\"ListItem\",\"position\":2,\"name\":\"Saiu na M\u00eddia\"}]},{\"@type\":\"WebSite\",\"@id\":\"https:\/\/laadexpo.com.br\/security\/#website\",\"url\":\"https:\/\/laadexpo.com.br\/security\/\",\"name\":\"LAAD Security & Defence\",\"description\":\"Feira Internacional de Seguran\u00e7a\",\"publisher\":{\"@id\":\"https:\/\/laadexpo.com.br\/security\/#organization\"},\"alternateName\":\"LAAD Security & Defence\",\"potentialAction\":[{\"@type\":\"SearchAction\",\"target\":{\"@type\":\"EntryPoint\",\"urlTemplate\":\"https:\/\/laadexpo.com.br\/security\/?s={search_term_string}\"},\"query-input\":\"required name=search_term_string\"}],\"inLanguage\":\"en-US\"},{\"@type\":\"Organization\",\"@id\":\"https:\/\/laadexpo.com.br\/security\/#organization\",\"name\":\"LAAD Security & Defence\",\"url\":\"https:\/\/laadexpo.com.br\/security\/\",\"logo\":{\"@type\":\"ImageObject\",\"inLanguage\":\"en-US\",\"@id\":\"https:\/\/laadexpo.com.br\/security\/#\/schema\/logo\/image\/\",\"url\":\"http:\/\/laadexpo1.hospedagemdesites.ws\/security\/wp-content\/uploads\/2023\/08\/logo-laad-security-defence-small.png\",\"contentUrl\":\"http:\/\/laadexpo1.hospedagemdesites.ws\/security\/wp-content\/uploads\/2023\/08\/logo-laad-security-defence-small.png\",\"width\":330,\"height\":143,\"caption\":\"LAAD Security & Defence\"},\"image\":{\"@id\":\"https:\/\/laadexpo.com.br\/security\/#\/schema\/logo\/image\/\"}}]}<\/script>\n<!-- \/ Yoast SEO plugin. -->","yoast_head_json":{"title":"Saiu na M\u00eddia | LAAD Security Milipol Brazil 2026","robots":{"index":"index","follow":"follow","max-snippet":"max-snippet:-1","max-image-preview":"max-image-preview:large","max-video-preview":"max-video-preview:-1"},"canonical":"https:\/\/laadexpo.com.br\/security\/en\/saiu-na-midia\/","og_locale":"en_US","og_type":"article","og_title":"Saiu na M\u00eddia | LAAD Security Milipol Brazil 2026","og_description":"Saiu na M\u00eddia","og_url":"https:\/\/laadexpo.com.br\/security\/en\/saiu-na-midia\/","og_site_name":"LAAD Security Milipol Brazil 2026","article_modified_time":"2023-08-20T05:39:17+00:00","og_image":[{"width":330,"height":143,"url":"https:\/\/laadexpo.com.br\/security\/wp-content\/uploads\/2023\/08\/logo-laad-security-defence-small.png","type":"image\/png"}],"twitter_card":"summary_large_image","twitter_title":"Saiu na M\u00eddia | LAAD Security Milipol Brazil 2026","twitter_misc":{"Est. reading time":"1 minute"},"schema":{"@context":"https:\/\/schema.org","@graph":[{"@type":"WebPage","@id":"https:\/\/laadexpo.com.br\/security\/saiu-na-midia\/","url":"https:\/\/laadexpo.com.br\/security\/saiu-na-midia\/","name":"Saiu na M\u00eddia | LAAD Security Milipol Brazil 2026","isPartOf":{"@id":"https:\/\/laadexpo.com.br\/security\/#website"},"datePublished":"2023-08-15T06:05:15+00:00","dateModified":"2023-08-20T05:39:17+00:00","breadcrumb":{"@id":"https:\/\/laadexpo.com.br\/security\/saiu-na-midia\/#breadcrumb"},"inLanguage":"en-US","potentialAction":[{"@type":"ReadAction","target":["https:\/\/laadexpo.com.br\/security\/saiu-na-midia\/"]}]},{"@type":"BreadcrumbList","@id":"https:\/\/laadexpo.com.br\/security\/saiu-na-midia\/#breadcrumb","itemListElement":[{"@type":"ListItem","position":1,"name":"In\u00edcio","item":"https:\/\/laadexpo.com.br\/security\/"},{"@type":"ListItem","position":2,"name":"Saiu na M\u00eddia"}]},{"@type":"WebSite","@id":"https:\/\/laadexpo.com.br\/security\/#website","url":"https:\/\/laadexpo.com.br\/security\/","name":"LAAD Security & Defence","description":"Feira Internacional de Seguran\u00e7a","publisher":{"@id":"https:\/\/laadexpo.com.br\/security\/#organization"},"alternateName":"LAAD Security & Defence","potentialAction":[{"@type":"SearchAction","target":{"@type":"EntryPoint","urlTemplate":"https:\/\/laadexpo.com.br\/security\/?s={search_term_string}"},"query-input":"required name=search_term_string"}],"inLanguage":"en-US"},{"@type":"Organization","@id":"https:\/\/laadexpo.com.br\/security\/#organization","name":"LAAD Security & Defence","url":"https:\/\/laadexpo.com.br\/security\/","logo":{"@type":"ImageObject","inLanguage":"en-US","@id":"https:\/\/laadexpo.com.br\/security\/#\/schema\/logo\/image\/","url":"http:\/\/laadexpo1.hospedagemdesites.ws\/security\/wp-content\/uploads\/2023\/08\/logo-laad-security-defence-small.png","contentUrl":"http:\/\/laadexpo1.hospedagemdesites.ws\/security\/wp-content\/uploads\/2023\/08\/logo-laad-security-defence-small.png","width":330,"height":143,"caption":"LAAD Security & Defence"},"image":{"@id":"https:\/\/laadexpo.com.br\/security\/#\/schema\/logo\/image\/"}}]}},"_links":{"self":[{"href":"https:\/\/laadexpo.com.br\/security\/en\/wp-json\/wp\/v2\/pages\/393"}],"collection":[{"href":"https:\/\/laadexpo.com.br\/security\/en\/wp-json\/wp\/v2\/pages"}],"about":[{"href":"https:\/\/laadexpo.com.br\/security\/en\/wp-json\/wp\/v2\/types\/page"}],"author":[{"embeddable":true,"href":"https:\/\/laadexpo.com.br\/security\/en\/wp-json\/wp\/v2\/users\/2"}],"replies":[{"embeddable":true,"href":"https:\/\/laadexpo.com.br\/security\/en\/wp-json\/wp\/v2\/comments?post=393"}],"version-history":[{"count":13,"href":"https:\/\/laadexpo.com.br\/security\/en\/wp-json\/wp\/v2\/pages\/393\/revisions"}],"predecessor-version":[{"id":578,"href":"https:\/\/laadexpo.com.br\/security\/en\/wp-json\/wp\/v2\/pages\/393\/revisions\/578"}],"wp:attachment":[{"href":"https:\/\/laadexpo.com.br\/security\/en\/wp-json\/wp\/v2\/media?parent=393"}],"curies":[{"name":"wp","href":"https:\/\/api.w.org\/{rel}","templated":true}]}}