{"id":56,"date":"2023-08-13T12:13:56","date_gmt":"2023-08-13T15:13:56","guid":{"rendered":"http:\/\/laadexpo1.hospedagemdesites.ws\/security\/?page_id=56"},"modified":"2025-10-20T14:55:33","modified_gmt":"2025-10-20T17:55:33","slug":"sobre-a-laad-security","status":"publish","type":"page","link":"https:\/\/laadexpo.com.br\/security\/en\/about-laad-security-defense\/","title":{"rendered":"About the LAAD Security"},"content":{"rendered":"<div data-elementor-type=\"wp-page\" data-elementor-id=\"56\" class=\"elementor elementor-56\" data-elementor-post-type=\"page\">\n\t\t\t\t\t\t<section class=\"elementor-section elementor-top-section elementor-element elementor-element-9d030fc elementor-section-boxed elementor-section-height-default elementor-section-height-default\" data-id=\"9d030fc\" data-element_type=\"section\">\n\t\t\t\t\t\t\t<div class=\"elementor-background-overlay\"><\/div>\n\t\t\t\t\t\t\t<div class=\"elementor-container elementor-column-gap-default\">\n\t\t\t\t\t<div class=\"elementor-column elementor-col-100 elementor-top-column elementor-element elementor-element-f86c7c5\" data-id=\"f86c7c5\" data-element_type=\"column\">\n\t\t\t<div class=\"elementor-widget-wrap elementor-element-populated\">\n\t\t\t\t\t\t<div class=\"elementor-element elementor-element-d8a3aac elementor-invisible elementor-widget elementor-widget-heading\" data-id=\"d8a3aac\" data-element_type=\"widget\" data-settings=\"{&quot;_animation&quot;:&quot;fadeInUp&quot;}\" data-widget_type=\"heading.default\">\n\t\t\t\t<div class=\"elementor-widget-container\">\n\t\t\t<style>\/*! elementor - v3.19.0 - 07-02-2024 *\/\n.elementor-heading-title{padding:0;margin:0;line-height:1}.elementor-widget-heading .elementor-heading-title[class*=elementor-size-]>a{color:inherit;font-size:inherit;line-height:inherit}.elementor-widget-heading .elementor-heading-title.elementor-size-small{font-size:15px}.elementor-widget-heading .elementor-heading-title.elementor-size-medium{font-size:19px}.elementor-widget-heading .elementor-heading-title.elementor-size-large{font-size:29px}.elementor-widget-heading .elementor-heading-title.elementor-size-xl{font-size:39px}.elementor-widget-heading .elementor-heading-title.elementor-size-xxl{font-size:59px}<\/style><h1 class=\"elementor-heading-title elementor-size-default\">About the LAAD Security<\/h1>\t\t<\/div>\n\t\t\t\t<\/div>\n\t\t\t\t<div class=\"elementor-element elementor-element-b17fdca elementor-invisible elementor-widget elementor-widget-text-editor\" data-id=\"b17fdca\" data-element_type=\"widget\" data-settings=\"{&quot;_animation&quot;:&quot;fadeInUp&quot;}\" data-widget_type=\"text-editor.default\">\n\t\t\t\t<div class=\"elementor-widget-container\">\n\t\t\t<style>\/*! elementor - v3.19.0 - 07-02-2024 *\/\n.elementor-widget-text-editor.elementor-drop-cap-view-stacked .elementor-drop-cap{background-color:#69727d;color:#fff}.elementor-widget-text-editor.elementor-drop-cap-view-framed .elementor-drop-cap{color:#69727d;border:3px solid;background-color:transparent}.elementor-widget-text-editor:not(.elementor-drop-cap-view-default) .elementor-drop-cap{margin-top:8px}.elementor-widget-text-editor:not(.elementor-drop-cap-view-default) .elementor-drop-cap-letter{width:1em;height:1em}.elementor-widget-text-editor .elementor-drop-cap{float:left;text-align:center;line-height:1;font-size:50px}.elementor-widget-text-editor .elementor-drop-cap-letter{display:inline-block}<\/style>\t\t\t\t<p>The <strong>LAAD Security 2026<\/strong> It is the main meeting point for networking and updating professionals working in the areas of security and defense in Latin America. This exhibition brings together national and international companies that provide technologies, equipment and services for <strong>Public Security, Police Forces, Special Forces, Armed Forces, Security Bodies, \u201cLaw Enforcement\u201d, Security Managers of large Corporations, Service Concessionaires and Critical Infrastructure companies<\/strong> in Brazil and Latin America.<\/p>\n<p>The event serves as an excellent showcase for the exposure of your brand and has the institutional support of Public Security agencies, federal, state and municipal security bodies, the Ministry of Defense, the Armed Forces, the Ministry of Justice and Public Security.<\/p>\t\t\t\t\t\t<\/div>\n\t\t\t\t<\/div>\n\t\t\t\t<div class=\"elementor-element elementor-element-38d7c05 elementor-arrows-position-inside elementor-invisible elementor-widget elementor-widget-image-carousel\" data-id=\"38d7c05\" data-element_type=\"widget\" data-settings=\"{&quot;slides_to_show&quot;:&quot;4&quot;,&quot;navigation&quot;:&quot;arrows&quot;,&quot;image_spacing_custom&quot;:{&quot;unit&quot;:&quot;px&quot;,&quot;size&quot;:10,&quot;sizes&quot;:[]},&quot;_animation&quot;:&quot;fadeInUp&quot;,&quot;autoplay&quot;:&quot;yes&quot;,&quot;pause_on_hover&quot;:&quot;yes&quot;,&quot;pause_on_interaction&quot;:&quot;yes&quot;,&quot;autoplay_speed&quot;:5000,&quot;infinite&quot;:&quot;yes&quot;,&quot;speed&quot;:500,&quot;image_spacing_custom_tablet&quot;:{&quot;unit&quot;:&quot;px&quot;,&quot;size&quot;:&quot;&quot;,&quot;sizes&quot;:[]},&quot;image_spacing_custom_mobile&quot;:{&quot;unit&quot;:&quot;px&quot;,&quot;size&quot;:&quot;&quot;,&quot;sizes&quot;:[]}}\" data-widget_type=\"image-carousel.default\">\n\t\t\t\t<div class=\"elementor-widget-container\">\n\t\t\t<style>\/*! elementor - v3.19.0 - 07-02-2024 *\/\n.elementor-widget-image-carousel .swiper,.elementor-widget-image-carousel .swiper-container{position:static}.elementor-widget-image-carousel .swiper-container .swiper-slide figure,.elementor-widget-image-carousel .swiper .swiper-slide figure{line-height:inherit}.elementor-widget-image-carousel .swiper-slide{text-align:center}.elementor-image-carousel-wrapper:not(.swiper-container-initialized):not(.swiper-initialized) .swiper-slide{max-width:calc(100% \/ var(--e-image-carousel-slides-to-show, 3))}<\/style>\t\t<div class=\"elementor-image-carousel-wrapper swiper\" dir=\"ltr\">\n\t\t\t<div class=\"elementor-image-carousel swiper-wrapper\" aria-live=\"off\">\n\t\t\t\t\t\t\t\t<div class=\"swiper-slide\" role=\"group\" aria-roledescription=\"slide\" aria-label=\"1 of 8\"><figure class=\"swiper-slide-inner\"><img decoding=\"async\" class=\"swiper-slide-image\" src=\"https:\/\/laadexpo.com.br\/security\/wp-content\/uploads\/2024\/06\/laad-security-2024-71-1024x691.jpg\" alt=\"laad-security-2024-71\" \/><\/figure><\/div><div class=\"swiper-slide\" role=\"group\" aria-roledescription=\"slide\" aria-label=\"2 of 8\"><figure class=\"swiper-slide-inner\"><img decoding=\"async\" class=\"swiper-slide-image\" src=\"https:\/\/laadexpo.com.br\/security\/wp-content\/uploads\/2024\/06\/laad-security-2024-70-1024x683.jpg\" alt=\"laad-security-2024-70\" \/><\/figure><\/div><div class=\"swiper-slide\" role=\"group\" aria-roledescription=\"slide\" aria-label=\"3 of 8\"><figure class=\"swiper-slide-inner\"><img decoding=\"async\" class=\"swiper-slide-image\" src=\"https:\/\/laadexpo.com.br\/security\/wp-content\/uploads\/2024\/06\/laad-security-2024-55-1024x683.jpg\" alt=\"laad-security-2024-55\" \/><\/figure><\/div><div class=\"swiper-slide\" role=\"group\" aria-roledescription=\"slide\" aria-label=\"4 of 8\"><figure class=\"swiper-slide-inner\"><img decoding=\"async\" class=\"swiper-slide-image\" src=\"https:\/\/laadexpo.com.br\/security\/wp-content\/uploads\/2024\/06\/laad-security-2024-50-1024x683.jpg\" alt=\"laad-security-2024-50\" \/><\/figure><\/div><div class=\"swiper-slide\" role=\"group\" aria-roledescription=\"slide\" aria-label=\"5 of 8\"><figure class=\"swiper-slide-inner\"><img decoding=\"async\" class=\"swiper-slide-image\" src=\"https:\/\/laadexpo.com.br\/security\/wp-content\/uploads\/2024\/06\/laad-security-2024-27-1024x683.jpg\" alt=\"laad-security-2024-27\" \/><\/figure><\/div><div class=\"swiper-slide\" role=\"group\" aria-roledescription=\"slide\" aria-label=\"6 of 8\"><figure class=\"swiper-slide-inner\"><img decoding=\"async\" class=\"swiper-slide-image\" src=\"https:\/\/laadexpo.com.br\/security\/wp-content\/uploads\/2024\/06\/laad-security-2024-6-1024x683.jpg\" alt=\"laad-security-2024-6\" \/><\/figure><\/div><div class=\"swiper-slide\" role=\"group\" aria-roledescription=\"slide\" aria-label=\"7 of 8\"><figure class=\"swiper-slide-inner\"><img decoding=\"async\" class=\"swiper-slide-image\" src=\"https:\/\/laadexpo.com.br\/security\/wp-content\/uploads\/2024\/06\/laad-security-2024-15-1024x683.jpg\" alt=\"laad-security-2024-15\" \/><\/figure><\/div><div class=\"swiper-slide\" role=\"group\" aria-roledescription=\"slide\" aria-label=\"8 of 8\"><figure class=\"swiper-slide-inner\"><img decoding=\"async\" class=\"swiper-slide-image\" src=\"https:\/\/laadexpo.com.br\/security\/wp-content\/uploads\/2024\/06\/laad-security-2024-5-1024x683.jpg\" alt=\"laad-security-2024-5\" \/><\/figure><\/div>\t\t\t<\/div>\n\t\t\t\t\t\t\t\t\t\t\t\t<div class=\"elementor-swiper-button elementor-swiper-button-prev\" role=\"button\" tabindex=\"0\">\n\t\t\t\t\t\t<i aria-hidden=\"true\" class=\"eicon-chevron-left\"><\/i>\t\t\t\t\t<\/div>\n\t\t\t\t\t<div class=\"elementor-swiper-button elementor-swiper-button-next\" role=\"button\" tabindex=\"0\">\n\t\t\t\t\t\t<i aria-hidden=\"true\" class=\"eicon-chevron-right\"><\/i>\t\t\t\t\t<\/div>\n\t\t\t\t\n\t\t\t\t\t\t\t\t\t<\/div>\n\t\t\t\t<\/div>\n\t\t\t\t<\/div>\n\t\t\t\t\t<\/div>\n\t\t<\/div>\n\t\t\t\t\t<\/div>\n\t\t<\/section>\n\t\t\t\t<\/div>","protected":false},"excerpt":{"rendered":"<p>Sobre a LAAD Security A LAAD Security 2026 \u00e9 o principal ponto de encontro para networking e atualiza\u00e7\u00e3o de profissionais que atuam nas \u00e1reas de seguran\u00e7a e defesa na Am\u00e9rica Latina. Esta exposi\u00e7\u00e3o re\u00fane empresas nacionais e internacionais que fornecem tecnologias, equipamentos e servi\u00e7os para Seguran\u00e7a P\u00fablica, For\u00e7as Policiais, For\u00e7as Especiais, For\u00e7as Armadas, \u00d3rg\u00e3os de&#8230;<\/p>","protected":false},"author":2,"featured_media":62,"parent":0,"menu_order":0,"comment_status":"closed","ping_status":"closed","template":"","meta":{"_joinchat":[]},"yoast_head":"<!-- This site is optimized with the Yoast SEO plugin v21.8 - https:\/\/yoast.com\/wordpress\/plugins\/seo\/ -->\n<title>Sobre a LAAD Security<\/title>\n<meta name=\"description\" content=\"A LAAD Security \u00e9 o Ponto de Encontro para Networking e Neg\u00f3cios dos Profissionais do Setor de Seguran\u00e7a na Am\u00e9rica Latina.\" \/>\n<meta name=\"robots\" content=\"index, follow, max-snippet:-1, max-image-preview:large, max-video-preview:-1\" \/>\n<link rel=\"canonical\" href=\"https:\/\/laadexpo.com.br\/security\/en\/sobre-a-laad-security\/\" \/>\n<meta property=\"og:locale\" content=\"en_US\" \/>\n<meta property=\"og:type\" content=\"article\" \/>\n<meta property=\"og:title\" content=\"Sobre a LAAD Security &amp; Defence\" \/>\n<meta property=\"og:description\" content=\"A LAAD Security &amp; Defense \u00e9 o Ponto de Encontro para Networking e Neg\u00f3cios dos Profissionais do Setor de Seguran\u00e7a na Am\u00e9rica Latina.\" \/>\n<meta property=\"og:url\" content=\"https:\/\/laadexpo.com.br\/security\/en\/sobre-a-laad-security\/\" \/>\n<meta property=\"og:site_name\" content=\"LAAD Security Milipol Brazil 2028\" \/>\n<meta property=\"article:modified_time\" content=\"2025-10-20T17:55:33+00:00\" \/>\n<meta property=\"og:image\" content=\"https:\/\/laadexpo.com.br\/security\/wp-content\/uploads\/2023\/08\/laad-security-2018-img-01.jpg\" \/>\n\t<meta property=\"og:image:width\" content=\"960\" \/>\n\t<meta property=\"og:image:height\" content=\"641\" \/>\n\t<meta property=\"og:image:type\" content=\"image\/jpeg\" \/>\n<meta name=\"twitter:card\" content=\"summary_large_image\" \/>\n<meta name=\"twitter:title\" content=\"Sobre a LAAD Security &amp; Defence\" \/>\n<meta name=\"twitter:description\" content=\"A LAAD Security &amp; Defense \u00e9 o Ponto de Encontro para Networking e Neg\u00f3cios dos Profissionais do Setor de Seguran\u00e7a na Am\u00e9rica Latina.\" \/>\n<meta name=\"twitter:image\" content=\"https:\/\/laadexpo.com.br\/security\/wp-content\/uploads\/2023\/08\/laad-security-2018-img-01.jpg\" \/>\n<meta name=\"twitter:label1\" content=\"Est. reading time\" \/>\n\t<meta name=\"twitter:data1\" content=\"3 minutes\" \/>\n<script type=\"application\/ld+json\" class=\"yoast-schema-graph\">{\"@context\":\"https:\/\/schema.org\",\"@graph\":[{\"@type\":\"WebPage\",\"@id\":\"https:\/\/laadexpo.com.br\/security\/sobre-a-laad-security\/\",\"url\":\"https:\/\/laadexpo.com.br\/security\/sobre-a-laad-security\/\",\"name\":\"Sobre a LAAD Security\",\"isPartOf\":{\"@id\":\"https:\/\/laadexpo.com.br\/security\/#website\"},\"datePublished\":\"2023-08-13T15:13:56+00:00\",\"dateModified\":\"2025-10-20T17:55:33+00:00\",\"description\":\"A LAAD Security \u00e9 o Ponto de Encontro para Networking e Neg\u00f3cios dos Profissionais do Setor de Seguran\u00e7a na Am\u00e9rica Latina.\",\"breadcrumb\":{\"@id\":\"https:\/\/laadexpo.com.br\/security\/sobre-a-laad-security\/#breadcrumb\"},\"inLanguage\":\"en-US\",\"potentialAction\":[{\"@type\":\"ReadAction\",\"target\":[\"https:\/\/laadexpo.com.br\/security\/sobre-a-laad-security\/\"]}]},{\"@type\":\"BreadcrumbList\",\"@id\":\"https:\/\/laadexpo.com.br\/security\/sobre-a-laad-security\/#breadcrumb\",\"itemListElement\":[{\"@type\":\"ListItem\",\"position\":1,\"name\":\"In\u00edcio\",\"item\":\"https:\/\/laadexpo.com.br\/security\/\"},{\"@type\":\"ListItem\",\"position\":2,\"name\":\"Sobre a LAAD Security\"}]},{\"@type\":\"WebSite\",\"@id\":\"https:\/\/laadexpo.com.br\/security\/#website\",\"url\":\"https:\/\/laadexpo.com.br\/security\/\",\"name\":\"LAAD Security & Defence\",\"description\":\"Feira Internacional de Seguran\u00e7a\",\"publisher\":{\"@id\":\"https:\/\/laadexpo.com.br\/security\/#organization\"},\"alternateName\":\"LAAD Security & Defence\",\"potentialAction\":[{\"@type\":\"SearchAction\",\"target\":{\"@type\":\"EntryPoint\",\"urlTemplate\":\"https:\/\/laadexpo.com.br\/security\/?s={search_term_string}\"},\"query-input\":\"required name=search_term_string\"}],\"inLanguage\":\"en-US\"},{\"@type\":\"Organization\",\"@id\":\"https:\/\/laadexpo.com.br\/security\/#organization\",\"name\":\"LAAD Security & Defence\",\"url\":\"https:\/\/laadexpo.com.br\/security\/\",\"logo\":{\"@type\":\"ImageObject\",\"inLanguage\":\"en-US\",\"@id\":\"https:\/\/laadexpo.com.br\/security\/#\/schema\/logo\/image\/\",\"url\":\"http:\/\/laadexpo1.hospedagemdesites.ws\/security\/wp-content\/uploads\/2023\/08\/logo-laad-security-defence-small.png\",\"contentUrl\":\"http:\/\/laadexpo1.hospedagemdesites.ws\/security\/wp-content\/uploads\/2023\/08\/logo-laad-security-defence-small.png\",\"width\":330,\"height\":143,\"caption\":\"LAAD Security & Defence\"},\"image\":{\"@id\":\"https:\/\/laadexpo.com.br\/security\/#\/schema\/logo\/image\/\"}}]}<\/script>\n<!-- \/ Yoast SEO plugin. -->","yoast_head_json":{"title":"Sobre a LAAD Security","description":"A LAAD Security \u00e9 o Ponto de Encontro para Networking e Neg\u00f3cios dos Profissionais do Setor de Seguran\u00e7a na Am\u00e9rica Latina.","robots":{"index":"index","follow":"follow","max-snippet":"max-snippet:-1","max-image-preview":"max-image-preview:large","max-video-preview":"max-video-preview:-1"},"canonical":"https:\/\/laadexpo.com.br\/security\/en\/sobre-a-laad-security\/","og_locale":"en_US","og_type":"article","og_title":"Sobre a LAAD Security & Defence","og_description":"A LAAD Security & Defense \u00e9 o Ponto de Encontro para Networking e Neg\u00f3cios dos Profissionais do Setor de Seguran\u00e7a na Am\u00e9rica Latina.","og_url":"https:\/\/laadexpo.com.br\/security\/en\/sobre-a-laad-security\/","og_site_name":"LAAD Security Milipol Brazil 2028","article_modified_time":"2025-10-20T17:55:33+00:00","og_image":[{"width":960,"height":641,"url":"https:\/\/laadexpo.com.br\/security\/wp-content\/uploads\/2023\/08\/laad-security-2018-img-01.jpg","type":"image\/jpeg"}],"twitter_card":"summary_large_image","twitter_title":"Sobre a LAAD Security & Defence","twitter_description":"A LAAD Security & Defense \u00e9 o Ponto de Encontro para Networking e Neg\u00f3cios dos Profissionais do Setor de Seguran\u00e7a na Am\u00e9rica Latina.","twitter_image":"https:\/\/laadexpo.com.br\/security\/wp-content\/uploads\/2023\/08\/laad-security-2018-img-01.jpg","twitter_misc":{"Est. reading time":"3 minutes"},"schema":{"@context":"https:\/\/schema.org","@graph":[{"@type":"WebPage","@id":"https:\/\/laadexpo.com.br\/security\/sobre-a-laad-security\/","url":"https:\/\/laadexpo.com.br\/security\/sobre-a-laad-security\/","name":"Sobre a LAAD Security","isPartOf":{"@id":"https:\/\/laadexpo.com.br\/security\/#website"},"datePublished":"2023-08-13T15:13:56+00:00","dateModified":"2025-10-20T17:55:33+00:00","description":"A LAAD Security \u00e9 o Ponto de Encontro para Networking e Neg\u00f3cios dos Profissionais do Setor de Seguran\u00e7a na Am\u00e9rica Latina.","breadcrumb":{"@id":"https:\/\/laadexpo.com.br\/security\/sobre-a-laad-security\/#breadcrumb"},"inLanguage":"en-US","potentialAction":[{"@type":"ReadAction","target":["https:\/\/laadexpo.com.br\/security\/sobre-a-laad-security\/"]}]},{"@type":"BreadcrumbList","@id":"https:\/\/laadexpo.com.br\/security\/sobre-a-laad-security\/#breadcrumb","itemListElement":[{"@type":"ListItem","position":1,"name":"In\u00edcio","item":"https:\/\/laadexpo.com.br\/security\/"},{"@type":"ListItem","position":2,"name":"Sobre a LAAD Security"}]},{"@type":"WebSite","@id":"https:\/\/laadexpo.com.br\/security\/#website","url":"https:\/\/laadexpo.com.br\/security\/","name":"LAAD Security & Defence","description":"Feira Internacional de Seguran\u00e7a","publisher":{"@id":"https:\/\/laadexpo.com.br\/security\/#organization"},"alternateName":"LAAD Security & Defence","potentialAction":[{"@type":"SearchAction","target":{"@type":"EntryPoint","urlTemplate":"https:\/\/laadexpo.com.br\/security\/?s={search_term_string}"},"query-input":"required name=search_term_string"}],"inLanguage":"en-US"},{"@type":"Organization","@id":"https:\/\/laadexpo.com.br\/security\/#organization","name":"LAAD Security & Defence","url":"https:\/\/laadexpo.com.br\/security\/","logo":{"@type":"ImageObject","inLanguage":"en-US","@id":"https:\/\/laadexpo.com.br\/security\/#\/schema\/logo\/image\/","url":"http:\/\/laadexpo1.hospedagemdesites.ws\/security\/wp-content\/uploads\/2023\/08\/logo-laad-security-defence-small.png","contentUrl":"http:\/\/laadexpo1.hospedagemdesites.ws\/security\/wp-content\/uploads\/2023\/08\/logo-laad-security-defence-small.png","width":330,"height":143,"caption":"LAAD Security & Defence"},"image":{"@id":"https:\/\/laadexpo.com.br\/security\/#\/schema\/logo\/image\/"}}]}},"_links":{"self":[{"href":"https:\/\/laadexpo.com.br\/security\/en\/wp-json\/wp\/v2\/pages\/56"}],"collection":[{"href":"https:\/\/laadexpo.com.br\/security\/en\/wp-json\/wp\/v2\/pages"}],"about":[{"href":"https:\/\/laadexpo.com.br\/security\/en\/wp-json\/wp\/v2\/types\/page"}],"author":[{"embeddable":true,"href":"https:\/\/laadexpo.com.br\/security\/en\/wp-json\/wp\/v2\/users\/2"}],"replies":[{"embeddable":true,"href":"https:\/\/laadexpo.com.br\/security\/en\/wp-json\/wp\/v2\/comments?post=56"}],"version-history":[{"count":67,"href":"https:\/\/laadexpo.com.br\/security\/en\/wp-json\/wp\/v2\/pages\/56\/revisions"}],"predecessor-version":[{"id":2002,"href":"https:\/\/laadexpo.com.br\/security\/en\/wp-json\/wp\/v2\/pages\/56\/revisions\/2002"}],"wp:featuredmedia":[{"embeddable":true,"href":"https:\/\/laadexpo.com.br\/security\/en\/wp-json\/wp\/v2\/media\/62"}],"wp:attachment":[{"href":"https:\/\/laadexpo.com.br\/security\/en\/wp-json\/wp\/v2\/media?parent=56"}],"curies":[{"name":"wp","href":"https:\/\/api.w.org\/{rel}","templated":true}]}}