{"id":102,"date":"2023-08-13T22:21:33","date_gmt":"2023-08-14T01:21:33","guid":{"rendered":"http:\/\/laadexpo1.hospedagemdesites.ws\/security\/?page_id=102"},"modified":"2025-11-17T03:29:28","modified_gmt":"2025-11-17T06:29:28","slug":"local-e-data","status":"publish","type":"page","link":"https:\/\/laadexpo.com.br\/security\/es\/lugar-y-fecha\/","title":{"rendered":"Lugar y fecha"},"content":{"rendered":"<div data-elementor-type=\"wp-page\" data-elementor-id=\"102\" class=\"elementor elementor-102\" data-elementor-post-type=\"page\">\n\t\t\t\t\t\t<section class=\"elementor-section elementor-top-section elementor-element elementor-element-9d030fc elementor-section-boxed elementor-section-height-default elementor-section-height-default\" data-id=\"9d030fc\" data-element_type=\"section\">\n\t\t\t\t\t\t\t<div class=\"elementor-background-overlay\"><\/div>\n\t\t\t\t\t\t\t<div class=\"elementor-container elementor-column-gap-default\">\n\t\t\t\t\t<div class=\"elementor-column elementor-col-100 elementor-top-column elementor-element elementor-element-f86c7c5\" data-id=\"f86c7c5\" data-element_type=\"column\">\n\t\t\t<div class=\"elementor-widget-wrap elementor-element-populated\">\n\t\t\t\t\t\t<div class=\"elementor-element elementor-element-d8a3aac elementor-invisible elementor-widget elementor-widget-heading\" data-id=\"d8a3aac\" data-element_type=\"widget\" data-settings=\"{&quot;_animation&quot;:&quot;fadeInUp&quot;}\" data-widget_type=\"heading.default\">\n\t\t\t\t<div class=\"elementor-widget-container\">\n\t\t\t<style>\/*! elementor - v3.19.0 - 07-02-2024 *\/\n.elementor-heading-title{padding:0;margin:0;line-height:1}.elementor-widget-heading .elementor-heading-title[class*=elementor-size-]>a{color:inherit;font-size:inherit;line-height:inherit}.elementor-widget-heading .elementor-heading-title.elementor-size-small{font-size:15px}.elementor-widget-heading .elementor-heading-title.elementor-size-medium{font-size:19px}.elementor-widget-heading .elementor-heading-title.elementor-size-large{font-size:29px}.elementor-widget-heading .elementor-heading-title.elementor-size-xl{font-size:39px}.elementor-widget-heading .elementor-heading-title.elementor-size-xxl{font-size:59px}<\/style><h1 class=\"elementor-heading-title elementor-size-default\">Lugar y Fecha - LAAD Security Milipol Brazil 2026<\/h1>\t\t<\/div>\n\t\t\t\t<\/div>\n\t\t\t\t<section class=\"elementor-section elementor-inner-section elementor-element elementor-element-306b71b elementor-section-boxed elementor-section-height-default elementor-section-height-default\" data-id=\"306b71b\" data-element_type=\"section\">\n\t\t\t\t\t\t<div class=\"elementor-container elementor-column-gap-default\">\n\t\t\t\t\t<div class=\"elementor-column elementor-col-50 elementor-inner-column elementor-element elementor-element-f585bfa elementor-invisible\" data-id=\"f585bfa\" data-element_type=\"column\" data-settings=\"{&quot;animation&quot;:&quot;fadeInLeft&quot;}\">\n\t\t\t<div class=\"elementor-widget-wrap elementor-element-populated\">\n\t\t\t\t\t\t<div class=\"elementor-element elementor-element-cede845 elementor-icon-list--layout-traditional elementor-list-item-link-full_width elementor-widget elementor-widget-icon-list\" data-id=\"cede845\" data-element_type=\"widget\" data-widget_type=\"icon-list.default\">\n\t\t\t\t<div class=\"elementor-widget-container\">\n\t\t\t<link rel=\"stylesheet\" href=\"https:\/\/laadexpo.com.br\/security\/wp-content\/plugins\/elementor\/assets\/css\/widget-icon-list.min.css\">\t\t<ul class=\"elementor-icon-list-items\">\n\t\t\t\t\t\t\t<li class=\"elementor-icon-list-item\">\n\t\t\t\t\t\t\t\t\t\t\t<span class=\"elementor-icon-list-icon\">\n\t\t\t\t\t\t\t<i aria-hidden=\"true\" class=\"far fa-calendar-alt\"><\/i>\t\t\t\t\t\t<\/span>\n\t\t\t\t\t\t\t\t\t\t<span class=\"elementor-icon-list-text\">14-16 de abril de 2026<\/span>\n\t\t\t\t\t\t\t\t\t<\/li>\n\t\t\t\t\t\t<\/ul>\n\t\t\t\t<\/div>\n\t\t\t\t<\/div>\n\t\t\t\t<div class=\"elementor-element elementor-element-0a1cc85 elementor-icon-list--layout-traditional elementor-list-item-link-full_width elementor-widget elementor-widget-icon-list\" data-id=\"0a1cc85\" data-element_type=\"widget\" data-widget_type=\"icon-list.default\">\n\t\t\t\t<div class=\"elementor-widget-container\">\n\t\t\t\t\t<ul class=\"elementor-icon-list-items\">\n\t\t\t\t\t\t\t<li class=\"elementor-icon-list-item\">\n\t\t\t\t\t\t\t\t\t\t\t<span class=\"elementor-icon-list-icon\">\n\t\t\t\t\t\t\t<i aria-hidden=\"true\" class=\"far fa-clock\"><\/i>\t\t\t\t\t\t<\/span>\n\t\t\t\t\t\t\t\t\t\t<span class=\"elementor-icon-list-text\"><b>Dias 14 e 15:<\/b> de 10 a 18 horas | <b>Dia 16:<\/b> de 10 a 17 horas<\/span>\n\t\t\t\t\t\t\t\t\t<\/li>\n\t\t\t\t\t\t<\/ul>\n\t\t\t\t<\/div>\n\t\t\t\t<\/div>\n\t\t\t\t<div class=\"elementor-element elementor-element-0ba1456 elementor-icon-list--layout-traditional elementor-list-item-link-full_width elementor-widget elementor-widget-icon-list\" data-id=\"0ba1456\" data-element_type=\"widget\" data-widget_type=\"icon-list.default\">\n\t\t\t\t<div class=\"elementor-widget-container\">\n\t\t\t\t\t<ul class=\"elementor-icon-list-items\">\n\t\t\t\t\t\t\t<li class=\"elementor-icon-list-item\">\n\t\t\t\t\t\t\t\t\t\t\t<span class=\"elementor-icon-list-icon\">\n\t\t\t\t\t\t\t<i aria-hidden=\"true\" class=\"fas fa-map-marker-alt\"><\/i>\t\t\t\t\t\t<\/span>\n\t\t\t\t\t\t\t\t\t\t<span class=\"elementor-icon-list-text\">Centro de exposiciones Transam\u00e9rica<\/span>\n\t\t\t\t\t\t\t\t\t<\/li>\n\t\t\t\t\t\t<\/ul>\n\t\t\t\t<\/div>\n\t\t\t\t<\/div>\n\t\t\t\t<div class=\"elementor-element elementor-element-a691747 elementor-icon-list--layout-traditional elementor-list-item-link-full_width elementor-widget elementor-widget-icon-list\" data-id=\"a691747\" data-element_type=\"widget\" data-widget_type=\"icon-list.default\">\n\t\t\t\t<div class=\"elementor-widget-container\">\n\t\t\t\t\t<ul class=\"elementor-icon-list-items\">\n\t\t\t\t\t\t\t<li class=\"elementor-icon-list-item\">\n\t\t\t\t\t\t\t\t\t\t<span class=\"elementor-icon-list-text\"><b>DIRECCI\u00d3N:<\/b> Av. Dr. M\u00e1rio Vilas Boas Rodrigues, 387 - Santo Amaro, S\u00e3o Paulo - SP, 04757-020<\/span>\n\t\t\t\t\t\t\t\t\t<\/li>\n\t\t\t\t\t\t<\/ul>\n\t\t\t\t<\/div>\n\t\t\t\t<\/div>\n\t\t\t\t<div class=\"elementor-element elementor-element-e174637 elementor-icon-list--layout-traditional elementor-list-item-link-full_width elementor-widget elementor-widget-icon-list\" data-id=\"e174637\" data-element_type=\"widget\" data-widget_type=\"icon-list.default\">\n\t\t\t\t<div class=\"elementor-widget-container\">\n\t\t\t\t\t<ul class=\"elementor-icon-list-items\">\n\t\t\t\t\t\t\t<li class=\"elementor-icon-list-item\">\n\t\t\t\t\t\t\t\t\t\t\t<span class=\"elementor-icon-list-icon\">\n\t\t\t\t\t\t\t<i aria-hidden=\"true\" class=\"fas fa-parking\"><\/i>\t\t\t\t\t\t<\/span>\n\t\t\t\t\t\t\t\t\t\t<span class=\"elementor-icon-list-text\">Estacionamiento<\/span>\n\t\t\t\t\t\t\t\t\t<\/li>\n\t\t\t\t\t\t<\/ul>\n\t\t\t\t<\/div>\n\t\t\t\t<\/div>\n\t\t\t\t<div class=\"elementor-element elementor-element-98cd928 elementor-widget elementor-widget-text-editor\" data-id=\"98cd928\" data-element_type=\"widget\" data-widget_type=\"text-editor.default\">\n\t\t\t\t<div class=\"elementor-widget-container\">\n\t\t\t<style>\/*! elementor - v3.19.0 - 07-02-2024 *\/\n.elementor-widget-text-editor.elementor-drop-cap-view-stacked .elementor-drop-cap{background-color:#69727d;color:#fff}.elementor-widget-text-editor.elementor-drop-cap-view-framed .elementor-drop-cap{color:#69727d;border:3px solid;background-color:transparent}.elementor-widget-text-editor:not(.elementor-drop-cap-view-default) .elementor-drop-cap{margin-top:8px}.elementor-widget-text-editor:not(.elementor-drop-cap-view-default) .elementor-drop-cap-letter{width:1em;height:1em}.elementor-widget-text-editor .elementor-drop-cap{float:left;text-align:center;line-height:1;font-size:50px}.elementor-widget-text-editor .elementor-drop-cap-letter{display:inline-block}<\/style>\t\t\t\t<p><span style=\"color: var( --e-global-color-text );\">El Transamerica Expo Center cuenta con un estacionamiento con capacidad para m\u00e1s de 2,500 veh\u00edculos. Consulta precios y horarios de apertura en la web:<\/span><strong><br \/><a style=\"background-color: #ffffff;\" href=\"https:\/\/www.transamericaexpo.com.br\" target=\"_blank\" rel=\"noopener\">www.transamericaexpo.com.br<\/a><\/strong><\/p>\t\t\t\t\t\t<\/div>\n\t\t\t\t<\/div>\n\t\t\t\t\t<\/div>\n\t\t<\/div>\n\t\t\t\t<div class=\"elementor-column elementor-col-50 elementor-inner-column elementor-element elementor-element-90638ac elementor-invisible\" data-id=\"90638ac\" data-element_type=\"column\" data-settings=\"{&quot;animation&quot;:&quot;fadeInRight&quot;}\">\n\t\t\t<div class=\"elementor-widget-wrap elementor-element-populated\">\n\t\t\t\t\t\t<div class=\"elementor-element elementor-element-d5280e0 elementor-widget elementor-widget-google_maps\" data-id=\"d5280e0\" data-element_type=\"widget\" data-widget_type=\"google_maps.default\">\n\t\t\t\t<div class=\"elementor-widget-container\">\n\t\t\t<style>\/*! elementor - v3.19.0 - 07-02-2024 *\/\n.elementor-widget-google_maps .elementor-widget-container{overflow:hidden}.elementor-widget-google_maps .elementor-custom-embed{line-height:0}.elementor-widget-google_maps iframe{height:300px}<\/style>\t\t<div class=\"elementor-custom-embed\">\n\t\t\t<iframe loading=\"lazy\"\n\t\t\t\t\tsrc=\"https:\/\/maps.google.com\/maps?q=transamerica%20expo&#038;t=m&#038;z=13&#038;output=embed&#038;iwloc=near\"\n\t\t\t\t\ttitle=\"expo transamerica\"\n\t\t\t\t\taria-label=\"expo transamerica\"\n\t\t\t><\/iframe>\n\t\t<\/div>\n\t\t\t\t<\/div>\n\t\t\t\t<\/div>\n\t\t\t\t\t<\/div>\n\t\t<\/div>\n\t\t\t\t\t<\/div>\n\t\t<\/section>\n\t\t\t\t\t<\/div>\n\t\t<\/div>\n\t\t\t\t\t<\/div>\n\t\t<\/section>\n\t\t\t\t<\/div>","protected":false},"excerpt":{"rendered":"<p>Local e Data &#8211; LAAD Security Milipol Brazil 2026 14 a 16 de Abril de 2026 Dias 14 e 15: das 10h \u00e0s 18h | Dia 16: das 10h \u00e0s 17h Transamerica Expo Center Endere\u00e7o: Av. Dr. M\u00e1rio Vilas Boas Rodrigues, 387 &#8211; Santo Amaro, S\u00e3o Paulo &#8211; SP, 04757-020 Estacionamento O Transamerica Expo Center&#8230;<\/p>","protected":false},"author":2,"featured_media":1607,"parent":0,"menu_order":0,"comment_status":"closed","ping_status":"closed","template":"","meta":{"_joinchat":[]},"yoast_head":"<!-- This site is optimized with the Yoast SEO plugin v21.8 - https:\/\/yoast.com\/wordpress\/plugins\/seo\/ -->\n<title>Local e Data - LAAD Security 2026<\/title>\n<meta name=\"description\" content=\"A LAAD Security 2026 Acontece de 14 a 16 de abril de 2026, no Transamerica Expo Center. Acesse o Site para Mais Detalhes.\" \/>\n<meta name=\"robots\" content=\"index, follow, max-snippet:-1, max-image-preview:large, max-video-preview:-1\" \/>\n<link rel=\"canonical\" href=\"https:\/\/laadexpo.com.br\/security\/es\/lugar-y-fecha\/\" \/>\n<meta property=\"og:locale\" content=\"es_ES\" \/>\n<meta property=\"og:type\" content=\"article\" \/>\n<meta property=\"og:title\" content=\"Local e Data - LAAD Security &amp; Defence\" \/>\n<meta property=\"og:description\" content=\"A LAAD Security &amp; Defence 2024 Acontece de 02 a 04 de Abril, das 10h \u00e0s 17h no Transamerica Expo Center. Acesse o Site para Mais Detalhes.\" \/>\n<meta property=\"og:url\" content=\"https:\/\/laadexpo.com.br\/security\/es\/lugar-y-fecha\/\" \/>\n<meta property=\"og:site_name\" content=\"LAAD Security Milipol Brazil 2026\" \/>\n<meta property=\"article:modified_time\" content=\"2025-11-17T06:29:28+00:00\" \/>\n<meta property=\"og:image\" content=\"https:\/\/laadexpo.com.br\/security\/wp-content\/uploads\/2023\/08\/logo-laad-security-defence-squad.png\" \/>\n\t<meta property=\"og:image:width\" content=\"1000\" \/>\n\t<meta property=\"og:image:height\" content=\"1000\" \/>\n\t<meta property=\"og:image:type\" content=\"image\/png\" \/>\n<meta name=\"twitter:card\" content=\"summary_large_image\" \/>\n<meta name=\"twitter:title\" content=\"Local e Data - LAAD Security &amp; Defence\" \/>\n<meta name=\"twitter:description\" content=\"A LAAD Security &amp; Defence 2024 Acontece de 02 a 04 de Abril, das 10h \u00e0s 17h no Transamerica Expo Center. Acesse o Site para Mais Detalhes.\" \/>\n<meta name=\"twitter:image\" content=\"https:\/\/laadexpo.com.br\/security\/wp-content\/uploads\/2023\/08\/logo-laad-security-defence-squad.png\" \/>\n<meta name=\"twitter:label1\" content=\"Tiempo de lectura\" \/>\n\t<meta name=\"twitter:data1\" content=\"1 minuto\" \/>\n<script type=\"application\/ld+json\" class=\"yoast-schema-graph\">{\"@context\":\"https:\/\/schema.org\",\"@graph\":[{\"@type\":\"WebPage\",\"@id\":\"https:\/\/laadexpo.com.br\/security\/pt\/local-e-data\/\",\"url\":\"https:\/\/laadexpo.com.br\/security\/pt\/local-e-data\/\",\"name\":\"Local e Data - LAAD Security 2026\",\"isPartOf\":{\"@id\":\"https:\/\/laadexpo.com.br\/security\/#website\"},\"datePublished\":\"2023-08-14T01:21:33+00:00\",\"dateModified\":\"2025-11-17T06:29:28+00:00\",\"description\":\"A LAAD Security 2026 Acontece de 14 a 16 de abril de 2026, no Transamerica Expo Center. Acesse o Site para Mais Detalhes.\",\"breadcrumb\":{\"@id\":\"https:\/\/laadexpo.com.br\/security\/pt\/local-e-data\/#breadcrumb\"},\"inLanguage\":\"es\",\"potentialAction\":[{\"@type\":\"ReadAction\",\"target\":[\"https:\/\/laadexpo.com.br\/security\/pt\/local-e-data\/\"]}]},{\"@type\":\"BreadcrumbList\",\"@id\":\"https:\/\/laadexpo.com.br\/security\/pt\/local-e-data\/#breadcrumb\",\"itemListElement\":[{\"@type\":\"ListItem\",\"position\":1,\"name\":\"In\u00edcio\",\"item\":\"https:\/\/laadexpo.com.br\/security\/\"},{\"@type\":\"ListItem\",\"position\":2,\"name\":\"Local e Data\"}]},{\"@type\":\"WebSite\",\"@id\":\"https:\/\/laadexpo.com.br\/security\/#website\",\"url\":\"https:\/\/laadexpo.com.br\/security\/\",\"name\":\"LAAD Security & Defence\",\"description\":\"Feira Internacional de Seguran\u00e7a\",\"publisher\":{\"@id\":\"https:\/\/laadexpo.com.br\/security\/#organization\"},\"alternateName\":\"LAAD Security & Defence\",\"potentialAction\":[{\"@type\":\"SearchAction\",\"target\":{\"@type\":\"EntryPoint\",\"urlTemplate\":\"https:\/\/laadexpo.com.br\/security\/?s={search_term_string}\"},\"query-input\":\"required name=search_term_string\"}],\"inLanguage\":\"es\"},{\"@type\":\"Organization\",\"@id\":\"https:\/\/laadexpo.com.br\/security\/#organization\",\"name\":\"LAAD Security & Defence\",\"url\":\"https:\/\/laadexpo.com.br\/security\/\",\"logo\":{\"@type\":\"ImageObject\",\"inLanguage\":\"es\",\"@id\":\"https:\/\/laadexpo.com.br\/security\/#\/schema\/logo\/image\/\",\"url\":\"http:\/\/laadexpo1.hospedagemdesites.ws\/security\/wp-content\/uploads\/2023\/08\/logo-laad-security-defence-small.png\",\"contentUrl\":\"http:\/\/laadexpo1.hospedagemdesites.ws\/security\/wp-content\/uploads\/2023\/08\/logo-laad-security-defence-small.png\",\"width\":330,\"height\":143,\"caption\":\"LAAD Security & Defence\"},\"image\":{\"@id\":\"https:\/\/laadexpo.com.br\/security\/#\/schema\/logo\/image\/\"}}]}<\/script>\n<!-- \/ Yoast SEO plugin. -->","yoast_head_json":{"title":"Local e Data - LAAD Security 2026","description":"A LAAD Security 2026 Acontece de 14 a 16 de abril de 2026, no Transamerica Expo Center. Acesse o Site para Mais Detalhes.","robots":{"index":"index","follow":"follow","max-snippet":"max-snippet:-1","max-image-preview":"max-image-preview:large","max-video-preview":"max-video-preview:-1"},"canonical":"https:\/\/laadexpo.com.br\/security\/es\/lugar-y-fecha\/","og_locale":"es_ES","og_type":"article","og_title":"Local e Data - LAAD Security & Defence","og_description":"A LAAD Security & Defence 2024 Acontece de 02 a 04 de Abril, das 10h \u00e0s 17h no Transamerica Expo Center. Acesse o Site para Mais Detalhes.","og_url":"https:\/\/laadexpo.com.br\/security\/es\/lugar-y-fecha\/","og_site_name":"LAAD Security Milipol Brazil 2026","article_modified_time":"2025-11-17T06:29:28+00:00","og_image":[{"width":1000,"height":1000,"url":"https:\/\/laadexpo.com.br\/security\/wp-content\/uploads\/2023\/08\/logo-laad-security-defence-squad.png","type":"image\/png"}],"twitter_card":"summary_large_image","twitter_title":"Local e Data - LAAD Security & Defence","twitter_description":"A LAAD Security & Defence 2024 Acontece de 02 a 04 de Abril, das 10h \u00e0s 17h no Transamerica Expo Center. Acesse o Site para Mais Detalhes.","twitter_image":"https:\/\/laadexpo.com.br\/security\/wp-content\/uploads\/2023\/08\/logo-laad-security-defence-squad.png","twitter_misc":{"Tiempo de lectura":"1 minuto"},"schema":{"@context":"https:\/\/schema.org","@graph":[{"@type":"WebPage","@id":"https:\/\/laadexpo.com.br\/security\/pt\/local-e-data\/","url":"https:\/\/laadexpo.com.br\/security\/pt\/local-e-data\/","name":"Local e Data - LAAD Security 2026","isPartOf":{"@id":"https:\/\/laadexpo.com.br\/security\/#website"},"datePublished":"2023-08-14T01:21:33+00:00","dateModified":"2025-11-17T06:29:28+00:00","description":"A LAAD Security 2026 Acontece de 14 a 16 de abril de 2026, no Transamerica Expo Center. Acesse o Site para Mais Detalhes.","breadcrumb":{"@id":"https:\/\/laadexpo.com.br\/security\/pt\/local-e-data\/#breadcrumb"},"inLanguage":"es","potentialAction":[{"@type":"ReadAction","target":["https:\/\/laadexpo.com.br\/security\/pt\/local-e-data\/"]}]},{"@type":"BreadcrumbList","@id":"https:\/\/laadexpo.com.br\/security\/pt\/local-e-data\/#breadcrumb","itemListElement":[{"@type":"ListItem","position":1,"name":"In\u00edcio","item":"https:\/\/laadexpo.com.br\/security\/"},{"@type":"ListItem","position":2,"name":"Local e Data"}]},{"@type":"WebSite","@id":"https:\/\/laadexpo.com.br\/security\/#website","url":"https:\/\/laadexpo.com.br\/security\/","name":"LAAD Security & Defence","description":"Feira Internacional de Seguran\u00e7a","publisher":{"@id":"https:\/\/laadexpo.com.br\/security\/#organization"},"alternateName":"LAAD Security & Defence","potentialAction":[{"@type":"SearchAction","target":{"@type":"EntryPoint","urlTemplate":"https:\/\/laadexpo.com.br\/security\/?s={search_term_string}"},"query-input":"required name=search_term_string"}],"inLanguage":"es"},{"@type":"Organization","@id":"https:\/\/laadexpo.com.br\/security\/#organization","name":"LAAD Security & Defence","url":"https:\/\/laadexpo.com.br\/security\/","logo":{"@type":"ImageObject","inLanguage":"es","@id":"https:\/\/laadexpo.com.br\/security\/#\/schema\/logo\/image\/","url":"http:\/\/laadexpo1.hospedagemdesites.ws\/security\/wp-content\/uploads\/2023\/08\/logo-laad-security-defence-small.png","contentUrl":"http:\/\/laadexpo1.hospedagemdesites.ws\/security\/wp-content\/uploads\/2023\/08\/logo-laad-security-defence-small.png","width":330,"height":143,"caption":"LAAD Security & Defence"},"image":{"@id":"https:\/\/laadexpo.com.br\/security\/#\/schema\/logo\/image\/"}}]}},"_links":{"self":[{"href":"https:\/\/laadexpo.com.br\/security\/es\/wp-json\/wp\/v2\/pages\/102"}],"collection":[{"href":"https:\/\/laadexpo.com.br\/security\/es\/wp-json\/wp\/v2\/pages"}],"about":[{"href":"https:\/\/laadexpo.com.br\/security\/es\/wp-json\/wp\/v2\/types\/page"}],"author":[{"embeddable":true,"href":"https:\/\/laadexpo.com.br\/security\/es\/wp-json\/wp\/v2\/users\/2"}],"replies":[{"embeddable":true,"href":"https:\/\/laadexpo.com.br\/security\/es\/wp-json\/wp\/v2\/comments?post=102"}],"version-history":[{"count":39,"href":"https:\/\/laadexpo.com.br\/security\/es\/wp-json\/wp\/v2\/pages\/102\/revisions"}],"predecessor-version":[{"id":2132,"href":"https:\/\/laadexpo.com.br\/security\/es\/wp-json\/wp\/v2\/pages\/102\/revisions\/2132"}],"wp:featuredmedia":[{"embeddable":true,"href":"https:\/\/laadexpo.com.br\/security\/es\/wp-json\/wp\/v2\/media\/1607"}],"wp:attachment":[{"href":"https:\/\/laadexpo.com.br\/security\/es\/wp-json\/wp\/v2\/media?parent=102"}],"curies":[{"name":"wp","href":"https:\/\/api.w.org\/{rel}","templated":true}]}}