{"id":348,"date":"2023-08-15T02:11:17","date_gmt":"2023-08-15T05:11:17","guid":{"rendered":"http:\/\/laadexpo1.hospedagemdesites.ws\/security\/?page_id=348"},"modified":"2025-11-17T04:15:36","modified_gmt":"2025-11-17T07:15:36","slug":"duvidas-frequentes-do-expositor","status":"publish","type":"page","link":"https:\/\/laadexpo.com.br\/security\/es\/preguntas-frecuentes-del-expositor\/","title":{"rendered":"Preguntas frecuentes del expositor"},"content":{"rendered":"<div data-elementor-type=\"wp-page\" data-elementor-id=\"348\" class=\"elementor elementor-348\" data-elementor-post-type=\"page\">\n\t\t\t\t\t\t<section class=\"elementor-section elementor-top-section elementor-element elementor-element-9d030fc elementor-section-boxed elementor-section-height-default elementor-section-height-default\" data-id=\"9d030fc\" data-element_type=\"section\">\n\t\t\t\t\t\t\t<div class=\"elementor-background-overlay\"><\/div>\n\t\t\t\t\t\t\t<div class=\"elementor-container elementor-column-gap-default\">\n\t\t\t\t\t<div class=\"elementor-column elementor-col-100 elementor-top-column elementor-element elementor-element-f86c7c5\" data-id=\"f86c7c5\" data-element_type=\"column\">\n\t\t\t<div class=\"elementor-widget-wrap elementor-element-populated\">\n\t\t\t\t\t\t<div class=\"elementor-element elementor-element-d8a3aac elementor-invisible elementor-widget elementor-widget-heading\" data-id=\"d8a3aac\" data-element_type=\"widget\" data-settings=\"{&quot;_animation&quot;:&quot;fadeInUp&quot;}\" data-widget_type=\"heading.default\">\n\t\t\t\t<div class=\"elementor-widget-container\">\n\t\t\t<style>\/*! elementor - v3.19.0 - 07-02-2024 *\/\n.elementor-heading-title{padding:0;margin:0;line-height:1}.elementor-widget-heading .elementor-heading-title[class*=elementor-size-]>a{color:inherit;font-size:inherit;line-height:inherit}.elementor-widget-heading .elementor-heading-title.elementor-size-small{font-size:15px}.elementor-widget-heading .elementor-heading-title.elementor-size-medium{font-size:19px}.elementor-widget-heading .elementor-heading-title.elementor-size-large{font-size:29px}.elementor-widget-heading .elementor-heading-title.elementor-size-xl{font-size:39px}.elementor-widget-heading .elementor-heading-title.elementor-size-xxl{font-size:59px}<\/style><h1 class=\"elementor-heading-title elementor-size-default\">Preguntas frecuentes del expositor<\/h1>\t\t<\/div>\n\t\t\t\t<\/div>\n\t\t\t\t<div class=\"elementor-element elementor-element-4912a2a elementor-widget elementor-widget-accordion\" data-id=\"4912a2a\" data-element_type=\"widget\" data-widget_type=\"accordion.default\">\n\t\t\t\t<div class=\"elementor-widget-container\">\n\t\t\t<style>\/*! elementor - v3.19.0 - 07-02-2024 *\/\n.elementor-accordion{text-align:left}.elementor-accordion .elementor-accordion-item{border:1px solid #d5d8dc}.elementor-accordion .elementor-accordion-item+.elementor-accordion-item{border-top:none}.elementor-accordion .elementor-tab-title{margin:0;padding:15px 20px;font-weight:700;line-height:1;cursor:pointer;outline:none}.elementor-accordion .elementor-tab-title .elementor-accordion-icon{display:inline-block;width:1.5em}.elementor-accordion .elementor-tab-title .elementor-accordion-icon svg{width:1em;height:1em}.elementor-accordion .elementor-tab-title .elementor-accordion-icon.elementor-accordion-icon-right{float:right;text-align:right}.elementor-accordion .elementor-tab-title .elementor-accordion-icon.elementor-accordion-icon-left{float:left;text-align:left}.elementor-accordion .elementor-tab-title .elementor-accordion-icon .elementor-accordion-icon-closed{display:block}.elementor-accordion .elementor-tab-title .elementor-accordion-icon .elementor-accordion-icon-opened,.elementor-accordion .elementor-tab-title.elementor-active .elementor-accordion-icon-closed{display:none}.elementor-accordion .elementor-tab-title.elementor-active .elementor-accordion-icon-opened{display:block}.elementor-accordion .elementor-tab-content{display:none;padding:15px 20px;border-top:1px solid #d5d8dc}@media (max-width:767px){.elementor-accordion .elementor-tab-title{padding:12px 15px}.elementor-accordion .elementor-tab-title .elementor-accordion-icon{width:1.2em}.elementor-accordion .elementor-tab-content{padding:7px 15px}}.e-con-inner>.elementor-widget-accordion,.e-con>.elementor-widget-accordion{width:var(--container-widget-width);--flex-grow:var(--container-widget-flex-grow)}<\/style>\t\t<div class=\"elementor-accordion\">\n\t\t\t\t\t\t\t<div class=\"elementor-accordion-item\">\n\t\t\t\t\t<div id=\"elementor-tab-title-7661\" class=\"elementor-tab-title\" data-tab=\"1\" role=\"button\" aria-controls=\"elementor-tab-content-7661\" aria-expanded=\"false\">\n\t\t\t\t\t\t\t\t\t\t\t\t\t<span class=\"elementor-accordion-icon elementor-accordion-icon-left\" aria-hidden=\"true\">\n\t\t\t\t\t\t\t\t\t\t\t\t\t\t\t<span class=\"elementor-accordion-icon-closed\"><i class=\"fas fa-plus\"><\/i><\/span>\n\t\t\t\t\t\t\t\t<span class=\"elementor-accordion-icon-opened\"><i class=\"fas fa-minus\"><\/i><\/span>\n\t\t\t\t\t\t\t\t\t\t\t\t\t\t<\/span>\n\t\t\t\t\t\t\t\t\t\t\t\t<a class=\"elementor-accordion-title\" tabindex=\"0\">\u00bfD\u00f3nde y cu\u00e1ndo tendr\u00e1 lugar LAAD Security Milipol Brazil 2026?<\/a>\n\t\t\t\t\t<\/div>\n\t\t\t\t\t<div id=\"elementor-tab-content-7661\" class=\"elementor-tab-content elementor-clearfix\" data-tab=\"1\" role=\"region\" aria-labelledby=\"elementor-tab-title-7661\"><p><strong>14 a 16 de abril de 2026<\/strong><\/p><p><strong>Dias 14 e 15:<\/strong>\u00a0de 10 a 18 horas |\u00a0<strong>Dia 16:<\/strong>\u00a0de 10 a 17 horas<\/p><p>Centro de exposiciones Transam\u00e9rica<\/p><p><strong>DIRECCI\u00d3N:<\/strong>\u00a0Av. Dr. M\u00e1rio Vilas Boas Rodrigues, 387 \u2013 Santo Amaro, S\u00e3o Paulo \u2013 SP, 04757-020<\/p><\/div>\n\t\t\t\t<\/div>\n\t\t\t\t\t\t\t\t<\/div>\n\t\t\t\t<\/div>\n\t\t\t\t<\/div>\n\t\t\t\t\t<\/div>\n\t\t<\/div>\n\t\t\t\t\t<\/div>\n\t\t<\/section>\n\t\t\t\t<\/div>","protected":false},"excerpt":{"rendered":"<p>D\u00favidas Frequentes do Expositor Onde e quando acontece a LAAD Security Milipol Brazil 2026? 14 a 16 de abril de 2026 Dias 14 e 15:\u00a0das 10h \u00e0s 18h |\u00a0Dia 16:\u00a0das 10h \u00e0s 17h Transamerica Expo Center Endere\u00e7o:\u00a0Av. Dr. M\u00e1rio Vilas Boas Rodrigues, 387 &#8211; Santo Amaro, S\u00e3o Paulo &#8211; SP, 04757-020<\/p>","protected":false},"author":2,"featured_media":0,"parent":0,"menu_order":0,"comment_status":"closed","ping_status":"closed","template":"","meta":{"_joinchat":[]},"yoast_head":"<!-- This site is optimized with the Yoast SEO plugin v21.8 - https:\/\/yoast.com\/wordpress\/plugins\/seo\/ -->\n<title>D\u00favidas Frequentes do Expositor | LAAD Security Milipol Brazil 2026<\/title>\n<meta name=\"robots\" content=\"index, follow, max-snippet:-1, max-image-preview:large, max-video-preview:-1\" \/>\n<link rel=\"canonical\" href=\"https:\/\/laadexpo.com.br\/security\/es\/duvidas-frequentes-do-expositor\/\" \/>\n<meta property=\"og:locale\" content=\"es_ES\" \/>\n<meta property=\"og:type\" content=\"article\" \/>\n<meta property=\"og:title\" content=\"D\u00favidas Frequentes do Expositor | LAAD Security Milipol Brazil 2026\" \/>\n<meta property=\"og:description\" content=\"D\u00favidas Frequentes do Expositor Onde e quando acontece a LAAD Security Milipol Brazil 2026? 14 a 16 de abril de 2026 Dias 14 e 15:\u00a0das 10h \u00e0s 18h |\u00a0Dia 16:\u00a0das 10h \u00e0s 17h Transamerica Expo Center Endere\u00e7o:\u00a0Av. Dr. M\u00e1rio Vilas Boas Rodrigues, 387 &#8211; Santo Amaro, S\u00e3o Paulo &#8211; SP, 04757-020\" \/>\n<meta property=\"og:url\" content=\"https:\/\/laadexpo.com.br\/security\/es\/duvidas-frequentes-do-expositor\/\" \/>\n<meta property=\"og:site_name\" content=\"LAAD Security Milipol Brazil 2026\" \/>\n<meta property=\"article:modified_time\" content=\"2025-11-17T07:15:36+00:00\" \/>\n<meta property=\"og:image\" content=\"https:\/\/laadexpo.com.br\/security\/wp-content\/uploads\/2023\/08\/logo-laad-security-defence-small.png\" \/>\n\t<meta property=\"og:image:width\" content=\"330\" \/>\n\t<meta property=\"og:image:height\" content=\"143\" \/>\n\t<meta property=\"og:image:type\" content=\"image\/png\" \/>\n<meta name=\"twitter:card\" content=\"summary_large_image\" \/>\n<meta name=\"twitter:title\" content=\"D\u00favidas Frequentes do Expositor | LAAD Security Milipol Brazil 2026\" \/>\n<meta name=\"twitter:label1\" content=\"Tiempo de lectura\" \/>\n\t<meta name=\"twitter:data1\" content=\"1 minuto\" \/>\n<script type=\"application\/ld+json\" class=\"yoast-schema-graph\">{\"@context\":\"https:\/\/schema.org\",\"@graph\":[{\"@type\":\"WebPage\",\"@id\":\"https:\/\/laadexpo.com.br\/security\/duvidas-frequentes-do-expositor\/\",\"url\":\"https:\/\/laadexpo.com.br\/security\/duvidas-frequentes-do-expositor\/\",\"name\":\"D\u00favidas Frequentes do Expositor | LAAD Security Milipol Brazil 2026\",\"isPartOf\":{\"@id\":\"https:\/\/laadexpo.com.br\/security\/#website\"},\"datePublished\":\"2023-08-15T05:11:17+00:00\",\"dateModified\":\"2025-11-17T07:15:36+00:00\",\"breadcrumb\":{\"@id\":\"https:\/\/laadexpo.com.br\/security\/duvidas-frequentes-do-expositor\/#breadcrumb\"},\"inLanguage\":\"es\",\"potentialAction\":[{\"@type\":\"ReadAction\",\"target\":[\"https:\/\/laadexpo.com.br\/security\/duvidas-frequentes-do-expositor\/\"]}]},{\"@type\":\"BreadcrumbList\",\"@id\":\"https:\/\/laadexpo.com.br\/security\/duvidas-frequentes-do-expositor\/#breadcrumb\",\"itemListElement\":[{\"@type\":\"ListItem\",\"position\":1,\"name\":\"In\u00edcio\",\"item\":\"https:\/\/laadexpo.com.br\/security\/\"},{\"@type\":\"ListItem\",\"position\":2,\"name\":\"D\u00favidas Frequentes do Expositor\"}]},{\"@type\":\"WebSite\",\"@id\":\"https:\/\/laadexpo.com.br\/security\/#website\",\"url\":\"https:\/\/laadexpo.com.br\/security\/\",\"name\":\"LAAD Security & Defence\",\"description\":\"Feira Internacional de Seguran\u00e7a\",\"publisher\":{\"@id\":\"https:\/\/laadexpo.com.br\/security\/#organization\"},\"alternateName\":\"LAAD Security & Defence\",\"potentialAction\":[{\"@type\":\"SearchAction\",\"target\":{\"@type\":\"EntryPoint\",\"urlTemplate\":\"https:\/\/laadexpo.com.br\/security\/?s={search_term_string}\"},\"query-input\":\"required name=search_term_string\"}],\"inLanguage\":\"es\"},{\"@type\":\"Organization\",\"@id\":\"https:\/\/laadexpo.com.br\/security\/#organization\",\"name\":\"LAAD Security & Defence\",\"url\":\"https:\/\/laadexpo.com.br\/security\/\",\"logo\":{\"@type\":\"ImageObject\",\"inLanguage\":\"es\",\"@id\":\"https:\/\/laadexpo.com.br\/security\/#\/schema\/logo\/image\/\",\"url\":\"http:\/\/laadexpo1.hospedagemdesites.ws\/security\/wp-content\/uploads\/2023\/08\/logo-laad-security-defence-small.png\",\"contentUrl\":\"http:\/\/laadexpo1.hospedagemdesites.ws\/security\/wp-content\/uploads\/2023\/08\/logo-laad-security-defence-small.png\",\"width\":330,\"height\":143,\"caption\":\"LAAD Security & Defence\"},\"image\":{\"@id\":\"https:\/\/laadexpo.com.br\/security\/#\/schema\/logo\/image\/\"}}]}<\/script>\n<!-- \/ Yoast SEO plugin. -->","yoast_head_json":{"title":"D\u00favidas Frequentes do Expositor | LAAD Security Milipol Brazil 2026","robots":{"index":"index","follow":"follow","max-snippet":"max-snippet:-1","max-image-preview":"max-image-preview:large","max-video-preview":"max-video-preview:-1"},"canonical":"https:\/\/laadexpo.com.br\/security\/es\/duvidas-frequentes-do-expositor\/","og_locale":"es_ES","og_type":"article","og_title":"D\u00favidas Frequentes do Expositor | LAAD Security Milipol Brazil 2026","og_description":"D\u00favidas Frequentes do Expositor Onde e quando acontece a LAAD Security Milipol Brazil 2026? 14 a 16 de abril de 2026 Dias 14 e 15:\u00a0das 10h \u00e0s 18h |\u00a0Dia 16:\u00a0das 10h \u00e0s 17h Transamerica Expo Center Endere\u00e7o:\u00a0Av. Dr. M\u00e1rio Vilas Boas Rodrigues, 387 &#8211; Santo Amaro, S\u00e3o Paulo &#8211; SP, 04757-020","og_url":"https:\/\/laadexpo.com.br\/security\/es\/duvidas-frequentes-do-expositor\/","og_site_name":"LAAD Security Milipol Brazil 2026","article_modified_time":"2025-11-17T07:15:36+00:00","og_image":[{"width":330,"height":143,"url":"https:\/\/laadexpo.com.br\/security\/wp-content\/uploads\/2023\/08\/logo-laad-security-defence-small.png","type":"image\/png"}],"twitter_card":"summary_large_image","twitter_title":"D\u00favidas Frequentes do Expositor | LAAD Security Milipol Brazil 2026","twitter_misc":{"Tiempo de lectura":"1 minuto"},"schema":{"@context":"https:\/\/schema.org","@graph":[{"@type":"WebPage","@id":"https:\/\/laadexpo.com.br\/security\/duvidas-frequentes-do-expositor\/","url":"https:\/\/laadexpo.com.br\/security\/duvidas-frequentes-do-expositor\/","name":"D\u00favidas Frequentes do Expositor | LAAD Security Milipol Brazil 2026","isPartOf":{"@id":"https:\/\/laadexpo.com.br\/security\/#website"},"datePublished":"2023-08-15T05:11:17+00:00","dateModified":"2025-11-17T07:15:36+00:00","breadcrumb":{"@id":"https:\/\/laadexpo.com.br\/security\/duvidas-frequentes-do-expositor\/#breadcrumb"},"inLanguage":"es","potentialAction":[{"@type":"ReadAction","target":["https:\/\/laadexpo.com.br\/security\/duvidas-frequentes-do-expositor\/"]}]},{"@type":"BreadcrumbList","@id":"https:\/\/laadexpo.com.br\/security\/duvidas-frequentes-do-expositor\/#breadcrumb","itemListElement":[{"@type":"ListItem","position":1,"name":"In\u00edcio","item":"https:\/\/laadexpo.com.br\/security\/"},{"@type":"ListItem","position":2,"name":"D\u00favidas Frequentes do Expositor"}]},{"@type":"WebSite","@id":"https:\/\/laadexpo.com.br\/security\/#website","url":"https:\/\/laadexpo.com.br\/security\/","name":"LAAD Security & Defence","description":"Feira Internacional de Seguran\u00e7a","publisher":{"@id":"https:\/\/laadexpo.com.br\/security\/#organization"},"alternateName":"LAAD Security & Defence","potentialAction":[{"@type":"SearchAction","target":{"@type":"EntryPoint","urlTemplate":"https:\/\/laadexpo.com.br\/security\/?s={search_term_string}"},"query-input":"required name=search_term_string"}],"inLanguage":"es"},{"@type":"Organization","@id":"https:\/\/laadexpo.com.br\/security\/#organization","name":"LAAD Security & Defence","url":"https:\/\/laadexpo.com.br\/security\/","logo":{"@type":"ImageObject","inLanguage":"es","@id":"https:\/\/laadexpo.com.br\/security\/#\/schema\/logo\/image\/","url":"http:\/\/laadexpo1.hospedagemdesites.ws\/security\/wp-content\/uploads\/2023\/08\/logo-laad-security-defence-small.png","contentUrl":"http:\/\/laadexpo1.hospedagemdesites.ws\/security\/wp-content\/uploads\/2023\/08\/logo-laad-security-defence-small.png","width":330,"height":143,"caption":"LAAD Security & Defence"},"image":{"@id":"https:\/\/laadexpo.com.br\/security\/#\/schema\/logo\/image\/"}}]}},"_links":{"self":[{"href":"https:\/\/laadexpo.com.br\/security\/es\/wp-json\/wp\/v2\/pages\/348"}],"collection":[{"href":"https:\/\/laadexpo.com.br\/security\/es\/wp-json\/wp\/v2\/pages"}],"about":[{"href":"https:\/\/laadexpo.com.br\/security\/es\/wp-json\/wp\/v2\/types\/page"}],"author":[{"embeddable":true,"href":"https:\/\/laadexpo.com.br\/security\/es\/wp-json\/wp\/v2\/users\/2"}],"replies":[{"embeddable":true,"href":"https:\/\/laadexpo.com.br\/security\/es\/wp-json\/wp\/v2\/comments?post=348"}],"version-history":[{"count":19,"href":"https:\/\/laadexpo.com.br\/security\/es\/wp-json\/wp\/v2\/pages\/348\/revisions"}],"predecessor-version":[{"id":2151,"href":"https:\/\/laadexpo.com.br\/security\/es\/wp-json\/wp\/v2\/pages\/348\/revisions\/2151"}],"wp:attachment":[{"href":"https:\/\/laadexpo.com.br\/security\/es\/wp-json\/wp\/v2\/media?parent=348"}],"curies":[{"name":"wp","href":"https:\/\/api.w.org\/{rel}","templated":true}]}}