{"id":393,"date":"2023-08-15T03:05:15","date_gmt":"2023-08-15T06:05:15","guid":{"rendered":"http:\/\/laadexpo1.hospedagemdesites.ws\/security\/?page_id=393"},"modified":"2023-08-20T02:39:17","modified_gmt":"2023-08-20T05:39:17","slug":"saiu-na-midia","status":"publish","type":"page","link":"https:\/\/laadexpo.com.br\/security\/es\/saiu-na-midia\/","title":{"rendered":"Sali\u00f3 en los medios."},"content":{"rendered":"<div data-elementor-type=\"wp-page\" data-elementor-id=\"393\" class=\"elementor elementor-393\" data-elementor-post-type=\"page\">\n\t\t\t\t\t\t<section class=\"elementor-section elementor-top-section elementor-element elementor-element-50a06da elementor-section-boxed elementor-section-height-default elementor-section-height-default\" data-id=\"50a06da\" data-element_type=\"section\">\n\t\t\t\t\t\t\t<div class=\"elementor-background-overlay\"><\/div>\n\t\t\t\t\t\t\t<div class=\"elementor-container elementor-column-gap-default\">\n\t\t\t\t\t<div class=\"elementor-column elementor-col-100 elementor-top-column elementor-element elementor-element-c090ae3\" data-id=\"c090ae3\" data-element_type=\"column\">\n\t\t\t<div class=\"elementor-widget-wrap elementor-element-populated\">\n\t\t\t\t\t\t<div class=\"elementor-element elementor-element-82e88f5 elementor-invisible elementor-widget elementor-widget-breadcrumbs\" data-id=\"82e88f5\" data-element_type=\"widget\" data-settings=\"{&quot;_animation&quot;:&quot;fadeInUp&quot;}\" data-widget_type=\"breadcrumbs.default\">\n\t\t\t\t<div class=\"elementor-widget-container\">\n\t\t\t<link rel=\"stylesheet\" href=\"https:\/\/laadexpo.com.br\/security\/wp-content\/plugins\/elementor-pro\/assets\/css\/widget-theme-elements.min.css\"><p id=\"breadcrumbs\"><span><span><a href=\"https:\/\/laadexpo.com.br\/security\/es\/\">Comenzar<\/a><\/span><\/span><\/p>\t\t<\/div>\n\t\t\t\t<\/div>\n\t\t\t\t<div class=\"elementor-element elementor-element-bfc3785 elementor-invisible elementor-widget elementor-widget-heading\" data-id=\"bfc3785\" data-element_type=\"widget\" data-settings=\"{&quot;_animation&quot;:&quot;fadeInUp&quot;}\" data-widget_type=\"heading.default\">\n\t\t\t\t<div class=\"elementor-widget-container\">\n\t\t\t<style>\/*! elementor - v3.19.0 - 07-02-2024 *\/\n.elementor-heading-title{padding:0;margin:0;line-height:1}.elementor-widget-heading .elementor-heading-title[class*=elementor-size-]>a{color:inherit;font-size:inherit;line-height:inherit}.elementor-widget-heading .elementor-heading-title.elementor-size-small{font-size:15px}.elementor-widget-heading .elementor-heading-title.elementor-size-medium{font-size:19px}.elementor-widget-heading .elementor-heading-title.elementor-size-large{font-size:29px}.elementor-widget-heading .elementor-heading-title.elementor-size-xl{font-size:39px}.elementor-widget-heading .elementor-heading-title.elementor-size-xxl{font-size:59px}<\/style><h1 class=\"elementor-heading-title elementor-size-default\">Sali\u00f3 en los medios.<\/h1>\t\t<\/div>\n\t\t\t\t<\/div>\n\t\t\t\t<div class=\"elementor-element elementor-element-f7ffdea elementor-grid-1 elementor-posts--thumbnail-left elementor-grid-tablet-2 elementor-grid-mobile-1 elementor-invisible elementor-widget elementor-widget-posts\" data-id=\"f7ffdea\" data-element_type=\"widget\" data-settings=\"{&quot;_animation&quot;:&quot;fadeIn&quot;,&quot;pagination_type&quot;:&quot;numbers_and_prev_next&quot;,&quot;classic_columns&quot;:&quot;1&quot;,&quot;classic_row_gap&quot;:{&quot;unit&quot;:&quot;px&quot;,&quot;size&quot;:33,&quot;sizes&quot;:[]},&quot;classic_columns_tablet&quot;:&quot;2&quot;,&quot;classic_columns_mobile&quot;:&quot;1&quot;,&quot;classic_row_gap_tablet&quot;:{&quot;unit&quot;:&quot;px&quot;,&quot;size&quot;:&quot;&quot;,&quot;sizes&quot;:[]},&quot;classic_row_gap_mobile&quot;:{&quot;unit&quot;:&quot;px&quot;,&quot;size&quot;:&quot;&quot;,&quot;sizes&quot;:[]}}\" data-widget_type=\"posts.classic\">\n\t\t\t\t<div class=\"elementor-widget-container\">\n\t\t\t<link rel=\"stylesheet\" href=\"https:\/\/laadexpo.com.br\/security\/wp-content\/plugins\/elementor-pro\/assets\/css\/widget-posts.min.css\">\t\t<div class=\"elementor-posts-container elementor-posts elementor-posts--skin-classic elementor-grid\">\n\t\t\t\t<article class=\"elementor-post elementor-grid-item post-2909 post type-post status-publish format-standard has-post-thumbnail hentry category-saiu-na-midia\">\n\t\t\t\t<a class=\"elementor-post__thumbnail__link\" href=\"https:\/\/laadexpo.com.br\/security\/es\/saiu-na-midia\/comeca-hoje-a-laad-security-milipol-brazil-2026-em-sao-paulo\/\" tabindex=\"-1\" >\n\t\t\t<div class=\"elementor-post__thumbnail\"><img decoding=\"async\" width=\"300\" height=\"190\" src=\"https:\/\/laadexpo.com.br\/security\/wp-content\/uploads\/2026\/04\/Abertura-LAAD-Security-Milipol-Brazil-2026-300x190.jpeg\" class=\"attachment-medium size-medium wp-image-2910\" alt=\"LAAD Security Milipol Brazil 2026\" srcset=\"https:\/\/laadexpo.com.br\/security\/wp-content\/uploads\/2026\/04\/Abertura-LAAD-Security-Milipol-Brazil-2026-300x190.jpeg 300w, https:\/\/laadexpo.com.br\/security\/wp-content\/uploads\/2026\/04\/Abertura-LAAD-Security-Milipol-Brazil-2026-1024x650.jpeg 1024w, https:\/\/laadexpo.com.br\/security\/wp-content\/uploads\/2026\/04\/Abertura-LAAD-Security-Milipol-Brazil-2026-768x487.jpeg 768w, https:\/\/laadexpo.com.br\/security\/wp-content\/uploads\/2026\/04\/Abertura-LAAD-Security-Milipol-Brazil-2026-18x12.jpeg 18w, https:\/\/laadexpo.com.br\/security\/wp-content\/uploads\/2026\/04\/Abertura-LAAD-Security-Milipol-Brazil-2026.jpeg 1286w\" sizes=\"(max-width: 300px) 100vw, 300px\" \/><\/div>\n\t\t<\/a>\n\t\t\t\t<div class=\"elementor-post__text\">\n\t\t\t\t<h2 class=\"elementor-post__title\">\n\t\t\t<a href=\"https:\/\/laadexpo.com.br\/security\/es\/saiu-na-midia\/comeca-hoje-a-laad-security-milipol-brazil-2026-em-sao-paulo\/\" >\n\t\t\t\tCome\u00e7a hoje a LAAD Security Milipol Brazil 2026 em S\u00e3o Paulo.\t\t\t<\/a>\n\t\t<\/h2>\n\t\t\t\t<div class=\"elementor-post__meta-data\">\n\t\t\t\t\t<span class=\"elementor-post-date\">\n\t\t\t14 de abril de 2026\t\t<\/span>\n\t\t\t\t<span class=\"elementor-post-avatar\">\n\t\t\tNo hay comentarios\t\t<\/span>\n\t\t\t\t<\/div>\n\t\t\t\t<div class=\"elementor-post__excerpt\">\n\t\t\t<p>Come\u00e7ou hoje em S\u00e3o Paulo, no Transamerica Expo Center, a LAAD Security Milipol Brazil 2026. O evento \u00e9 o principal ponto de encontro para networking<\/p>\n\t\t<\/div>\n\t\t\t\t\t<div class=\"elementor-post__read-more-wrapper\">\n\t\t\n\t\t<a class=\"elementor-post__read-more\" href=\"https:\/\/laadexpo.com.br\/security\/es\/saiu-na-midia\/comeca-hoje-a-laad-security-milipol-brazil-2026-em-sao-paulo\/\" aria-label=\"Read more about Come\u00e7a hoje a LAAD Security Milipol Brazil 2026 em S\u00e3o Paulo.\" tabindex=\"-1\" >\n\t\t\tLea mas &quot;\t\t<\/a>\n\n\t\t\t\t\t<\/div>\n\t\t\t\t<\/div>\n\t\t\t\t<\/article>\n\t\t\t\t<article class=\"elementor-post elementor-grid-item post-1838 post type-post status-publish format-standard has-post-thumbnail hentry category-saiu-na-midia\">\n\t\t\t\t<a class=\"elementor-post__thumbnail__link\" href=\"https:\/\/laadexpo.com.br\/security\/es\/saiu-na-midia\/interview-sergio-jardim-ceo-creative-events\/\" tabindex=\"-1\" >\n\t\t\t<div class=\"elementor-post__thumbnail\"><img decoding=\"async\" width=\"300\" height=\"169\" src=\"https:\/\/laadexpo.com.br\/security\/wp-content\/uploads\/2024\/08\/interview-sergio-jardim-ceo-creative-events-300x169.jpg\" class=\"attachment-medium size-medium wp-image-1841\" alt=\"Interview: Sergio Jardim, CEO Creative Events\" srcset=\"https:\/\/laadexpo.com.br\/security\/wp-content\/uploads\/2024\/08\/interview-sergio-jardim-ceo-creative-events-300x169.jpg 300w, https:\/\/laadexpo.com.br\/security\/wp-content\/uploads\/2024\/08\/interview-sergio-jardim-ceo-creative-events-1024x576.jpg 1024w, https:\/\/laadexpo.com.br\/security\/wp-content\/uploads\/2024\/08\/interview-sergio-jardim-ceo-creative-events-768x432.jpg 768w, https:\/\/laadexpo.com.br\/security\/wp-content\/uploads\/2024\/08\/interview-sergio-jardim-ceo-creative-events-18x10.jpg 18w, https:\/\/laadexpo.com.br\/security\/wp-content\/uploads\/2024\/08\/interview-sergio-jardim-ceo-creative-events.jpg 1280w\" sizes=\"(max-width: 300px) 100vw, 300px\" \/><\/div>\n\t\t<\/a>\n\t\t\t\t<div class=\"elementor-post__text\">\n\t\t\t\t<h2 class=\"elementor-post__title\">\n\t\t\t<a href=\"https:\/\/laadexpo.com.br\/security\/es\/saiu-na-midia\/interview-sergio-jardim-ceo-creative-events\/\" >\n\t\t\t\tInterview: Sergio Jardim, CEO Creative Events\t\t\t<\/a>\n\t\t<\/h2>\n\t\t\t\t<div class=\"elementor-post__meta-data\">\n\t\t\t\t\t<span class=\"elementor-post-date\">\n\t\t\t15 de agosto de 2024\t\t<\/span>\n\t\t\t\t<span class=\"elementor-post-avatar\">\n\t\t\tNo hay comentarios\t\t<\/span>\n\t\t\t\t<\/div>\n\t\t\t\t<div class=\"elementor-post__excerpt\">\n\t\t\t<p>Global Defense Insight: Can you share with us your overall experience as the chief organizer of LAAD 2024? What were some highlights and challenges you<\/p>\n\t\t<\/div>\n\t\t\t\t\t<div class=\"elementor-post__read-more-wrapper\">\n\t\t\n\t\t<a class=\"elementor-post__read-more\" href=\"https:\/\/laadexpo.com.br\/security\/es\/saiu-na-midia\/interview-sergio-jardim-ceo-creative-events\/\" aria-label=\"Read more about Interview: Sergio Jardim, CEO Creative Events\" tabindex=\"-1\" >\n\t\t\tLea mas &quot;\t\t<\/a>\n\n\t\t\t\t\t<\/div>\n\t\t\t\t<\/div>\n\t\t\t\t<\/article>\n\t\t\t\t<article class=\"elementor-post elementor-grid-item post-1596 post type-post status-publish format-standard has-post-thumbnail hentry category-saiu-na-midia tag-drones tag-laad tag-robos tag-security-defence tag-viaturas-inteligentes\">\n\t\t\t\t<a class=\"elementor-post__thumbnail__link\" href=\"https:\/\/laadexpo.com.br\/security\/es\/saiu-na-midia\/feira-em-sp-apresenta-novidades-do-mercado-de-seguranca-e-defesa\/\" tabindex=\"-1\" >\n\t\t\t<div class=\"elementor-post__thumbnail\"><img loading=\"lazy\" decoding=\"async\" width=\"300\" height=\"169\" src=\"https:\/\/laadexpo.com.br\/security\/wp-content\/uploads\/2024\/04\/img-novidades-mercado-de-seguranca-e-defesa-300x169.png\" class=\"attachment-medium size-medium wp-image-1597\" alt=\"Feira em SP apresenta novidades do mercado de seguran\u00e7a e defesa\" srcset=\"https:\/\/laadexpo.com.br\/security\/wp-content\/uploads\/2024\/04\/img-novidades-mercado-de-seguranca-e-defesa-300x169.png 300w, https:\/\/laadexpo.com.br\/security\/wp-content\/uploads\/2024\/04\/img-novidades-mercado-de-seguranca-e-defesa-1024x575.png 1024w, https:\/\/laadexpo.com.br\/security\/wp-content\/uploads\/2024\/04\/img-novidades-mercado-de-seguranca-e-defesa-768x432.png 768w, https:\/\/laadexpo.com.br\/security\/wp-content\/uploads\/2024\/04\/img-novidades-mercado-de-seguranca-e-defesa-18x10.png 18w, https:\/\/laadexpo.com.br\/security\/wp-content\/uploads\/2024\/04\/img-novidades-mercado-de-seguranca-e-defesa.png 1534w\" sizes=\"(max-width: 300px) 100vw, 300px\" \/><\/div>\n\t\t<\/a>\n\t\t\t\t<div class=\"elementor-post__text\">\n\t\t\t\t<h2 class=\"elementor-post__title\">\n\t\t\t<a href=\"https:\/\/laadexpo.com.br\/security\/es\/saiu-na-midia\/feira-em-sp-apresenta-novidades-do-mercado-de-seguranca-e-defesa\/\" >\n\t\t\t\tFeira em SP apresenta novidades do mercado de seguran\u00e7a e defesa\t\t\t<\/a>\n\t\t<\/h2>\n\t\t\t\t<div class=\"elementor-post__meta-data\">\n\t\t\t\t\t<span class=\"elementor-post-date\">\n\t\t\t5 de abril de 2024\t\t<\/span>\n\t\t\t\t<span class=\"elementor-post-avatar\">\n\t\t\tNo hay comentarios\t\t<\/span>\n\t\t\t\t<\/div>\n\t\t\t\t<div class=\"elementor-post__excerpt\">\n\t\t\t<p>O evento re\u00fane as principais empresas nacionais e internacionais do setor Uma feira em S\u00e3o Paulo apresenta as novidades lan\u00e7adas no mercado de seguran\u00e7a e<\/p>\n\t\t<\/div>\n\t\t\t\t\t<div class=\"elementor-post__read-more-wrapper\">\n\t\t\n\t\t<a class=\"elementor-post__read-more\" href=\"https:\/\/laadexpo.com.br\/security\/es\/saiu-na-midia\/feira-em-sp-apresenta-novidades-do-mercado-de-seguranca-e-defesa\/\" aria-label=\"Read more about Feira em SP apresenta novidades do mercado de seguran\u00e7a e defesa\" tabindex=\"-1\" >\n\t\t\tLea mas &quot;\t\t<\/a>\n\n\t\t\t\t\t<\/div>\n\t\t\t\t<\/div>\n\t\t\t\t<\/article>\n\t\t\t\t<article class=\"elementor-post elementor-grid-item post-543 post type-post status-publish format-standard has-post-thumbnail hentry category-saiu-na-midia\">\n\t\t\t\t<a class=\"elementor-post__thumbnail__link\" href=\"https:\/\/laadexpo.com.br\/security\/es\/saiu-na-midia\/defensa-de-seguridad-de-carga-2024\/\" tabindex=\"-1\" >\n\t\t\t<div class=\"elementor-post__thumbnail\"><img loading=\"lazy\" decoding=\"async\" width=\"300\" height=\"300\" src=\"https:\/\/laadexpo.com.br\/security\/wp-content\/uploads\/2023\/06\/Logo-LAAD-Security-Defence-2024-300x300.png\" class=\"attachment-medium size-medium wp-image-776\" alt=\"LAAD Security &amp; Defence 2024\" srcset=\"https:\/\/laadexpo.com.br\/security\/wp-content\/uploads\/2023\/06\/Logo-LAAD-Security-Defence-2024-300x300.png 300w, https:\/\/laadexpo.com.br\/security\/wp-content\/uploads\/2023\/06\/Logo-LAAD-Security-Defence-2024-1024x1024.png 1024w, https:\/\/laadexpo.com.br\/security\/wp-content\/uploads\/2023\/06\/Logo-LAAD-Security-Defence-2024-150x150.png 150w, https:\/\/laadexpo.com.br\/security\/wp-content\/uploads\/2023\/06\/Logo-LAAD-Security-Defence-2024-768x768.png 768w, https:\/\/laadexpo.com.br\/security\/wp-content\/uploads\/2023\/06\/Logo-LAAD-Security-Defence-2024-1536x1536.png 1536w, https:\/\/laadexpo.com.br\/security\/wp-content\/uploads\/2023\/06\/Logo-LAAD-Security-Defence-2024-2048x2048.png 2048w\" sizes=\"(max-width: 300px) 100vw, 300px\" \/><\/div>\n\t\t<\/a>\n\t\t\t\t<div class=\"elementor-post__text\">\n\t\t\t\t<h2 class=\"elementor-post__title\">\n\t\t\t<a href=\"https:\/\/laadexpo.com.br\/security\/es\/saiu-na-midia\/defensa-de-seguridad-de-carga-2024\/\" >\n\t\t\t\tLAAD Seguridad y Defensa 2024\t\t\t<\/a>\n\t\t<\/h2>\n\t\t\t\t<div class=\"elementor-post__meta-data\">\n\t\t\t\t\t<span class=\"elementor-post-date\">\n\t\t\t19 de junio de 2023\t\t<\/span>\n\t\t\t\t<span class=\"elementor-post-avatar\">\n\t\t\tNo hay comentarios\t\t<\/span>\n\t\t\t\t<\/div>\n\t\t\t\t<div class=\"elementor-post__excerpt\">\n\t\t\t<p>Este evento, que se realiza en a\u00f1os pares en la capital de S\u00e3o Paulo, fue concebido inicialmente, desde 2012, como un evento dedicado al sector de la seguridad p\u00fablica.<\/p>\n\t\t<\/div>\n\t\t\t\t\t<div class=\"elementor-post__read-more-wrapper\">\n\t\t\n\t\t<a class=\"elementor-post__read-more\" href=\"https:\/\/laadexpo.com.br\/security\/es\/saiu-na-midia\/defensa-de-seguridad-de-carga-2024\/\" aria-label=\"Read more about LAAD Security &#038; Defence 2024\" tabindex=\"-1\" >\n\t\t\tLea mas &quot;\t\t<\/a>\n\n\t\t\t\t\t<\/div>\n\t\t\t\t<\/div>\n\t\t\t\t<\/article>\n\t\t\t\t<article class=\"elementor-post elementor-grid-item post-550 post type-post status-publish format-standard has-post-thumbnail hentry category-saiu-na-midia\">\n\t\t\t\t<a class=\"elementor-post__thumbnail__link\" href=\"https:\/\/laadexpo.com.br\/security\/es\/saiu-na-midia\/delegaciones-oficiales-de-varios-paises-confirman-su-presencia-en-laad-defence-security-2023\/\" tabindex=\"-1\" >\n\t\t\t<div class=\"elementor-post__thumbnail\"><img loading=\"lazy\" decoding=\"async\" width=\"300\" height=\"191\" src=\"https:\/\/laadexpo.com.br\/security\/wp-content\/uploads\/2023\/08\/LAAD-2019-300x191.jpg\" class=\"attachment-medium size-medium wp-image-551\" alt=\"LAAD 2019\" srcset=\"https:\/\/laadexpo.com.br\/security\/wp-content\/uploads\/2023\/08\/LAAD-2019-300x191.jpg 300w, https:\/\/laadexpo.com.br\/security\/wp-content\/uploads\/2023\/08\/LAAD-2019.jpg 550w\" sizes=\"(max-width: 300px) 100vw, 300px\" \/><\/div>\n\t\t<\/a>\n\t\t\t\t<div class=\"elementor-post__text\">\n\t\t\t\t<h2 class=\"elementor-post__title\">\n\t\t\t<a href=\"https:\/\/laadexpo.com.br\/security\/es\/saiu-na-midia\/delegaciones-oficiales-de-varios-paises-confirman-su-presencia-en-laad-defence-security-2023\/\" >\n\t\t\t\tDelegaciones oficiales de varios pa\u00edses confirman su presencia en LAAD Defence &amp; Security 2023\t\t\t<\/a>\n\t\t<\/h2>\n\t\t\t\t<div class=\"elementor-post__meta-data\">\n\t\t\t\t\t<span class=\"elementor-post-date\">\n\t\t\t6 de abril de 2023\t\t<\/span>\n\t\t\t\t<span class=\"elementor-post-avatar\">\n\t\t\tNo hay comentarios\t\t<\/span>\n\t\t\t\t<\/div>\n\t\t\t\t<div class=\"elementor-post__excerpt\">\n\t\t\t<p>Esperando recibir 160 delegaciones oficiales de todos los continentes, LAAD Defence &amp; Security celebrar\u00e1 su 13\u00aa edici\u00f3n del 11 al<\/p>\n\t\t<\/div>\n\t\t\t\t\t<div class=\"elementor-post__read-more-wrapper\">\n\t\t\n\t\t<a class=\"elementor-post__read-more\" href=\"https:\/\/laadexpo.com.br\/security\/es\/saiu-na-midia\/delegaciones-oficiales-de-varios-paises-confirman-su-presencia-en-laad-defence-security-2023\/\" aria-label=\"Read more about Delega\u00e7\u00f5es oficiais de diversos pa\u00edses confirmam presen\u00e7a na LAAD Defence &#038; Security 2023\" tabindex=\"-1\" >\n\t\t\tLea mas &quot;\t\t<\/a>\n\n\t\t\t\t\t<\/div>\n\t\t\t\t<\/div>\n\t\t\t\t<\/article>\n\t\t\t\t<\/div>\n\t\t\n\t\t\t\t<div class=\"e-load-more-anchor\" data-page=\"1\" data-max-page=\"2\" data-next-page=\"https:\/\/laadexpo.com.br\/security\/es\/wp-json\/wp\/v2\/pages\/393\/page\/2\/\"><\/div>\n\t\t\t\t<nav class=\"elementor-pagination\" aria-label=\"Pagination\">\n\t\t\t<span class=\"page-numbers prev\">&laquo; Anterior<\/span>\n<span aria-current=\"page\" class=\"page-numbers current\"><span class=\"elementor-screen-only\">Page<\/span>1<\/span>\n<a class=\"page-numbers\" href=\"https:\/\/laadexpo.com.br\/security\/es\/wp-json\/wp\/v2\/pages\/393\/page\/2\/\"><span class=\"elementor-screen-only\">Page<\/span>2<\/a>\n<a class=\"page-numbers next\" href=\"https:\/\/laadexpo.com.br\/security\/es\/wp-json\/wp\/v2\/pages\/393\/page\/2\/\">Pr\u00f3ximo &raquo;<\/a>\t\t<\/nav>\n\t\t\t\t<\/div>\n\t\t\t\t<\/div>\n\t\t\t\t\t<\/div>\n\t\t<\/div>\n\t\t\t\t\t<\/div>\n\t\t<\/section>\n\t\t\t\t<\/div>","protected":false},"excerpt":{"rendered":"<p>Sali\u00f3 en los medios.<\/p>","protected":false},"author":2,"featured_media":0,"parent":0,"menu_order":0,"comment_status":"closed","ping_status":"closed","template":"","meta":{"_joinchat":[]},"yoast_head":"<!-- This site is optimized with the Yoast SEO plugin v21.8 - https:\/\/yoast.com\/wordpress\/plugins\/seo\/ -->\n<title>Saiu na M\u00eddia | LAAD Security Milipol Brazil 2028<\/title>\n<meta name=\"robots\" content=\"index, follow, max-snippet:-1, max-image-preview:large, max-video-preview:-1\" \/>\n<link rel=\"canonical\" href=\"https:\/\/laadexpo.com.br\/security\/es\/saiu-na-midia\/\" \/>\n<meta property=\"og:locale\" content=\"es_ES\" \/>\n<meta property=\"og:type\" content=\"article\" \/>\n<meta property=\"og:title\" content=\"Saiu na M\u00eddia | LAAD Security Milipol Brazil 2028\" \/>\n<meta property=\"og:description\" content=\"Saiu na M\u00eddia\" \/>\n<meta property=\"og:url\" content=\"https:\/\/laadexpo.com.br\/security\/es\/saiu-na-midia\/\" \/>\n<meta property=\"og:site_name\" content=\"LAAD Security Milipol Brazil 2028\" \/>\n<meta property=\"article:modified_time\" content=\"2023-08-20T05:39:17+00:00\" \/>\n<meta property=\"og:image\" content=\"https:\/\/laadexpo.com.br\/security\/wp-content\/uploads\/2023\/08\/logo-laad-security-defence-small.png\" \/>\n\t<meta property=\"og:image:width\" content=\"330\" \/>\n\t<meta property=\"og:image:height\" content=\"143\" \/>\n\t<meta property=\"og:image:type\" content=\"image\/png\" \/>\n<meta name=\"twitter:card\" content=\"summary_large_image\" \/>\n<meta name=\"twitter:title\" content=\"Saiu na M\u00eddia | LAAD Security Milipol Brazil 2028\" \/>\n<meta name=\"twitter:label1\" content=\"Tiempo de lectura\" \/>\n\t<meta name=\"twitter:data1\" content=\"1 minuto\" \/>\n<script type=\"application\/ld+json\" class=\"yoast-schema-graph\">{\"@context\":\"https:\/\/schema.org\",\"@graph\":[{\"@type\":\"WebPage\",\"@id\":\"https:\/\/laadexpo.com.br\/security\/saiu-na-midia\/\",\"url\":\"https:\/\/laadexpo.com.br\/security\/saiu-na-midia\/\",\"name\":\"Saiu na M\u00eddia | LAAD Security Milipol Brazil 2028\",\"isPartOf\":{\"@id\":\"https:\/\/laadexpo.com.br\/security\/#website\"},\"datePublished\":\"2023-08-15T06:05:15+00:00\",\"dateModified\":\"2023-08-20T05:39:17+00:00\",\"breadcrumb\":{\"@id\":\"https:\/\/laadexpo.com.br\/security\/saiu-na-midia\/#breadcrumb\"},\"inLanguage\":\"es\",\"potentialAction\":[{\"@type\":\"ReadAction\",\"target\":[\"https:\/\/laadexpo.com.br\/security\/saiu-na-midia\/\"]}]},{\"@type\":\"BreadcrumbList\",\"@id\":\"https:\/\/laadexpo.com.br\/security\/saiu-na-midia\/#breadcrumb\",\"itemListElement\":[{\"@type\":\"ListItem\",\"position\":1,\"name\":\"In\u00edcio\",\"item\":\"https:\/\/laadexpo.com.br\/security\/\"},{\"@type\":\"ListItem\",\"position\":2,\"name\":\"Saiu na M\u00eddia\"}]},{\"@type\":\"WebSite\",\"@id\":\"https:\/\/laadexpo.com.br\/security\/#website\",\"url\":\"https:\/\/laadexpo.com.br\/security\/\",\"name\":\"LAAD Security & Defence\",\"description\":\"Feira Internacional de Seguran\u00e7a\",\"publisher\":{\"@id\":\"https:\/\/laadexpo.com.br\/security\/#organization\"},\"alternateName\":\"LAAD Security & Defence\",\"potentialAction\":[{\"@type\":\"SearchAction\",\"target\":{\"@type\":\"EntryPoint\",\"urlTemplate\":\"https:\/\/laadexpo.com.br\/security\/?s={search_term_string}\"},\"query-input\":\"required name=search_term_string\"}],\"inLanguage\":\"es\"},{\"@type\":\"Organization\",\"@id\":\"https:\/\/laadexpo.com.br\/security\/#organization\",\"name\":\"LAAD Security & Defence\",\"url\":\"https:\/\/laadexpo.com.br\/security\/\",\"logo\":{\"@type\":\"ImageObject\",\"inLanguage\":\"es\",\"@id\":\"https:\/\/laadexpo.com.br\/security\/#\/schema\/logo\/image\/\",\"url\":\"http:\/\/laadexpo1.hospedagemdesites.ws\/security\/wp-content\/uploads\/2023\/08\/logo-laad-security-defence-small.png\",\"contentUrl\":\"http:\/\/laadexpo1.hospedagemdesites.ws\/security\/wp-content\/uploads\/2023\/08\/logo-laad-security-defence-small.png\",\"width\":330,\"height\":143,\"caption\":\"LAAD Security & Defence\"},\"image\":{\"@id\":\"https:\/\/laadexpo.com.br\/security\/#\/schema\/logo\/image\/\"}}]}<\/script>\n<!-- \/ Yoast SEO plugin. -->","yoast_head_json":{"title":"Saiu na M\u00eddia | LAAD Security Milipol Brazil 2028","robots":{"index":"index","follow":"follow","max-snippet":"max-snippet:-1","max-image-preview":"max-image-preview:large","max-video-preview":"max-video-preview:-1"},"canonical":"https:\/\/laadexpo.com.br\/security\/es\/saiu-na-midia\/","og_locale":"es_ES","og_type":"article","og_title":"Saiu na M\u00eddia | LAAD Security Milipol Brazil 2028","og_description":"Saiu na M\u00eddia","og_url":"https:\/\/laadexpo.com.br\/security\/es\/saiu-na-midia\/","og_site_name":"LAAD Security Milipol Brazil 2028","article_modified_time":"2023-08-20T05:39:17+00:00","og_image":[{"width":330,"height":143,"url":"https:\/\/laadexpo.com.br\/security\/wp-content\/uploads\/2023\/08\/logo-laad-security-defence-small.png","type":"image\/png"}],"twitter_card":"summary_large_image","twitter_title":"Saiu na M\u00eddia | LAAD Security Milipol Brazil 2028","twitter_misc":{"Tiempo de lectura":"1 minuto"},"schema":{"@context":"https:\/\/schema.org","@graph":[{"@type":"WebPage","@id":"https:\/\/laadexpo.com.br\/security\/saiu-na-midia\/","url":"https:\/\/laadexpo.com.br\/security\/saiu-na-midia\/","name":"Saiu na M\u00eddia | LAAD Security Milipol Brazil 2028","isPartOf":{"@id":"https:\/\/laadexpo.com.br\/security\/#website"},"datePublished":"2023-08-15T06:05:15+00:00","dateModified":"2023-08-20T05:39:17+00:00","breadcrumb":{"@id":"https:\/\/laadexpo.com.br\/security\/saiu-na-midia\/#breadcrumb"},"inLanguage":"es","potentialAction":[{"@type":"ReadAction","target":["https:\/\/laadexpo.com.br\/security\/saiu-na-midia\/"]}]},{"@type":"BreadcrumbList","@id":"https:\/\/laadexpo.com.br\/security\/saiu-na-midia\/#breadcrumb","itemListElement":[{"@type":"ListItem","position":1,"name":"In\u00edcio","item":"https:\/\/laadexpo.com.br\/security\/"},{"@type":"ListItem","position":2,"name":"Saiu na M\u00eddia"}]},{"@type":"WebSite","@id":"https:\/\/laadexpo.com.br\/security\/#website","url":"https:\/\/laadexpo.com.br\/security\/","name":"LAAD Security & Defence","description":"Feira Internacional de Seguran\u00e7a","publisher":{"@id":"https:\/\/laadexpo.com.br\/security\/#organization"},"alternateName":"LAAD Security & Defence","potentialAction":[{"@type":"SearchAction","target":{"@type":"EntryPoint","urlTemplate":"https:\/\/laadexpo.com.br\/security\/?s={search_term_string}"},"query-input":"required name=search_term_string"}],"inLanguage":"es"},{"@type":"Organization","@id":"https:\/\/laadexpo.com.br\/security\/#organization","name":"LAAD Security & Defence","url":"https:\/\/laadexpo.com.br\/security\/","logo":{"@type":"ImageObject","inLanguage":"es","@id":"https:\/\/laadexpo.com.br\/security\/#\/schema\/logo\/image\/","url":"http:\/\/laadexpo1.hospedagemdesites.ws\/security\/wp-content\/uploads\/2023\/08\/logo-laad-security-defence-small.png","contentUrl":"http:\/\/laadexpo1.hospedagemdesites.ws\/security\/wp-content\/uploads\/2023\/08\/logo-laad-security-defence-small.png","width":330,"height":143,"caption":"LAAD Security & Defence"},"image":{"@id":"https:\/\/laadexpo.com.br\/security\/#\/schema\/logo\/image\/"}}]}},"_links":{"self":[{"href":"https:\/\/laadexpo.com.br\/security\/es\/wp-json\/wp\/v2\/pages\/393"}],"collection":[{"href":"https:\/\/laadexpo.com.br\/security\/es\/wp-json\/wp\/v2\/pages"}],"about":[{"href":"https:\/\/laadexpo.com.br\/security\/es\/wp-json\/wp\/v2\/types\/page"}],"author":[{"embeddable":true,"href":"https:\/\/laadexpo.com.br\/security\/es\/wp-json\/wp\/v2\/users\/2"}],"replies":[{"embeddable":true,"href":"https:\/\/laadexpo.com.br\/security\/es\/wp-json\/wp\/v2\/comments?post=393"}],"version-history":[{"count":13,"href":"https:\/\/laadexpo.com.br\/security\/es\/wp-json\/wp\/v2\/pages\/393\/revisions"}],"predecessor-version":[{"id":578,"href":"https:\/\/laadexpo.com.br\/security\/es\/wp-json\/wp\/v2\/pages\/393\/revisions\/578"}],"wp:attachment":[{"href":"https:\/\/laadexpo.com.br\/security\/es\/wp-json\/wp\/v2\/media?parent=393"}],"curies":[{"name":"wp","href":"https:\/\/api.w.org\/{rel}","templated":true}]}}