{"id":150,"date":"2023-08-13T22:59:07","date_gmt":"2023-08-14T01:59:07","guid":{"rendered":"http:\/\/laadexpo1.hospedagemdesites.ws\/security\/?page_id=150"},"modified":"2025-11-17T03:42:10","modified_gmt":"2025-11-17T06:42:10","slug":"quem-visita","status":"publish","type":"page","link":"https:\/\/laadexpo.com.br\/security\/pt\/quem-visita\/","title":{"rendered":"Quem Visita"},"content":{"rendered":"\t\t<div data-elementor-type=\"wp-page\" data-elementor-id=\"150\" class=\"elementor elementor-150\" data-elementor-post-type=\"page\">\n\t\t\t\t\t\t<section class=\"elementor-section elementor-top-section elementor-element elementor-element-9d030fc elementor-section-boxed elementor-section-height-default elementor-section-height-default\" data-id=\"9d030fc\" data-element_type=\"section\">\n\t\t\t\t\t\t\t<div class=\"elementor-background-overlay\"><\/div>\n\t\t\t\t\t\t\t<div class=\"elementor-container elementor-column-gap-default\">\n\t\t\t\t\t<div class=\"elementor-column elementor-col-100 elementor-top-column elementor-element elementor-element-f86c7c5\" data-id=\"f86c7c5\" data-element_type=\"column\">\n\t\t\t<div class=\"elementor-widget-wrap elementor-element-populated\">\n\t\t\t\t\t\t<div class=\"elementor-element elementor-element-d8a3aac elementor-invisible elementor-widget elementor-widget-heading\" data-id=\"d8a3aac\" data-element_type=\"widget\" data-settings=\"{&quot;_animation&quot;:&quot;fadeInUp&quot;}\" data-widget_type=\"heading.default\">\n\t\t\t\t<div class=\"elementor-widget-container\">\n\t\t\t<style>\/*! elementor - v3.19.0 - 07-02-2024 *\/\n.elementor-heading-title{padding:0;margin:0;line-height:1}.elementor-widget-heading .elementor-heading-title[class*=elementor-size-]>a{color:inherit;font-size:inherit;line-height:inherit}.elementor-widget-heading .elementor-heading-title.elementor-size-small{font-size:15px}.elementor-widget-heading .elementor-heading-title.elementor-size-medium{font-size:19px}.elementor-widget-heading .elementor-heading-title.elementor-size-large{font-size:29px}.elementor-widget-heading .elementor-heading-title.elementor-size-xl{font-size:39px}.elementor-widget-heading .elementor-heading-title.elementor-size-xxl{font-size:59px}<\/style><h1 class=\"elementor-heading-title elementor-size-default\">Quem Visita a LAAD Security Milipol Brazil 2026<\/h1>\t\t<\/div>\n\t\t\t\t<\/div>\n\t\t\t\t<section class=\"elementor-section elementor-inner-section elementor-element elementor-element-e630374 elementor-section-boxed elementor-section-height-default elementor-section-height-default\" data-id=\"e630374\" data-element_type=\"section\">\n\t\t\t\t\t\t<div class=\"elementor-container elementor-column-gap-default\">\n\t\t\t\t\t<div class=\"elementor-column elementor-col-50 elementor-inner-column elementor-element elementor-element-b7e636a\" data-id=\"b7e636a\" data-element_type=\"column\">\n\t\t\t<div class=\"elementor-widget-wrap elementor-element-populated\">\n\t\t\t\t\t\t<div class=\"elementor-element elementor-element-1929e55 elementor-widget elementor-widget-text-editor\" data-id=\"1929e55\" data-element_type=\"widget\" data-widget_type=\"text-editor.default\">\n\t\t\t\t<div class=\"elementor-widget-container\">\n\t\t\t<style>\/*! elementor - v3.19.0 - 07-02-2024 *\/\n.elementor-widget-text-editor.elementor-drop-cap-view-stacked .elementor-drop-cap{background-color:#69727d;color:#fff}.elementor-widget-text-editor.elementor-drop-cap-view-framed .elementor-drop-cap{color:#69727d;border:3px solid;background-color:transparent}.elementor-widget-text-editor:not(.elementor-drop-cap-view-default) .elementor-drop-cap{margin-top:8px}.elementor-widget-text-editor:not(.elementor-drop-cap-view-default) .elementor-drop-cap-letter{width:1em;height:1em}.elementor-widget-text-editor .elementor-drop-cap{float:left;text-align:center;line-height:1;font-size:50px}.elementor-widget-text-editor .elementor-drop-cap-letter{display:inline-block}<\/style>\t\t\t\t<p><strong>SEGURAN\u00c7A P\u00daBLICA E DEFESA <\/strong><\/p><ul><li>Minist\u00e9rio da Justi\u00e7a e Org\u00e3os Subordinados;<\/li><li>Minist\u00e9rio da Defesa;<\/li><li>Secretarias Estaduais de Seguran\u00e7a P\u00fablica;<\/li><li>Secretarias Municipais de Seguran\u00e7a Urbana;<\/li><li>Pol\u00edcias Civis e Militares;<\/li><li>Pol\u00edcia Cient\u00edfica;<\/li><li>Corpo de Bombeiros;<\/li><li>Guardas Municipais;<\/li><li>For\u00e7as Armadas;<\/li><li>Estado Maior Conjunto das For\u00e7as Armadas;<\/li><li>Law Enforcement;<\/li><li>Homeland Security.<\/li><\/ul>\t\t\t\t\t\t<\/div>\n\t\t\t\t<\/div>\n\t\t\t\t\t<\/div>\n\t\t<\/div>\n\t\t\t\t<div class=\"elementor-column elementor-col-50 elementor-inner-column elementor-element elementor-element-82e13c3\" data-id=\"82e13c3\" data-element_type=\"column\">\n\t\t\t<div class=\"elementor-widget-wrap elementor-element-populated\">\n\t\t\t\t\t\t<div class=\"elementor-element elementor-element-9406702 elementor-widget elementor-widget-text-editor\" data-id=\"9406702\" data-element_type=\"widget\" data-widget_type=\"text-editor.default\">\n\t\t\t\t<div class=\"elementor-widget-container\">\n\t\t\t\t\t\t\t<p><strong>CONCESSION\u00c1RIAS E AG\u00caNCIAS GOVERNAMENTAIS<\/strong><\/p><ul><li>Receita Federal;<\/li><li>Penitenci\u00e1rias;<\/li><li>Infraestrutura Cr\u00edtica: \u00e1gua e saneamento, energia, aeroportos, portos, rodovias, ferrovias, empresas do setor nuclear, ind\u00fastria petroqu\u00edmica e automobil\u00edstica e outros;<\/li><li>Grandes empresas;<\/li><li>Prefeituras e Governos estaduais;<\/li><li>Minist\u00e9rio P\u00fablico Estadual e Federal.<\/li><\/ul>\t\t\t\t\t\t<\/div>\n\t\t\t\t<\/div>\n\t\t\t\t\t<\/div>\n\t\t<\/div>\n\t\t\t\t\t<\/div>\n\t\t<\/section>\n\t\t\t\t<div class=\"elementor-element elementor-element-5e24805 elementor-align-center elementor-mobile-align-justify elementor-hidden-desktop elementor-hidden-tablet elementor-hidden-mobile elementor-invisible elementor-widget elementor-widget-button\" data-id=\"5e24805\" data-element_type=\"widget\" data-settings=\"{&quot;_animation&quot;:&quot;fadeInLeft&quot;}\" data-widget_type=\"button.default\">\n\t\t\t\t<div class=\"elementor-widget-container\">\n\t\t\t\t\t<div class=\"elementor-button-wrapper\">\n\t\t\t<a class=\"elementor-button elementor-button-link elementor-size-sm\" href=\"https:\/\/laadexpo.com.br\/security\/credenciamento\/\" target=\"_blank\">\n\t\t\t\t\t\t<span class=\"elementor-button-content-wrapper\">\n\t\t\t\t\t\t<span class=\"elementor-button-text\">Solicite seu Credenciamento<\/span>\n\t\t<\/span>\n\t\t\t\t\t<\/a>\n\t\t<\/div>\n\t\t\t\t<\/div>\n\t\t\t\t<\/div>\n\t\t\t\t\t<\/div>\n\t\t<\/div>\n\t\t\t\t\t<\/div>\n\t\t<\/section>\n\t\t\t\t<\/div>\n\t\t","protected":false},"excerpt":{"rendered":"<p>Quem Visita a LAAD Security Milipol Brazil 2026 SEGURAN\u00c7A P\u00daBLICA E DEFESA Minist\u00e9rio da Justi\u00e7a e Org\u00e3os Subordinados; Minist\u00e9rio da Defesa; Secretarias Estaduais de Seguran\u00e7a P\u00fablica; Secretarias Municipais de Seguran\u00e7a Urbana; Pol\u00edcias Civis e Militares; Pol\u00edcia Cient\u00edfica; Corpo de Bombeiros; Guardas Municipais; For\u00e7as Armadas; Estado Maior Conjunto das For\u00e7as Armadas; Law Enforcement; Homeland Security. CONCESSION\u00c1RIAS&#8230;<\/p>\n","protected":false},"author":2,"featured_media":62,"parent":0,"menu_order":0,"comment_status":"closed","ping_status":"closed","template":"","meta":{"_joinchat":[]},"yoast_head":"<!-- This site is optimized with the Yoast SEO plugin v21.8 - https:\/\/yoast.com\/wordpress\/plugins\/seo\/ -->\n<title>Quem Visita | LAAD Security Milipol Brazil 2026<\/title>\n<meta name=\"robots\" content=\"index, follow, max-snippet:-1, max-image-preview:large, max-video-preview:-1\" \/>\n<link rel=\"canonical\" href=\"https:\/\/laadexpo.com.br\/security\/pt\/quem-visita\/\" \/>\n<meta property=\"og:locale\" content=\"pt_BR\" \/>\n<meta property=\"og:type\" content=\"article\" \/>\n<meta property=\"og:title\" content=\"Quem Visita | LAAD Security Milipol Brazil 2026\" \/>\n<meta property=\"og:description\" content=\"Quem Visita a LAAD Security Milipol Brazil 2026 SEGURAN\u00c7A P\u00daBLICA E DEFESA Minist\u00e9rio da Justi\u00e7a e Org\u00e3os Subordinados; Minist\u00e9rio da Defesa; Secretarias Estaduais de Seguran\u00e7a P\u00fablica; Secretarias Municipais de Seguran\u00e7a Urbana; Pol\u00edcias Civis e Militares; Pol\u00edcia Cient\u00edfica; Corpo de Bombeiros; Guardas Municipais; For\u00e7as Armadas; Estado Maior Conjunto das For\u00e7as Armadas; Law Enforcement; Homeland Security. CONCESSION\u00c1RIAS...\" \/>\n<meta property=\"og:url\" content=\"https:\/\/laadexpo.com.br\/security\/pt\/quem-visita\/\" \/>\n<meta property=\"og:site_name\" content=\"LAAD Security Milipol Brazil 2026\" \/>\n<meta property=\"article:modified_time\" content=\"2025-11-17T06:42:10+00:00\" \/>\n<meta property=\"og:image\" content=\"https:\/\/laadexpo.com.br\/security\/wp-content\/uploads\/2023\/08\/laad-security-2018-img-01.jpg\" \/>\n\t<meta property=\"og:image:width\" content=\"960\" \/>\n\t<meta property=\"og:image:height\" content=\"641\" \/>\n\t<meta property=\"og:image:type\" content=\"image\/jpeg\" \/>\n<meta name=\"twitter:card\" content=\"summary_large_image\" \/>\n<meta name=\"twitter:title\" content=\"Quem Visita | LAAD Security Milipol Brazil 2026\" \/>\n<meta name=\"twitter:label1\" content=\"Est. tempo de leitura\" \/>\n\t<meta name=\"twitter:data1\" content=\"1 minuto\" \/>\n<script type=\"application\/ld+json\" class=\"yoast-schema-graph\">{\"@context\":\"https:\/\/schema.org\",\"@graph\":[{\"@type\":\"WebPage\",\"@id\":\"https:\/\/laadexpo.com.br\/security\/quem-visita\/\",\"url\":\"https:\/\/laadexpo.com.br\/security\/quem-visita\/\",\"name\":\"Quem Visita | LAAD Security Milipol Brazil 2026\",\"isPartOf\":{\"@id\":\"https:\/\/laadexpo.com.br\/security\/#website\"},\"datePublished\":\"2023-08-14T01:59:07+00:00\",\"dateModified\":\"2025-11-17T06:42:10+00:00\",\"breadcrumb\":{\"@id\":\"https:\/\/laadexpo.com.br\/security\/quem-visita\/#breadcrumb\"},\"inLanguage\":\"pt-BR\",\"potentialAction\":[{\"@type\":\"ReadAction\",\"target\":[\"https:\/\/laadexpo.com.br\/security\/quem-visita\/\"]}]},{\"@type\":\"BreadcrumbList\",\"@id\":\"https:\/\/laadexpo.com.br\/security\/quem-visita\/#breadcrumb\",\"itemListElement\":[{\"@type\":\"ListItem\",\"position\":1,\"name\":\"In\u00edcio\",\"item\":\"https:\/\/laadexpo.com.br\/security\/\"},{\"@type\":\"ListItem\",\"position\":2,\"name\":\"Quem Visita\"}]},{\"@type\":\"WebSite\",\"@id\":\"https:\/\/laadexpo.com.br\/security\/#website\",\"url\":\"https:\/\/laadexpo.com.br\/security\/\",\"name\":\"LAAD Security & Defence\",\"description\":\"Feira Internacional de Seguran\u00e7a\",\"publisher\":{\"@id\":\"https:\/\/laadexpo.com.br\/security\/#organization\"},\"alternateName\":\"LAAD Security & Defence\",\"potentialAction\":[{\"@type\":\"SearchAction\",\"target\":{\"@type\":\"EntryPoint\",\"urlTemplate\":\"https:\/\/laadexpo.com.br\/security\/?s={search_term_string}\"},\"query-input\":\"required name=search_term_string\"}],\"inLanguage\":\"pt-BR\"},{\"@type\":\"Organization\",\"@id\":\"https:\/\/laadexpo.com.br\/security\/#organization\",\"name\":\"LAAD Security & Defence\",\"url\":\"https:\/\/laadexpo.com.br\/security\/\",\"logo\":{\"@type\":\"ImageObject\",\"inLanguage\":\"pt-BR\",\"@id\":\"https:\/\/laadexpo.com.br\/security\/#\/schema\/logo\/image\/\",\"url\":\"http:\/\/laadexpo1.hospedagemdesites.ws\/security\/wp-content\/uploads\/2023\/08\/logo-laad-security-defence-small.png\",\"contentUrl\":\"http:\/\/laadexpo1.hospedagemdesites.ws\/security\/wp-content\/uploads\/2023\/08\/logo-laad-security-defence-small.png\",\"width\":330,\"height\":143,\"caption\":\"LAAD Security & Defence\"},\"image\":{\"@id\":\"https:\/\/laadexpo.com.br\/security\/#\/schema\/logo\/image\/\"}}]}<\/script>\n<!-- \/ Yoast SEO plugin. -->","yoast_head_json":{"title":"Quem Visita | LAAD Security Milipol Brazil 2026","robots":{"index":"index","follow":"follow","max-snippet":"max-snippet:-1","max-image-preview":"max-image-preview:large","max-video-preview":"max-video-preview:-1"},"canonical":"https:\/\/laadexpo.com.br\/security\/pt\/quem-visita\/","og_locale":"pt_BR","og_type":"article","og_title":"Quem Visita | LAAD Security Milipol Brazil 2026","og_description":"Quem Visita a LAAD Security Milipol Brazil 2026 SEGURAN\u00c7A P\u00daBLICA E DEFESA Minist\u00e9rio da Justi\u00e7a e Org\u00e3os Subordinados; Minist\u00e9rio da Defesa; Secretarias Estaduais de Seguran\u00e7a P\u00fablica; Secretarias Municipais de Seguran\u00e7a Urbana; Pol\u00edcias Civis e Militares; Pol\u00edcia Cient\u00edfica; Corpo de Bombeiros; Guardas Municipais; For\u00e7as Armadas; Estado Maior Conjunto das For\u00e7as Armadas; Law Enforcement; Homeland Security. CONCESSION\u00c1RIAS...","og_url":"https:\/\/laadexpo.com.br\/security\/pt\/quem-visita\/","og_site_name":"LAAD Security Milipol Brazil 2026","article_modified_time":"2025-11-17T06:42:10+00:00","og_image":[{"width":960,"height":641,"url":"https:\/\/laadexpo.com.br\/security\/wp-content\/uploads\/2023\/08\/laad-security-2018-img-01.jpg","type":"image\/jpeg"}],"twitter_card":"summary_large_image","twitter_title":"Quem Visita | LAAD Security Milipol Brazil 2026","twitter_misc":{"Est. tempo de leitura":"1 minuto"},"schema":{"@context":"https:\/\/schema.org","@graph":[{"@type":"WebPage","@id":"https:\/\/laadexpo.com.br\/security\/quem-visita\/","url":"https:\/\/laadexpo.com.br\/security\/quem-visita\/","name":"Quem Visita | LAAD Security Milipol Brazil 2026","isPartOf":{"@id":"https:\/\/laadexpo.com.br\/security\/#website"},"datePublished":"2023-08-14T01:59:07+00:00","dateModified":"2025-11-17T06:42:10+00:00","breadcrumb":{"@id":"https:\/\/laadexpo.com.br\/security\/quem-visita\/#breadcrumb"},"inLanguage":"pt-BR","potentialAction":[{"@type":"ReadAction","target":["https:\/\/laadexpo.com.br\/security\/quem-visita\/"]}]},{"@type":"BreadcrumbList","@id":"https:\/\/laadexpo.com.br\/security\/quem-visita\/#breadcrumb","itemListElement":[{"@type":"ListItem","position":1,"name":"In\u00edcio","item":"https:\/\/laadexpo.com.br\/security\/"},{"@type":"ListItem","position":2,"name":"Quem Visita"}]},{"@type":"WebSite","@id":"https:\/\/laadexpo.com.br\/security\/#website","url":"https:\/\/laadexpo.com.br\/security\/","name":"LAAD Security & Defence","description":"Feira Internacional de Seguran\u00e7a","publisher":{"@id":"https:\/\/laadexpo.com.br\/security\/#organization"},"alternateName":"LAAD Security & Defence","potentialAction":[{"@type":"SearchAction","target":{"@type":"EntryPoint","urlTemplate":"https:\/\/laadexpo.com.br\/security\/?s={search_term_string}"},"query-input":"required name=search_term_string"}],"inLanguage":"pt-BR"},{"@type":"Organization","@id":"https:\/\/laadexpo.com.br\/security\/#organization","name":"LAAD Security & Defence","url":"https:\/\/laadexpo.com.br\/security\/","logo":{"@type":"ImageObject","inLanguage":"pt-BR","@id":"https:\/\/laadexpo.com.br\/security\/#\/schema\/logo\/image\/","url":"http:\/\/laadexpo1.hospedagemdesites.ws\/security\/wp-content\/uploads\/2023\/08\/logo-laad-security-defence-small.png","contentUrl":"http:\/\/laadexpo1.hospedagemdesites.ws\/security\/wp-content\/uploads\/2023\/08\/logo-laad-security-defence-small.png","width":330,"height":143,"caption":"LAAD Security & Defence"},"image":{"@id":"https:\/\/laadexpo.com.br\/security\/#\/schema\/logo\/image\/"}}]}},"_links":{"self":[{"href":"https:\/\/laadexpo.com.br\/security\/pt\/wp-json\/wp\/v2\/pages\/150"}],"collection":[{"href":"https:\/\/laadexpo.com.br\/security\/pt\/wp-json\/wp\/v2\/pages"}],"about":[{"href":"https:\/\/laadexpo.com.br\/security\/pt\/wp-json\/wp\/v2\/types\/page"}],"author":[{"embeddable":true,"href":"https:\/\/laadexpo.com.br\/security\/pt\/wp-json\/wp\/v2\/users\/2"}],"replies":[{"embeddable":true,"href":"https:\/\/laadexpo.com.br\/security\/pt\/wp-json\/wp\/v2\/comments?post=150"}],"version-history":[{"count":25,"href":"https:\/\/laadexpo.com.br\/security\/pt\/wp-json\/wp\/v2\/pages\/150\/revisions"}],"predecessor-version":[{"id":2138,"href":"https:\/\/laadexpo.com.br\/security\/pt\/wp-json\/wp\/v2\/pages\/150\/revisions\/2138"}],"wp:featuredmedia":[{"embeddable":true,"href":"https:\/\/laadexpo.com.br\/security\/pt\/wp-json\/wp\/v2\/media\/62"}],"wp:attachment":[{"href":"https:\/\/laadexpo.com.br\/security\/pt\/wp-json\/wp\/v2\/media?parent=150"}],"curies":[{"name":"wp","href":"https:\/\/api.w.org\/{rel}","templated":true}]}}