{"id":387,"date":"2023-08-15T03:00:22","date_gmt":"2023-08-15T06:00:22","guid":{"rendered":"http:\/\/laadexpo1.hospedagemdesites.ws\/security\/?page_id=387"},"modified":"2023-11-23T22:48:20","modified_gmt":"2023-11-24T01:48:20","slug":"press-releases","status":"publish","type":"page","link":"https:\/\/laadexpo.com.br\/security\/pt\/press-releases\/","title":{"rendered":"Press Releases"},"content":{"rendered":"\t\t<div data-elementor-type=\"wp-page\" data-elementor-id=\"387\" class=\"elementor elementor-387\" data-elementor-post-type=\"page\">\n\t\t\t\t\t\t<section class=\"elementor-section elementor-top-section elementor-element elementor-element-50a06da elementor-section-boxed elementor-section-height-default elementor-section-height-default\" data-id=\"50a06da\" data-element_type=\"section\">\n\t\t\t\t\t\t\t<div class=\"elementor-background-overlay\"><\/div>\n\t\t\t\t\t\t\t<div class=\"elementor-container elementor-column-gap-default\">\n\t\t\t\t\t<div class=\"elementor-column elementor-col-100 elementor-top-column elementor-element elementor-element-c090ae3\" data-id=\"c090ae3\" data-element_type=\"column\">\n\t\t\t<div class=\"elementor-widget-wrap elementor-element-populated\">\n\t\t\t\t\t\t<div class=\"elementor-element elementor-element-6e57b16 elementor-invisible elementor-widget elementor-widget-breadcrumbs\" data-id=\"6e57b16\" data-element_type=\"widget\" data-settings=\"{&quot;_animation&quot;:&quot;fadeInUp&quot;}\" data-widget_type=\"breadcrumbs.default\">\n\t\t\t\t<div class=\"elementor-widget-container\">\n\t\t\t<link rel=\"stylesheet\" href=\"https:\/\/laadexpo.com.br\/security\/wp-content\/plugins\/elementor-pro\/assets\/css\/widget-theme-elements.min.css\"><p id=\"breadcrumbs\"><span><span><a href=\"https:\/\/laadexpo.com.br\/security\/\">In\u00edcio<\/a><\/span><\/span><\/p>\t\t<\/div>\n\t\t\t\t<\/div>\n\t\t\t\t<div class=\"elementor-element elementor-element-bfc3785 elementor-invisible elementor-widget elementor-widget-heading\" data-id=\"bfc3785\" data-element_type=\"widget\" data-settings=\"{&quot;_animation&quot;:&quot;fadeInUp&quot;}\" data-widget_type=\"heading.default\">\n\t\t\t\t<div class=\"elementor-widget-container\">\n\t\t\t<style>\/*! elementor - v3.19.0 - 07-02-2024 *\/\n.elementor-heading-title{padding:0;margin:0;line-height:1}.elementor-widget-heading .elementor-heading-title[class*=elementor-size-]>a{color:inherit;font-size:inherit;line-height:inherit}.elementor-widget-heading .elementor-heading-title.elementor-size-small{font-size:15px}.elementor-widget-heading .elementor-heading-title.elementor-size-medium{font-size:19px}.elementor-widget-heading .elementor-heading-title.elementor-size-large{font-size:29px}.elementor-widget-heading .elementor-heading-title.elementor-size-xl{font-size:39px}.elementor-widget-heading .elementor-heading-title.elementor-size-xxl{font-size:59px}<\/style><h1 class=\"elementor-heading-title elementor-size-default\">Press Releases<\/h1>\t\t<\/div>\n\t\t\t\t<\/div>\n\t\t\t\t<div class=\"elementor-element elementor-element-f7ffdea elementor-grid-1 elementor-posts--thumbnail-left elementor-grid-tablet-2 elementor-grid-mobile-1 elementor-invisible elementor-widget elementor-widget-posts\" data-id=\"f7ffdea\" data-element_type=\"widget\" data-settings=\"{&quot;_animation&quot;:&quot;fadeIn&quot;,&quot;pagination_type&quot;:&quot;numbers_and_prev_next&quot;,&quot;classic_columns&quot;:&quot;1&quot;,&quot;classic_row_gap&quot;:{&quot;unit&quot;:&quot;px&quot;,&quot;size&quot;:33,&quot;sizes&quot;:[]},&quot;classic_columns_tablet&quot;:&quot;2&quot;,&quot;classic_columns_mobile&quot;:&quot;1&quot;,&quot;classic_row_gap_tablet&quot;:{&quot;unit&quot;:&quot;px&quot;,&quot;size&quot;:&quot;&quot;,&quot;sizes&quot;:[]},&quot;classic_row_gap_mobile&quot;:{&quot;unit&quot;:&quot;px&quot;,&quot;size&quot;:&quot;&quot;,&quot;sizes&quot;:[]}}\" data-widget_type=\"posts.classic\">\n\t\t\t\t<div class=\"elementor-widget-container\">\n\t\t\t<link rel=\"stylesheet\" href=\"https:\/\/laadexpo.com.br\/security\/wp-content\/plugins\/elementor-pro\/assets\/css\/widget-posts.min.css\">\t\t<div class=\"elementor-posts-container elementor-posts elementor-posts--skin-classic elementor-grid\">\n\t\t\t\t<article class=\"elementor-post elementor-grid-item post-2942 post type-post status-publish format-standard hentry category-60 category-press-release\">\n\t\t\t\t<div class=\"elementor-post__text\">\n\t\t\t\t<h2 class=\"elementor-post__title\">\n\t\t\t<a href=\"https:\/\/laadexpo.com.br\/security\/pt\/press-release\/suzuki-e-mobisig-lancam-tecnologia-inedita-para-motos-na-laad-security-2026\/\" >\n\t\t\t\tSuzuki e Mobisig lan\u00e7am tecnologia in\u00e9dita para motos na LAAD Security 2026\t\t\t<\/a>\n\t\t<\/h2>\n\t\t\t\t<div class=\"elementor-post__meta-data\">\n\t\t\t\t\t<span class=\"elementor-post-date\">\n\t\t\t15 de abril de 2026\t\t<\/span>\n\t\t\t\t<span class=\"elementor-post-avatar\">\n\t\t\tNenhum coment\u00e1rio\t\t<\/span>\n\t\t\t\t<\/div>\n\t\t\t\t<div class=\"elementor-post__excerpt\">\n\t\t\t<p>S\u00e3o Paulo, 14 de abril de 2026 \u2013 Estreando no maior evento de seguran\u00e7a e defesa da Am\u00e9rica Latina, a Suzuki Motos do Brasil, por<\/p>\n\t\t<\/div>\n\t\t\t\t\t<div class=\"elementor-post__read-more-wrapper\">\n\t\t\n\t\t<a class=\"elementor-post__read-more\" href=\"https:\/\/laadexpo.com.br\/security\/pt\/press-release\/suzuki-e-mobisig-lancam-tecnologia-inedita-para-motos-na-laad-security-2026\/\" aria-label=\"Read more about Suzuki e Mobisig lan\u00e7am tecnologia in\u00e9dita para motos na LAAD Security 2026\" tabindex=\"-1\" >\n\t\t\tLeia mais \u00bb\t\t<\/a>\n\n\t\t\t\t\t<\/div>\n\t\t\t\t<\/div>\n\t\t\t\t<\/article>\n\t\t\t\t<article class=\"elementor-post elementor-grid-item post-2940 post type-post status-publish format-standard hentry category-60 category-press-release\">\n\t\t\t\t<div class=\"elementor-post__text\">\n\t\t\t\t<h2 class=\"elementor-post__title\">\n\t\t\t<a href=\"https:\/\/laadexpo.com.br\/security\/pt\/press-release\/suzuki-motos-participa-da-laad-security-2026\/\" >\n\t\t\t\tSuzuki Motos participa da LAAD Security 2026\t\t\t<\/a>\n\t\t<\/h2>\n\t\t\t\t<div class=\"elementor-post__meta-data\">\n\t\t\t\t\t<span class=\"elementor-post-date\">\n\t\t\t15 de abril de 2026\t\t<\/span>\n\t\t\t\t<span class=\"elementor-post-avatar\">\n\t\t\tNenhum coment\u00e1rio\t\t<\/span>\n\t\t\t\t<\/div>\n\t\t\t\t<div class=\"elementor-post__excerpt\">\n\t\t\t<p>Jundia\u00ed, 13 de abril de 2026 \u2013 O Grupo J.Toledo\/JTZ Motos, representante das marcas de motocicletas Suzuki, Suzuki Haojue e Zontes, e de quadriciclos Hisun,<\/p>\n\t\t<\/div>\n\t\t\t\t\t<div class=\"elementor-post__read-more-wrapper\">\n\t\t\n\t\t<a class=\"elementor-post__read-more\" href=\"https:\/\/laadexpo.com.br\/security\/pt\/press-release\/suzuki-motos-participa-da-laad-security-2026\/\" aria-label=\"Read more about Suzuki Motos participa da LAAD Security 2026\" tabindex=\"-1\" >\n\t\t\tLeia mais \u00bb\t\t<\/a>\n\n\t\t\t\t\t<\/div>\n\t\t\t\t<\/div>\n\t\t\t\t<\/article>\n\t\t\t\t<article class=\"elementor-post elementor-grid-item post-2938 post type-post status-publish format-standard hentry category-60 category-press-release\">\n\t\t\t\t<div class=\"elementor-post__text\">\n\t\t\t\t<h2 class=\"elementor-post__title\">\n\t\t\t<a href=\"https:\/\/laadexpo.com.br\/security\/pt\/press-release\/indra-group-lanca-no-brasil-sua-nova-unidade-indramind\/\" >\n\t\t\t\tINDRA GROUP LAN\u00c7A NO BRASIL SUA NOVA UNIDADE INDRAMIND\t\t\t<\/a>\n\t\t<\/h2>\n\t\t\t\t<div class=\"elementor-post__meta-data\">\n\t\t\t\t\t<span class=\"elementor-post-date\">\n\t\t\t15 de abril de 2026\t\t<\/span>\n\t\t\t\t<span class=\"elementor-post-avatar\">\n\t\t\tNenhum coment\u00e1rio\t\t<\/span>\n\t\t\t\t<\/div>\n\t\t\t\t<div class=\"elementor-post__excerpt\">\n\t\t\t<p>A nova divis\u00e3o refor\u00e7a a lideran\u00e7a da empresa na inova\u00e7\u00e3o e no desenvolvimento de tecnologias para apoiar o pa\u00eds na moderniza\u00e7\u00e3o\u00a0da seguranca integral, seguranca p\u00fablica,<\/p>\n\t\t<\/div>\n\t\t\t\t\t<div class=\"elementor-post__read-more-wrapper\">\n\t\t\n\t\t<a class=\"elementor-post__read-more\" href=\"https:\/\/laadexpo.com.br\/security\/pt\/press-release\/indra-group-lanca-no-brasil-sua-nova-unidade-indramind\/\" aria-label=\"Read more about INDRA GROUP LAN\u00c7A NO BRASIL SUA NOVA UNIDADE INDRAMIND\" tabindex=\"-1\" >\n\t\t\tLeia mais \u00bb\t\t<\/a>\n\n\t\t\t\t\t<\/div>\n\t\t\t\t<\/div>\n\t\t\t\t<\/article>\n\t\t\t\t<article class=\"elementor-post elementor-grid-item post-2936 post type-post status-publish format-standard has-post-thumbnail hentry category-60 category-press-release\">\n\t\t\t\t<a class=\"elementor-post__thumbnail__link\" href=\"https:\/\/laadexpo.com.br\/security\/pt\/press-release\/esta-aberto-o-maior-encontro-da-america-latina-sobre-seguranca-publica\/\" tabindex=\"-1\" >\n\t\t\t<div class=\"elementor-post__thumbnail\"><img fetchpriority=\"high\" decoding=\"async\" width=\"300\" height=\"200\" src=\"https:\/\/laadexpo.com.br\/security\/wp-content\/uploads\/2026\/04\/LAAD-Cerimonia-abertura-61-300x200.jpg\" class=\"attachment-medium size-medium wp-image-2931\" alt=\"\" srcset=\"https:\/\/laadexpo.com.br\/security\/wp-content\/uploads\/2026\/04\/LAAD-Cerimonia-abertura-61-300x200.jpg 300w, https:\/\/laadexpo.com.br\/security\/wp-content\/uploads\/2026\/04\/LAAD-Cerimonia-abertura-61-1024x682.jpg 1024w, https:\/\/laadexpo.com.br\/security\/wp-content\/uploads\/2026\/04\/LAAD-Cerimonia-abertura-61-768x512.jpg 768w, https:\/\/laadexpo.com.br\/security\/wp-content\/uploads\/2026\/04\/LAAD-Cerimonia-abertura-61-18x12.jpg 18w, https:\/\/laadexpo.com.br\/security\/wp-content\/uploads\/2026\/04\/LAAD-Cerimonia-abertura-61.jpg 1280w\" sizes=\"(max-width: 300px) 100vw, 300px\" \/><\/div>\n\t\t<\/a>\n\t\t\t\t<div class=\"elementor-post__text\">\n\t\t\t\t<h2 class=\"elementor-post__title\">\n\t\t\t<a href=\"https:\/\/laadexpo.com.br\/security\/pt\/press-release\/esta-aberto-o-maior-encontro-da-america-latina-sobre-seguranca-publica\/\" >\n\t\t\t\tEst\u00e1 aberto o maior encontro da Am\u00e9rica Latina sobre seguran\u00e7a p\u00fablica\t\t\t<\/a>\n\t\t<\/h2>\n\t\t\t\t<div class=\"elementor-post__meta-data\">\n\t\t\t\t\t<span class=\"elementor-post-date\">\n\t\t\t14 de abril de 2026\t\t<\/span>\n\t\t\t\t<span class=\"elementor-post-avatar\">\n\t\t\tNenhum coment\u00e1rio\t\t<\/span>\n\t\t\t\t<\/div>\n\t\t\t\t<div class=\"elementor-post__excerpt\">\n\t\t\t<p>Autoridades e players da ind\u00fastria global est\u00e3o reunidos para discutir seguran\u00e7a p\u00fablica, intelig\u00eancia artificial, ciberseguran\u00e7a, combate ao crime organizado, moderniza\u00e7\u00e3o e tecnologia na LAAD Security<\/p>\n\t\t<\/div>\n\t\t\t\t\t<div class=\"elementor-post__read-more-wrapper\">\n\t\t\n\t\t<a class=\"elementor-post__read-more\" href=\"https:\/\/laadexpo.com.br\/security\/pt\/press-release\/esta-aberto-o-maior-encontro-da-america-latina-sobre-seguranca-publica\/\" aria-label=\"Read more about Est\u00e1 aberto o maior encontro da Am\u00e9rica Latina sobre seguran\u00e7a p\u00fablica\" tabindex=\"-1\" >\n\t\t\tLeia mais \u00bb\t\t<\/a>\n\n\t\t\t\t\t<\/div>\n\t\t\t\t<\/div>\n\t\t\t\t<\/article>\n\t\t\t\t<article class=\"elementor-post elementor-grid-item post-2913 post type-post status-publish format-standard has-post-thumbnail hentry category-60 category-press-release\">\n\t\t\t\t<a class=\"elementor-post__thumbnail__link\" href=\"https:\/\/laadexpo.com.br\/security\/pt\/press-release\/xmobots-apresenta-solucoes-para-decisao-em-cenarios-criticos-na-laad-security-milipol-brazil\/\" tabindex=\"-1\" >\n\t\t\t<div class=\"elementor-post__thumbnail\"><img decoding=\"async\" width=\"300\" height=\"201\" src=\"https:\/\/laadexpo.com.br\/security\/wp-content\/uploads\/2026\/04\/Nauru-100D-300x201.jpg\" class=\"attachment-medium size-medium wp-image-2916\" alt=\"Nauru 100D ISTAR \u00e9 destaque na LAAD Security Milipol Brazil\" srcset=\"https:\/\/laadexpo.com.br\/security\/wp-content\/uploads\/2026\/04\/Nauru-100D-300x201.jpg 300w, https:\/\/laadexpo.com.br\/security\/wp-content\/uploads\/2026\/04\/Nauru-100D-1024x685.jpg 1024w, https:\/\/laadexpo.com.br\/security\/wp-content\/uploads\/2026\/04\/Nauru-100D-768x514.jpg 768w, https:\/\/laadexpo.com.br\/security\/wp-content\/uploads\/2026\/04\/Nauru-100D-1536x1027.jpg 1536w, https:\/\/laadexpo.com.br\/security\/wp-content\/uploads\/2026\/04\/Nauru-100D-2048x1370.jpg 2048w, https:\/\/laadexpo.com.br\/security\/wp-content\/uploads\/2026\/04\/Nauru-100D-18x12.jpg 18w\" sizes=\"(max-width: 300px) 100vw, 300px\" \/><\/div>\n\t\t<\/a>\n\t\t\t\t<div class=\"elementor-post__text\">\n\t\t\t\t<h2 class=\"elementor-post__title\">\n\t\t\t<a href=\"https:\/\/laadexpo.com.br\/security\/pt\/press-release\/xmobots-apresenta-solucoes-para-decisao-em-cenarios-criticos-na-laad-security-milipol-brazil\/\" >\n\t\t\t\tXmobots apresenta solu\u00e7\u00f5es para decis\u00e3o em cen\u00e1rios cr\u00edticos na LAAD Security Milipol Brazil\t\t\t<\/a>\n\t\t<\/h2>\n\t\t\t\t<div class=\"elementor-post__meta-data\">\n\t\t\t\t\t<span class=\"elementor-post-date\">\n\t\t\t14 de abril de 2026\t\t<\/span>\n\t\t\t\t<span class=\"elementor-post-avatar\">\n\t\t\tNenhum coment\u00e1rio\t\t<\/span>\n\t\t\t\t<\/div>\n\t\t\t\t<div class=\"elementor-post__excerpt\">\n\t\t\t<p>Empresa brasileira apresenta novas tecnologias, sistemas j\u00e1 empregados por for\u00e7as armadas e avan\u00e7a em conceitos de autonomia aplicada \u00e0 defesa S\u00e3o Carlos (SP), abril de<\/p>\n\t\t<\/div>\n\t\t\t\t\t<div class=\"elementor-post__read-more-wrapper\">\n\t\t\n\t\t<a class=\"elementor-post__read-more\" href=\"https:\/\/laadexpo.com.br\/security\/pt\/press-release\/xmobots-apresenta-solucoes-para-decisao-em-cenarios-criticos-na-laad-security-milipol-brazil\/\" aria-label=\"Read more about Xmobots apresenta solu\u00e7\u00f5es para decis\u00e3o em cen\u00e1rios cr\u00edticos na LAAD Security Milipol Brazil\" tabindex=\"-1\" >\n\t\t\tLeia mais \u00bb\t\t<\/a>\n\n\t\t\t\t\t<\/div>\n\t\t\t\t<\/div>\n\t\t\t\t<\/article>\n\t\t\t\t<\/div>\n\t\t\n\t\t\t\t<div class=\"e-load-more-anchor\" data-page=\"1\" data-max-page=\"6\" data-next-page=\"https:\/\/laadexpo.com.br\/security\/pt\/wp-json\/wp\/v2\/pages\/387\/page\/2\/\"><\/div>\n\t\t\t\t<nav class=\"elementor-pagination\" aria-label=\"Pagination\">\n\t\t\t<span class=\"page-numbers prev\">&laquo; Anterior<\/span>\n<span aria-current=\"page\" class=\"page-numbers current\"><span class=\"elementor-screen-only\">Page<\/span>1<\/span>\n<a class=\"page-numbers\" href=\"https:\/\/laadexpo.com.br\/security\/pt\/wp-json\/wp\/v2\/pages\/387\/page\/2\/\"><span class=\"elementor-screen-only\">Page<\/span>2<\/a>\n<a class=\"page-numbers\" href=\"https:\/\/laadexpo.com.br\/security\/pt\/wp-json\/wp\/v2\/pages\/387\/page\/3\/\"><span class=\"elementor-screen-only\">Page<\/span>3<\/a>\n<a class=\"page-numbers\" href=\"https:\/\/laadexpo.com.br\/security\/pt\/wp-json\/wp\/v2\/pages\/387\/page\/4\/\"><span class=\"elementor-screen-only\">Page<\/span>4<\/a>\n<a class=\"page-numbers\" href=\"https:\/\/laadexpo.com.br\/security\/pt\/wp-json\/wp\/v2\/pages\/387\/page\/5\/\"><span class=\"elementor-screen-only\">Page<\/span>5<\/a>\n<a class=\"page-numbers next\" href=\"https:\/\/laadexpo.com.br\/security\/pt\/wp-json\/wp\/v2\/pages\/387\/page\/2\/\">Pr\u00f3ximo &raquo;<\/a>\t\t<\/nav>\n\t\t\t\t<\/div>\n\t\t\t\t<\/div>\n\t\t\t\t\t<\/div>\n\t\t<\/div>\n\t\t\t\t\t<\/div>\n\t\t<\/section>\n\t\t\t\t<\/div>\n\t\t","protected":false},"excerpt":{"rendered":"<p>Press Releases<\/p>\n","protected":false},"author":2,"featured_media":0,"parent":0,"menu_order":0,"comment_status":"closed","ping_status":"closed","template":"","meta":{"_joinchat":[]},"yoast_head":"<!-- This site is optimized with the Yoast SEO plugin v21.8 - https:\/\/yoast.com\/wordpress\/plugins\/seo\/ -->\n<title>Press Releases | LAAD Security Milipol Brazil 2026<\/title>\n<meta name=\"robots\" content=\"index, follow, max-snippet:-1, max-image-preview:large, max-video-preview:-1\" \/>\n<link rel=\"canonical\" href=\"https:\/\/laadexpo.com.br\/security\/pt\/press-releases\/\" \/>\n<meta property=\"og:locale\" content=\"pt_BR\" \/>\n<meta property=\"og:type\" content=\"article\" \/>\n<meta property=\"og:title\" content=\"Press Releases | LAAD Security Milipol Brazil 2026\" \/>\n<meta property=\"og:description\" content=\"Press Releases\" \/>\n<meta property=\"og:url\" content=\"https:\/\/laadexpo.com.br\/security\/pt\/press-releases\/\" \/>\n<meta property=\"og:site_name\" content=\"LAAD Security Milipol Brazil 2026\" \/>\n<meta property=\"article:modified_time\" content=\"2023-11-24T01:48:20+00:00\" \/>\n<meta property=\"og:image\" content=\"https:\/\/laadexpo.com.br\/security\/wp-content\/uploads\/2023\/08\/logo-laad-security-defence-small.png\" \/>\n\t<meta property=\"og:image:width\" content=\"330\" \/>\n\t<meta property=\"og:image:height\" content=\"143\" \/>\n\t<meta property=\"og:image:type\" content=\"image\/png\" \/>\n<meta name=\"twitter:card\" content=\"summary_large_image\" \/>\n<meta name=\"twitter:title\" content=\"Press Releases | LAAD Security Milipol Brazil 2026\" \/>\n<meta name=\"twitter:label1\" content=\"Est. tempo de leitura\" \/>\n\t<meta name=\"twitter:data1\" content=\"1 minuto\" \/>\n<script type=\"application\/ld+json\" class=\"yoast-schema-graph\">{\"@context\":\"https:\/\/schema.org\",\"@graph\":[{\"@type\":\"WebPage\",\"@id\":\"https:\/\/laadexpo.com.br\/security\/pt\/press-releases\/\",\"url\":\"https:\/\/laadexpo.com.br\/security\/pt\/press-releases\/\",\"name\":\"Press Releases | LAAD Security Milipol Brazil 2026\",\"isPartOf\":{\"@id\":\"https:\/\/laadexpo.com.br\/security\/#website\"},\"datePublished\":\"2023-08-15T06:00:22+00:00\",\"dateModified\":\"2023-11-24T01:48:20+00:00\",\"breadcrumb\":{\"@id\":\"https:\/\/laadexpo.com.br\/security\/pt\/press-releases\/#breadcrumb\"},\"inLanguage\":\"pt-BR\",\"potentialAction\":[{\"@type\":\"ReadAction\",\"target\":[\"https:\/\/laadexpo.com.br\/security\/pt\/press-releases\/\"]}]},{\"@type\":\"BreadcrumbList\",\"@id\":\"https:\/\/laadexpo.com.br\/security\/pt\/press-releases\/#breadcrumb\",\"itemListElement\":[{\"@type\":\"ListItem\",\"position\":1,\"name\":\"In\u00edcio\",\"item\":\"https:\/\/laadexpo.com.br\/security\/\"},{\"@type\":\"ListItem\",\"position\":2,\"name\":\"Press Releases\"}]},{\"@type\":\"WebSite\",\"@id\":\"https:\/\/laadexpo.com.br\/security\/#website\",\"url\":\"https:\/\/laadexpo.com.br\/security\/\",\"name\":\"LAAD Security & Defence\",\"description\":\"Feira Internacional de Seguran\u00e7a\",\"publisher\":{\"@id\":\"https:\/\/laadexpo.com.br\/security\/#organization\"},\"alternateName\":\"LAAD Security & Defence\",\"potentialAction\":[{\"@type\":\"SearchAction\",\"target\":{\"@type\":\"EntryPoint\",\"urlTemplate\":\"https:\/\/laadexpo.com.br\/security\/?s={search_term_string}\"},\"query-input\":\"required name=search_term_string\"}],\"inLanguage\":\"pt-BR\"},{\"@type\":\"Organization\",\"@id\":\"https:\/\/laadexpo.com.br\/security\/#organization\",\"name\":\"LAAD Security & Defence\",\"url\":\"https:\/\/laadexpo.com.br\/security\/\",\"logo\":{\"@type\":\"ImageObject\",\"inLanguage\":\"pt-BR\",\"@id\":\"https:\/\/laadexpo.com.br\/security\/#\/schema\/logo\/image\/\",\"url\":\"http:\/\/laadexpo1.hospedagemdesites.ws\/security\/wp-content\/uploads\/2023\/08\/logo-laad-security-defence-small.png\",\"contentUrl\":\"http:\/\/laadexpo1.hospedagemdesites.ws\/security\/wp-content\/uploads\/2023\/08\/logo-laad-security-defence-small.png\",\"width\":330,\"height\":143,\"caption\":\"LAAD Security & Defence\"},\"image\":{\"@id\":\"https:\/\/laadexpo.com.br\/security\/#\/schema\/logo\/image\/\"}}]}<\/script>\n<!-- \/ Yoast SEO plugin. -->","yoast_head_json":{"title":"Press Releases | LAAD Security Milipol Brazil 2026","robots":{"index":"index","follow":"follow","max-snippet":"max-snippet:-1","max-image-preview":"max-image-preview:large","max-video-preview":"max-video-preview:-1"},"canonical":"https:\/\/laadexpo.com.br\/security\/pt\/press-releases\/","og_locale":"pt_BR","og_type":"article","og_title":"Press Releases | LAAD Security Milipol Brazil 2026","og_description":"Press Releases","og_url":"https:\/\/laadexpo.com.br\/security\/pt\/press-releases\/","og_site_name":"LAAD Security Milipol Brazil 2026","article_modified_time":"2023-11-24T01:48:20+00:00","og_image":[{"width":330,"height":143,"url":"https:\/\/laadexpo.com.br\/security\/wp-content\/uploads\/2023\/08\/logo-laad-security-defence-small.png","type":"image\/png"}],"twitter_card":"summary_large_image","twitter_title":"Press Releases | LAAD Security Milipol Brazil 2026","twitter_misc":{"Est. tempo de leitura":"1 minuto"},"schema":{"@context":"https:\/\/schema.org","@graph":[{"@type":"WebPage","@id":"https:\/\/laadexpo.com.br\/security\/pt\/press-releases\/","url":"https:\/\/laadexpo.com.br\/security\/pt\/press-releases\/","name":"Press Releases | LAAD Security Milipol Brazil 2026","isPartOf":{"@id":"https:\/\/laadexpo.com.br\/security\/#website"},"datePublished":"2023-08-15T06:00:22+00:00","dateModified":"2023-11-24T01:48:20+00:00","breadcrumb":{"@id":"https:\/\/laadexpo.com.br\/security\/pt\/press-releases\/#breadcrumb"},"inLanguage":"pt-BR","potentialAction":[{"@type":"ReadAction","target":["https:\/\/laadexpo.com.br\/security\/pt\/press-releases\/"]}]},{"@type":"BreadcrumbList","@id":"https:\/\/laadexpo.com.br\/security\/pt\/press-releases\/#breadcrumb","itemListElement":[{"@type":"ListItem","position":1,"name":"In\u00edcio","item":"https:\/\/laadexpo.com.br\/security\/"},{"@type":"ListItem","position":2,"name":"Press Releases"}]},{"@type":"WebSite","@id":"https:\/\/laadexpo.com.br\/security\/#website","url":"https:\/\/laadexpo.com.br\/security\/","name":"LAAD Security & Defence","description":"Feira Internacional de Seguran\u00e7a","publisher":{"@id":"https:\/\/laadexpo.com.br\/security\/#organization"},"alternateName":"LAAD Security & Defence","potentialAction":[{"@type":"SearchAction","target":{"@type":"EntryPoint","urlTemplate":"https:\/\/laadexpo.com.br\/security\/?s={search_term_string}"},"query-input":"required name=search_term_string"}],"inLanguage":"pt-BR"},{"@type":"Organization","@id":"https:\/\/laadexpo.com.br\/security\/#organization","name":"LAAD Security & Defence","url":"https:\/\/laadexpo.com.br\/security\/","logo":{"@type":"ImageObject","inLanguage":"pt-BR","@id":"https:\/\/laadexpo.com.br\/security\/#\/schema\/logo\/image\/","url":"http:\/\/laadexpo1.hospedagemdesites.ws\/security\/wp-content\/uploads\/2023\/08\/logo-laad-security-defence-small.png","contentUrl":"http:\/\/laadexpo1.hospedagemdesites.ws\/security\/wp-content\/uploads\/2023\/08\/logo-laad-security-defence-small.png","width":330,"height":143,"caption":"LAAD Security & Defence"},"image":{"@id":"https:\/\/laadexpo.com.br\/security\/#\/schema\/logo\/image\/"}}]}},"_links":{"self":[{"href":"https:\/\/laadexpo.com.br\/security\/pt\/wp-json\/wp\/v2\/pages\/387"}],"collection":[{"href":"https:\/\/laadexpo.com.br\/security\/pt\/wp-json\/wp\/v2\/pages"}],"about":[{"href":"https:\/\/laadexpo.com.br\/security\/pt\/wp-json\/wp\/v2\/types\/page"}],"author":[{"embeddable":true,"href":"https:\/\/laadexpo.com.br\/security\/pt\/wp-json\/wp\/v2\/users\/2"}],"replies":[{"embeddable":true,"href":"https:\/\/laadexpo.com.br\/security\/pt\/wp-json\/wp\/v2\/comments?post=387"}],"version-history":[{"count":17,"href":"https:\/\/laadexpo.com.br\/security\/pt\/wp-json\/wp\/v2\/pages\/387\/revisions"}],"predecessor-version":[{"id":1097,"href":"https:\/\/laadexpo.com.br\/security\/pt\/wp-json\/wp\/v2\/pages\/387\/revisions\/1097"}],"wp:attachment":[{"href":"https:\/\/laadexpo.com.br\/security\/pt\/wp-json\/wp\/v2\/media?parent=387"}],"curies":[{"name":"wp","href":"https:\/\/api.w.org\/{rel}","templated":true}]}}